{"id":790,"date":"2015-07-15T13:06:00","date_gmt":"2015-07-15T11:06:00","guid":{"rendered":"http:\/\/www.srmbologna.it\/?page_id=790"},"modified":"2015-09-09T11:07:42","modified_gmt":"2015-09-09T09:07:42","slug":"inmosion","status":"publish","type":"page","link":"https:\/\/srmbologna.it\/?page_id=790","title":{"rendered":"InMoSion"},"content":{"rendered":"<p><a href=\"https:\/\/srmbologna.it\/wp-content\/uploads\/2013\/12\/EU_logo_inmosion.jpg\"><img loading=\"lazy\" decoding=\"async\" class=\" size-full wp-image-706 alignleft\" src=\"https:\/\/srmbologna.it\/wp-content\/uploads\/2013\/12\/EU_logo_inmosion.jpg\" alt=\"EU_logo_inmosion\" width=\"300\" height=\"150\" \/><\/a>Il progetto InMoSion (Science Shop for Innovative Mobility Solutions for Mobility Challenged<\/p>\n<p>Europeans \u2013 \u201cNegozio scientifico\u201d per soluzioni innovative di mobilit\u00e0 per Europei in sfida con la mobilit\u00e0) \u00e8 finalizzato a sviluppare lo studio e l\u2019implementazione di un sistema di trasporto flessibile e tecnologicamente avanzato che si basa sui servizi a richiesta, detti anche \u201cparatransit\u201d. Il negozio scientifico di InMoSion sar\u00e0 istituito presso\u00a0 l&#8217;Universit\u00e0 della Tessaglia a Volos, Grecia, e offrir\u00e0 sostegno alle comunit\u00e0 che, in tutta Europa, desiderano studiare la possibile applicazione di un sistema di paratransit a richiesta.<\/p>\n<p>Lo sviluppo congiunto del software con SRM ha permesso l\u2019installazione di una piattaforma di prenotazione anche presso l\u2019agenzia, a disposizione dei gestori che vorranno testarne le funzionalit\u00e0.<\/p>\n<p>Durata : 1\/1\/2007-30\/06\/2009<\/p>\n<p>Il progetto ha un costo complessivo di \u20ac 395.000 che saranno finanziati da un minimo del 50% ad un massimo del 100% secondo le categorie di attivit\u00e0.<\/p>\n<p>SRM ha previsto attivit\u00e0 per \u20ac 50.000, finanziati al 100%.<\/p>\n<div class=\"pdfprnt-buttons pdfprnt-buttons-page pdfprnt-bottom-right\"><a href=\"https:\/\/srmbologna.it\/index.php?rest_route=%2Fwp%2Fv2%2Fpages%2F790&print=pdf\" class=\"pdfprnt-button pdfprnt-button-pdf\" target=\"_blank\" ><img decoding=\"async\" src=\"https:\/\/www.srmbologna.it\/wp-content\/plugins\/pdf-print\/images\/pdf.png\" alt=\"image_pdf\" title=\"Visualizza PDF\" \/><\/a><a href=\"https:\/\/srmbologna.it\/index.php?rest_route=%2Fwp%2Fv2%2Fpages%2F790&print=print\" class=\"pdfprnt-button pdfprnt-button-print\" target=\"_blank\" ><img decoding=\"async\" src=\"https:\/\/www.srmbologna.it\/wp-content\/plugins\/pdf-print\/images\/print.png\" alt=\"image_print\" title=\"Stampa contenuto\" \/><\/a><\/div>","protected":false},"excerpt":{"rendered":"<p>Il progetto InMoSion (Science Shop for Innovative Mobility Solutions for Mobility Challenged Europeans \u2013 \u201cNegozio scientifico\u201d per soluzioni innovative di mobilit\u00e0 per Europei in sfida con la mobilit\u00e0) \u00e8 finalizzato a sviluppare lo studio e l\u2019implementazione di un sistema di trasporto flessibile e tecnologicamente avanzato che si basa sui servizi a richiesta, detti anche \u201cparatransit\u201d. [&hellip;]<\/p>\n","protected":false},"author":2,"featured_media":0,"parent":510,"menu_order":0,"comment_status":"closed","ping_status":"closed","template":"","meta":{"_monsterinsights_skip_tracking":false,"_monsterinsights_sitenote_active":false,"_monsterinsights_sitenote_note":"","_monsterinsights_sitenote_category":0,"footnotes":""},"class_list":["post-790","page","type-page","status-publish","czr-hentry"],"_links":{"self":[{"href":"https:\/\/srmbologna.it\/index.php?rest_route=\/wp\/v2\/pages\/790","targetHints":{"allow":["GET"]}}],"collection":[{"href":"https:\/\/srmbologna.it\/index.php?rest_route=\/wp\/v2\/pages"}],"about":[{"href":"https:\/\/srmbologna.it\/index.php?rest_route=\/wp\/v2\/types\/page"}],"author":[{"embeddable":true,"href":"https:\/\/srmbologna.it\/index.php?rest_route=\/wp\/v2\/users\/2"}],"replies":[{"embeddable":true,"href":"https:\/\/srmbologna.it\/index.php?rest_route=%2Fwp%2Fv2%2Fcomments&post=790"}],"version-history":[{"count":1,"href":"https:\/\/srmbologna.it\/index.php?rest_route=\/wp\/v2\/pages\/790\/revisions"}],"predecessor-version":[{"id":791,"href":"https:\/\/srmbologna.it\/index.php?rest_route=\/wp\/v2\/pages\/790\/revisions\/791"}],"up":[{"embeddable":true,"href":"https:\/\/srmbologna.it\/index.php?rest_route=\/wp\/v2\/pages\/510"}],"wp:attachment":[{"href":"https:\/\/srmbologna.it\/index.php?rest_route=%2Fwp%2Fv2%2Fmedia&parent=790"}],"curies":[{"name":"wp","href":"https:\/\/api.w.org\/{rel}","templated":true}]}}