{"id":7594,"date":"2023-04-03T16:55:15","date_gmt":"2023-04-03T14:55:15","guid":{"rendered":"https:\/\/www.srmbologna.it\/?page_id=7594"},"modified":"2025-04-23T09:43:17","modified_gmt":"2025-04-23T07:43:17","slug":"dream_pace","status":"publish","type":"page","link":"https:\/\/srmbologna.it\/?page_id=7594","title":{"rendered":"DREAM_PACE"},"content":{"rendered":"<p><a href=\"https:\/\/www.interreg-central.eu\/projects\/dream-pace\/\" target=\"_blank\" rel=\"noopener\"><img loading=\"lazy\" decoding=\"async\" class=\"size-medium wp-image-7593 alignleft\" src=\"https:\/\/srmbologna.it\/wp-content\/uploads\/2023\/04\/DREAM_PACE_Logo_Standard_small-300x128.png\" alt=\"\" width=\"300\" height=\"128\" srcset=\"https:\/\/srmbologna.it\/wp-content\/uploads\/2023\/04\/DREAM_PACE_Logo_Standard_small-300x128.png 300w, https:\/\/srmbologna.it\/wp-content\/uploads\/2023\/04\/DREAM_PACE_Logo_Standard_small.png 628w\" sizes=\"auto, (max-width: 300px) 100vw, 300px\" \/><\/a><\/p>\n<p><strong>D<\/strong>emand\u00a0<strong>RE<\/strong>sponsive tr<strong>A<\/strong>nsport integrating regional\u00a0<strong>M<\/strong>obility networks for\u00a0<strong>PA<\/strong>ssengers in\u00a0<strong>C<\/strong>entral\u00a0<strong>E<\/strong>urope<\/p>\n<p>Durata: 01\/03\/2023 \u2013 01\/02\/2026<\/p>\n<p><a href=\"https:\/\/www.interreg-central.eu\/projects\/dream-pace\/\" target=\"_blank\" rel=\"noopener\">www.interreg-central.eu\/projects\/dream-pace\/<\/a><\/p>\n<p>&nbsp;<\/p>\n<p>CUP F89I23000140007<br \/>\nImporto totale del finanziamento: Budget complessivo di progetto: \u20ac 2.821.943 (di cui finanziamento EU FESR per l&#8217;intero progetto: \u20ac 2.257.554), Budget per SRM: \u20ac 361.105 (di cui cofinanziamento nazionale: \u20ac 72.221)<br \/>\nFonti finanziarie SRM: 80% ERDF Interreg Central Europe Programme 2021-2027, 20% Fondo di Rotazione nazionale<\/p>\n<p>Data di avvio del progetto: 1\u00b0 marzo 2023<br \/>\nStato di attuazione finanziario e procedurale: In corso<\/p>\n<p>&nbsp;<\/p>\n<p>Il territorio dell&#8217;Europa centrale \u00e8 caratterizzato da connessioni e servizi di mobilit\u00e0 disomogenei, tra regioni e all&#8217;interno delle regioni, tra contesti urbanizzati e aree rurali e periferiche. La sfida comune del progetto \u00e8 migliorare l&#8217;accessibilit\u00e0 e le connessioni nelle aree periferiche e rurali dell&#8217;Europa centrale attraverso una migliore integrazione delle reti di trasporto pubblico con i servizi di trasporto a chiamata (DRT), basandosi sullo sviluppo e l&#8217;attuazione congiunti di governance, pianificazione e di innovazioni digitali e operative.<\/p>\n<p>DREAM_PACE svilupper\u00e0 un concetto di DRT innovativi che integrino le reti di mobilit\u00e0 regionale. Il progetto migliorer\u00e0 la pianificazione dei DRT e la loro erogazione da parte delle Authority e degli operatori. Una nuova generazione di servizi DRT diventer\u00e0 parte integrante e funzionale delle reti di mobilit\u00e0 regionale, migliorando l&#8217;accessibilit\u00e0 per i cittadini, la coesione territoriale e l&#8217;inclusione sociale. L&#8217;integrazione \u00e8 la chiave dell&#8217;approccio innovativo di DREAM_PACE, poich\u00e9 i servizi DRT sono per lo pi\u00f9 sviluppati come soluzioni autonome per esigenze specifiche e il potenziale di strategie e soluzioni scalabili \u00e8 ampiamente sottovalutato.<br \/>\nI partner svilupperanno congiuntamente una strategia per i DRT nei Piani Urbani della Mobilit\u00e0 Sostenibile da adottare a livello dell&#8217;Unione Europea, co-progetteranno, testeranno e implementeranno soluzioni DRT innovative che miglioreranno le reti di mobilit\u00e0. Strategie e soluzioni favoriranno una migliore integrazione dei DRT e del trasporto pubblico (nelle aree di Bologna, Pavia e Budapest), sosterranno un maggiore coordinamento tra le iniziative DRT esistenti (Osttirol, Baden-Wuerttenberg) e sperimenteranno nuovi approcci integrati per i \u201c<em>greenfields<\/em>\u201d dei DRT (Split-Contea di Dalmazia).<\/p>\n<p>DREAM_PACE sfrutter\u00e0 il potenziale della pianificazione integrata e delle innovazioni digitali e operative per una strategia comune e svilupper\u00e0 innovative soluzioni modulari di DRT. L&#8217;attuazione del progetto si basa sulla cooperazione transnazionale per garantire un&#8217;adeguata reattivit\u00e0 e adattabilit\u00e0 dei risultati del progetto alle caratteristiche specifiche degli ecosistemi di mobilit\u00e0 nelle aree rurali e periferiche dell&#8217;Europa centrale.<\/p>\n<p>&nbsp;<\/p>\n<div class=\"pdfprnt-buttons pdfprnt-buttons-page pdfprnt-bottom-right\"><a href=\"https:\/\/srmbologna.it\/index.php?rest_route=%2Fwp%2Fv2%2Fpages%2F7594&print=pdf\" class=\"pdfprnt-button pdfprnt-button-pdf\" target=\"_blank\" ><img decoding=\"async\" src=\"https:\/\/www.srmbologna.it\/wp-content\/plugins\/pdf-print\/images\/pdf.png\" alt=\"image_pdf\" title=\"Visualizza PDF\" \/><\/a><a href=\"https:\/\/srmbologna.it\/index.php?rest_route=%2Fwp%2Fv2%2Fpages%2F7594&print=print\" class=\"pdfprnt-button pdfprnt-button-print\" target=\"_blank\" ><img decoding=\"async\" src=\"https:\/\/www.srmbologna.it\/wp-content\/plugins\/pdf-print\/images\/print.png\" alt=\"image_print\" title=\"Stampa contenuto\" \/><\/a><\/div>","protected":false},"excerpt":{"rendered":"<p>Demand\u00a0REsponsive trAnsport integrating regional\u00a0Mobility networks for\u00a0PAssengers in\u00a0Central\u00a0Europe Durata: 01\/03\/2023 \u2013 01\/02\/2026 www.interreg-central.eu\/projects\/dream-pace\/ &nbsp; CUP F89I23000140007 Importo totale del finanziamento: Budget complessivo di progetto: \u20ac 2.821.943 (di cui finanziamento EU FESR per l&#8217;intero progetto: \u20ac 2.257.554), Budget per SRM: \u20ac 361.105 (di cui cofinanziamento nazionale: \u20ac 72.221) Fonti finanziarie SRM: 80% ERDF Interreg Central Europe Programme [&hellip;]<\/p>\n","protected":false},"author":2,"featured_media":0,"parent":56,"menu_order":0,"comment_status":"closed","ping_status":"closed","template":"","meta":{"_monsterinsights_skip_tracking":false,"_monsterinsights_sitenote_active":false,"_monsterinsights_sitenote_note":"","_monsterinsights_sitenote_category":0,"footnotes":""},"class_list":["post-7594","page","type-page","status-publish","czr-hentry"],"_links":{"self":[{"href":"https:\/\/srmbologna.it\/index.php?rest_route=\/wp\/v2\/pages\/7594","targetHints":{"allow":["GET"]}}],"collection":[{"href":"https:\/\/srmbologna.it\/index.php?rest_route=\/wp\/v2\/pages"}],"about":[{"href":"https:\/\/srmbologna.it\/index.php?rest_route=\/wp\/v2\/types\/page"}],"author":[{"embeddable":true,"href":"https:\/\/srmbologna.it\/index.php?rest_route=\/wp\/v2\/users\/2"}],"replies":[{"embeddable":true,"href":"https:\/\/srmbologna.it\/index.php?rest_route=%2Fwp%2Fv2%2Fcomments&post=7594"}],"version-history":[{"count":9,"href":"https:\/\/srmbologna.it\/index.php?rest_route=\/wp\/v2\/pages\/7594\/revisions"}],"predecessor-version":[{"id":9557,"href":"https:\/\/srmbologna.it\/index.php?rest_route=\/wp\/v2\/pages\/7594\/revisions\/9557"}],"up":[{"embeddable":true,"href":"https:\/\/srmbologna.it\/index.php?rest_route=\/wp\/v2\/pages\/56"}],"wp:attachment":[{"href":"https:\/\/srmbologna.it\/index.php?rest_route=%2Fwp%2Fv2%2Fmedia&parent=7594"}],"curies":[{"name":"wp","href":"https:\/\/api.w.org\/{rel}","templated":true}]}}