{"id":7452,"date":"2023-01-31T15:26:22","date_gmt":"2023-01-31T14:26:22","guid":{"rendered":"https:\/\/www.srmbologna.it\/?page_id=7452"},"modified":"2025-04-30T08:55:45","modified_gmt":"2025-04-30T06:55:45","slug":"spine","status":"publish","type":"page","link":"https:\/\/srmbologna.it\/?page_id=7452","title":{"rendered":"SPINE"},"content":{"rendered":"<p><img loading=\"lazy\" decoding=\"async\" class=\"size-medium wp-image-9577 alignleft\" src=\"https:\/\/srmbologna.it\/wp-content\/uploads\/2025\/04\/SPINE-logo-1-300x173.png\" alt=\"\" width=\"300\" height=\"173\" srcset=\"https:\/\/srmbologna.it\/wp-content\/uploads\/2025\/04\/SPINE-logo-1-300x173.png 300w, https:\/\/srmbologna.it\/wp-content\/uploads\/2025\/04\/SPINE-logo-1.png 400w\" sizes=\"auto, (max-width: 300px) 100vw, 300px\" \/><br \/>\n<strong>SPINE &#8211; Smart Public transport Initiatives for climate Neutral cities in Europe<\/strong><\/p>\n<p><strong>Durata progetto: Gennaio 2023 &#8211; Dicembre 2026<\/strong><\/p>\n<p><a href=\"https:\/\/www.spine-project.eu\/\" target=\"_blank\" rel=\"noopener\">https:\/\/www.spine-project.eu\/<\/a><\/p>\n<p>&nbsp;<\/p>\n<p>&nbsp;<\/p>\n<p>CUP F39I23000040006<br \/>\nImporto totale del finanziamento SRM: \u20ac 262.500,00 (budget totale \u20ac 375.000,00, di cui \u20ac 112.500,00 coperto con fonti proprie)<\/p>\n<p>Fonti finanziarie: 70% Horizon Europe Research and Innovation Programme 2021-2027, 30% fonti proprie<br \/>\nData di avvio del progetto: 1\u00b0 gennaio 2023<br \/>\nStato di attuazione finanziario e procedurale: In corso<\/p>\n<p>&nbsp;<\/p>\n<p>SPINE ha l&#8217;obiettivo di accelerare i progressi verso la neutralit\u00e0 climatica attraverso il rafforzamento dei sistemi di trasporto pubblico, perseguendo la loro integrazione con nuovi servizi di mobilit\u00e0, anche condivisa, modalit\u00e0 di trasporto attivo e micromobilit\u00e0. A tal fine, SPINE adotta un approccio progettuale incentrato sull&#8217;equit\u00e0, guidando la transizione verso un sistema di trasporto pubblico pi\u00f9 efficiente, sostenibile, resiliente e inclusivo.<br \/>\nSPINE stabilisce un piano molto ambizioso per la co-progettazione e l&#8217;implementazione di 55 soluzioni di mobilit\u00e0 inclusiva smart green. Il progetto svilupper\u00e0 una rete di Living Lab che collaboreranno al fine di garantire la trasferibilit\u00e0 delle misure implementate, al contempo garantendo il soddisfacimento delle esigenze degli utenti del sistema di trasporto.<br \/>\nI Living Lab verranno creati in quattro citt\u00e0 leader (Lead City): Anversa (BE), Bologna (IT), Tallin (EE) e Las Palmas (ES); in essi si svolgeranno una serie di attivit\u00e0 di co-creazione in cui pi\u00f9 parti interessate saranno attivamente impegnate nello sviluppo e nella dimostrazione di soluzioni di mobilit\u00e0 innovativa, efficiente, replicabile, e socialmente accettabile, valorizzando le risorse esistenti. L&#8217;approccio SPINE prevede anche la creazione di: (a) strumenti innovativi di simulazione e Digital Twining (DT) che, con dati aperti e modelli comportamentali, consentiranno la costruzione di scenari che combinano diversi interventi di mobilit\u00e0 (misure push and pull insieme a politiche di supporto) e l&#8217;implementazione di quelli pi\u00f9 promettenti; (b) modelli di valutazione dell&#8217;impatto basati sui dati che favoriranno il gemellaggio, la trasferibilit\u00e0 e l&#8217;adattamento delle soluzioni di successo dei quattro LL in sette citt\u00e0 gemellate: Barreiro (PT), Valladolid (ES), Zilina (SK), Sibenik (HR), Heraklion (EL), Gdynia (PL) e Rouen (FR).<br \/>\nIl consorzio SPINE riunisce un team multidisciplinare di 39 partner provenienti da 16 paesi. Il mix unico di esperti ingegneri dei trasporti, operatori di trasporto pubblico, informatici, analisti di dati, modellatori dei trasporti, scienziati sociali, urbanisti, analisti politici, fornitori di software, presente all&#8217;interno del consorzio assicura un approccio globale di SPINE alle sfide della mobilit\u00e0, garantendo contestualmente l&#8217;impatto positivo delle misure adottate e il raggiungimento degli obiettivi del progetto.<\/p>\n<div class=\"pdfprnt-buttons pdfprnt-buttons-page pdfprnt-bottom-right\"><a href=\"https:\/\/srmbologna.it\/index.php?rest_route=%2Fwp%2Fv2%2Fpages%2F7452&print=pdf\" class=\"pdfprnt-button pdfprnt-button-pdf\" target=\"_blank\" ><img decoding=\"async\" src=\"https:\/\/www.srmbologna.it\/wp-content\/plugins\/pdf-print\/images\/pdf.png\" alt=\"image_pdf\" title=\"Visualizza PDF\" \/><\/a><a href=\"https:\/\/srmbologna.it\/index.php?rest_route=%2Fwp%2Fv2%2Fpages%2F7452&print=print\" class=\"pdfprnt-button pdfprnt-button-print\" target=\"_blank\" ><img decoding=\"async\" src=\"https:\/\/www.srmbologna.it\/wp-content\/plugins\/pdf-print\/images\/print.png\" alt=\"image_print\" title=\"Stampa contenuto\" \/><\/a><\/div>","protected":false},"excerpt":{"rendered":"<p>SPINE &#8211; Smart Public transport Initiatives for climate Neutral cities in Europe Durata progetto: Gennaio 2023 &#8211; Dicembre 2026 https:\/\/www.spine-project.eu\/ &nbsp; &nbsp; CUP F39I23000040006 Importo totale del finanziamento SRM: \u20ac 262.500,00 (budget totale \u20ac 375.000,00, di cui \u20ac 112.500,00 coperto con fonti proprie) Fonti finanziarie: 70% Horizon Europe Research and Innovation Programme 2021-2027, 30% fonti [&hellip;]<\/p>\n","protected":false},"author":2,"featured_media":0,"parent":56,"menu_order":0,"comment_status":"closed","ping_status":"closed","template":"","meta":{"_monsterinsights_skip_tracking":false,"_monsterinsights_sitenote_active":false,"_monsterinsights_sitenote_note":"","_monsterinsights_sitenote_category":0,"footnotes":""},"class_list":["post-7452","page","type-page","status-publish","czr-hentry"],"_links":{"self":[{"href":"https:\/\/srmbologna.it\/index.php?rest_route=\/wp\/v2\/pages\/7452","targetHints":{"allow":["GET"]}}],"collection":[{"href":"https:\/\/srmbologna.it\/index.php?rest_route=\/wp\/v2\/pages"}],"about":[{"href":"https:\/\/srmbologna.it\/index.php?rest_route=\/wp\/v2\/types\/page"}],"author":[{"embeddable":true,"href":"https:\/\/srmbologna.it\/index.php?rest_route=\/wp\/v2\/users\/2"}],"replies":[{"embeddable":true,"href":"https:\/\/srmbologna.it\/index.php?rest_route=%2Fwp%2Fv2%2Fcomments&post=7452"}],"version-history":[{"count":5,"href":"https:\/\/srmbologna.it\/index.php?rest_route=\/wp\/v2\/pages\/7452\/revisions"}],"predecessor-version":[{"id":9578,"href":"https:\/\/srmbologna.it\/index.php?rest_route=\/wp\/v2\/pages\/7452\/revisions\/9578"}],"up":[{"embeddable":true,"href":"https:\/\/srmbologna.it\/index.php?rest_route=\/wp\/v2\/pages\/56"}],"wp:attachment":[{"href":"https:\/\/srmbologna.it\/index.php?rest_route=%2Fwp%2Fv2%2Fmedia&parent=7452"}],"curies":[{"name":"wp","href":"https:\/\/api.w.org\/{rel}","templated":true}]}}