{"id":6681,"date":"2022-02-15T16:15:42","date_gmt":"2022-02-15T15:15:42","guid":{"rendered":"https:\/\/www.srmbologna.it\/?page_id=6681"},"modified":"2025-05-30T08:57:41","modified_gmt":"2025-05-30T06:57:41","slug":"collegio-sindacale","status":"publish","type":"page","link":"https:\/\/srmbologna.it\/?page_id=6681","title":{"rendered":"Collegio Sindacale"},"content":{"rendered":"<p><strong>Organi di revisione amministrativa e contabile<\/strong><\/p>\n<p>Il Collegio sindacale \u00e8 composto da tre sindaci effettivi e due supplenti ed \u00e8 nominato ai sensi dell\u2019art. 2449 c.c.. Al Comune di Bologna \u00e8 riservata la nomina di due sindaci effettivi e di un sindaco supplente. Alla Citt\u00e0 Metropolitana di Bologna \u00e8 riservata la nomina di un sindaco effettivo e di un sindaco supplente (art. 25 dello statuto). L\u00b4attuale Collegio sindacale, insediato a seguito dell&#8217;Assemblea dei soci del 15 luglio 2024, rester\u00e0 in carica per un triennio, sino all\u2019approvazione del bilancio relativo all\u2019esercizio 2026. Ad esso \u00e8 affidata la revisione legale dei conti, ai sensi dell\u2019art. 23 dello statuto sociale.<\/p>\n<p><a href=\"https:\/\/www.srmbologna.it\/?page_id=6338\">Dott. Sergio Graziosi<\/a>\u00a0&#8211;\u00a0Presidente del Collegio Sindacale<\/p>\n<p><a href=\"https:\/\/www.srmbologna.it\/?page_id=6340\">Dott.ssa Patrizia Preti<\/a>\u00a0&#8211; Sindaco Effettivo<\/p>\n<p><a href=\"https:\/\/www.srmbologna.it\/?page_id=6342\">Dott. Pietro Bufano<\/a>\u00a0&#8211;\u00a0Sindaco Effettivo<\/p>\n<p><a href=\"https:\/\/www.srmbologna.it\/?page_id=6344\">Dott.ssa Maria Angela Conti<\/a>\u00a0&#8211;\u00a0Sindaco Supplente<\/p>\n<p><a href=\"https:\/\/www.srmbologna.it\/?page_id=6346\">Dott. Francesco Dal Monte<\/a>\u00a0&#8211;\u00a0Incarico: Sindaco Supplente<\/p>\n<p style=\"text-align: right;\">Data ultimo aggiornamento: 30.05.2025<\/p>\n<p style=\"text-align: right;\">Data monitoraggio RT: 30.05.2025<\/p>\n<div class=\"pdfprnt-buttons pdfprnt-buttons-page pdfprnt-bottom-right\"><a href=\"https:\/\/srmbologna.it\/index.php?rest_route=%2Fwp%2Fv2%2Fpages%2F6681&print=pdf\" class=\"pdfprnt-button pdfprnt-button-pdf\" target=\"_blank\" ><img decoding=\"async\" src=\"https:\/\/www.srmbologna.it\/wp-content\/plugins\/pdf-print\/images\/pdf.png\" alt=\"image_pdf\" title=\"Visualizza PDF\" \/><\/a><a href=\"https:\/\/srmbologna.it\/index.php?rest_route=%2Fwp%2Fv2%2Fpages%2F6681&print=print\" class=\"pdfprnt-button pdfprnt-button-print\" target=\"_blank\" ><img decoding=\"async\" src=\"https:\/\/www.srmbologna.it\/wp-content\/plugins\/pdf-print\/images\/print.png\" alt=\"image_print\" title=\"Stampa contenuto\" \/><\/a><\/div>","protected":false},"excerpt":{"rendered":"<p>Organi di revisione amministrativa e contabile Il Collegio sindacale \u00e8 composto da tre sindaci effettivi e due supplenti ed \u00e8 nominato ai sensi dell\u2019art. 2449 c.c.. Al Comune di Bologna \u00e8 riservata la nomina di due sindaci effettivi e di un sindaco supplente. Alla Citt\u00e0 Metropolitana di Bologna \u00e8 riservata la nomina di un sindaco [&hellip;]<\/p>\n","protected":false},"author":2,"featured_media":0,"parent":3669,"menu_order":0,"comment_status":"closed","ping_status":"closed","template":"","meta":{"_monsterinsights_skip_tracking":false,"_monsterinsights_sitenote_active":false,"_monsterinsights_sitenote_note":"","_monsterinsights_sitenote_category":0,"footnotes":""},"class_list":["post-6681","page","type-page","status-publish","czr-hentry"],"_links":{"self":[{"href":"https:\/\/srmbologna.it\/index.php?rest_route=\/wp\/v2\/pages\/6681","targetHints":{"allow":["GET"]}}],"collection":[{"href":"https:\/\/srmbologna.it\/index.php?rest_route=\/wp\/v2\/pages"}],"about":[{"href":"https:\/\/srmbologna.it\/index.php?rest_route=\/wp\/v2\/types\/page"}],"author":[{"embeddable":true,"href":"https:\/\/srmbologna.it\/index.php?rest_route=\/wp\/v2\/users\/2"}],"replies":[{"embeddable":true,"href":"https:\/\/srmbologna.it\/index.php?rest_route=%2Fwp%2Fv2%2Fcomments&post=6681"}],"version-history":[{"count":13,"href":"https:\/\/srmbologna.it\/index.php?rest_route=\/wp\/v2\/pages\/6681\/revisions"}],"predecessor-version":[{"id":9768,"href":"https:\/\/srmbologna.it\/index.php?rest_route=\/wp\/v2\/pages\/6681\/revisions\/9768"}],"up":[{"embeddable":true,"href":"https:\/\/srmbologna.it\/index.php?rest_route=\/wp\/v2\/pages\/3669"}],"wp:attachment":[{"href":"https:\/\/srmbologna.it\/index.php?rest_route=%2Fwp%2Fv2%2Fmedia&parent=6681"}],"curies":[{"name":"wp","href":"https:\/\/api.w.org\/{rel}","templated":true}]}}