{"id":59,"date":"2013-12-07T17:59:36","date_gmt":"2013-12-07T16:59:36","guid":{"rendered":"http:\/\/www.srmbologna.it\/?page_id=59"},"modified":"2015-09-09T11:07:14","modified_gmt":"2015-09-09T09:07:14","slug":"progetto-epta","status":"publish","type":"page","link":"https:\/\/srmbologna.it\/?page_id=59","title":{"rendered":"EPTA"},"content":{"rendered":"<p><a href=\"https:\/\/srmbologna.it\/wp-content\/uploads\/2013\/12\/EU_logo_epta.jpg\"><img loading=\"lazy\" decoding=\"async\" class=\" size-full wp-image-704 alignleft\" src=\"https:\/\/srmbologna.it\/wp-content\/uploads\/2013\/12\/EU_logo_epta.jpg\" alt=\"EU_logo_epta\" width=\"300\" height=\"150\" \/><\/a><\/p>\n<p><strong><a href=\"http:\/\/www.eptaproject.eu\/\" target=\"_blank\">http:\/\/www.eptaproject.eu\/<\/a><\/strong><\/p>\n<p>In tutta Europa, le Autorit\u00e0 del trasporto pubblico si stanno organizzando per meglio rispondere alle esigenze del nuovo quadro regolamentare da applicare al settore. Il progetto EPTA \u00e8 stato proposto per studiare il contesto istituzionale locale, concentrandosi sulle Autorit\u00e0 per il trasporto pubblico locale o le Agenzie per la Mobilit\u00e0.<\/p>\n<p>L\u2019Unione Europea ha fissato obiettivi politici per rendere pi\u00f9 sostenibile il sistema dei trasporti. La complessit\u00e0 di soddisfare le esigenze di mobilit\u00e0 dei cittadini richiede una visione chiara e un approccio efficace e coordinato.<\/p>\n<p>\u00c8\u00a0importante per i decisori politici e gli amministratori locali poter coordinare le competenze dei diversi portatori di interessi, a diversi livelli, attraverso un chiaro quadro politico di riferimento. Per accrescere la sostenibilit\u00e0 del trasporto pubblico, con specifiche azioni mirate, sono stati adottati diversi approcci, tra i quali anche la creazione di apposite <em>Authority<\/em>.<\/p>\n<p>Un struttura efficiente, efficace e di elevata qualit\u00e0 \u00e8 strategica per la gestione del trasporto pubblico: le Authority sono parte della soluzione.<\/p>\n<p>Il progetto EPTA definisce e analizza il quadro istituzionale all\u2019interno del quale si svolgono le 7 funzioni strategiche relative alla <em>governance<\/em> del settore trasporti: regolazione, pianificazione, affidamento, integrazione, promozione, gestione e controllo.<\/p>\n<p>Alcuni partner del progetto Flipper hanno contribuito con la loro esperienza, mentre altri partner son stati supportati nel compiere studi di fattibilit\u00e0 incentrati sulle attivit\u00e0 suddette.<br \/>\nGli 11 partner partecipanti al progetto EPTA sono:<\/p>\n<ul>\n<li>SRM &#8211; Reti e Mobilit\u00e0, Italia (Lead partner)<\/li>\n<li>Regione Emilia-Romagna, Italia<\/li>\n<li>Almada City Council, Portogallo<\/li>\n<li>Rogaland County Council, Norvegia<\/li>\n<li>The University Court of The University of Aberdeen, Regno Unito<\/li>\n<li>POLIS, Belgio<\/li>\n<li>Razlog Municipality, Bulgaria<\/li>\n<li>Brasov Metropolitan Agency, Romania<\/li>\n<li>The PTA \u2013 Thessaloniki Public Transport Authority, Grecia<\/li>\n<li>ALOT, Italia<\/li>\n<li>Municipality Council Praha \u2013 Suchdol, Repubblica Ceca<\/li>\n<\/ul>\n<p>Grant agreement: 1241R4 Interreg IVC<\/p>\n<p>Durata: 01\/01\/12 \u2013 30\/06\/14<\/p>\n<p>Il costo complessivo del progetto \u00e8 pari a \u20ac 1.346.448.<\/p>\n<p>&nbsp;<\/p>\n<p>&nbsp;<\/p>\n<p>&nbsp;<\/p>\n<p>&nbsp;<\/p>\n<p>&nbsp;<\/p>\n<p>&nbsp;<\/p>\n<div class=\"pdfprnt-buttons pdfprnt-buttons-page pdfprnt-bottom-right\"><a href=\"https:\/\/srmbologna.it\/index.php?rest_route=%2Fwp%2Fv2%2Fpages%2F59&print=pdf\" class=\"pdfprnt-button pdfprnt-button-pdf\" target=\"_blank\" ><img decoding=\"async\" src=\"https:\/\/www.srmbologna.it\/wp-content\/plugins\/pdf-print\/images\/pdf.png\" alt=\"image_pdf\" title=\"Visualizza PDF\" \/><\/a><a href=\"https:\/\/srmbologna.it\/index.php?rest_route=%2Fwp%2Fv2%2Fpages%2F59&print=print\" class=\"pdfprnt-button pdfprnt-button-print\" target=\"_blank\" ><img decoding=\"async\" src=\"https:\/\/www.srmbologna.it\/wp-content\/plugins\/pdf-print\/images\/print.png\" alt=\"image_print\" title=\"Stampa contenuto\" \/><\/a><\/div>","protected":false},"excerpt":{"rendered":"<p>http:\/\/www.eptaproject.eu\/ In tutta Europa, le Autorit\u00e0 del trasporto pubblico si stanno organizzando per meglio rispondere alle esigenze del nuovo quadro regolamentare da applicare al settore. Il progetto EPTA \u00e8 stato proposto per studiare il contesto istituzionale locale, concentrandosi sulle Autorit\u00e0 per il trasporto pubblico locale o le Agenzie per la Mobilit\u00e0. L\u2019Unione Europea ha fissato [&hellip;]<\/p>\n","protected":false},"author":2,"featured_media":0,"parent":56,"menu_order":1,"comment_status":"closed","ping_status":"closed","template":"","meta":{"_monsterinsights_skip_tracking":false,"_monsterinsights_sitenote_active":false,"_monsterinsights_sitenote_note":"","_monsterinsights_sitenote_category":0,"footnotes":""},"class_list":["post-59","page","type-page","status-publish","czr-hentry"],"_links":{"self":[{"href":"https:\/\/srmbologna.it\/index.php?rest_route=\/wp\/v2\/pages\/59","targetHints":{"allow":["GET"]}}],"collection":[{"href":"https:\/\/srmbologna.it\/index.php?rest_route=\/wp\/v2\/pages"}],"about":[{"href":"https:\/\/srmbologna.it\/index.php?rest_route=\/wp\/v2\/types\/page"}],"author":[{"embeddable":true,"href":"https:\/\/srmbologna.it\/index.php?rest_route=\/wp\/v2\/users\/2"}],"replies":[{"embeddable":true,"href":"https:\/\/srmbologna.it\/index.php?rest_route=%2Fwp%2Fv2%2Fcomments&post=59"}],"version-history":[{"count":10,"href":"https:\/\/srmbologna.it\/index.php?rest_route=\/wp\/v2\/pages\/59\/revisions"}],"predecessor-version":[{"id":813,"href":"https:\/\/srmbologna.it\/index.php?rest_route=\/wp\/v2\/pages\/59\/revisions\/813"}],"up":[{"embeddable":true,"href":"https:\/\/srmbologna.it\/index.php?rest_route=\/wp\/v2\/pages\/56"}],"wp:attachment":[{"href":"https:\/\/srmbologna.it\/index.php?rest_route=%2Fwp%2Fv2%2Fmedia&parent=59"}],"curies":[{"name":"wp","href":"https:\/\/api.w.org\/{rel}","templated":true}]}}