{"id":5898,"date":"2021-02-15T17:31:46","date_gmt":"2021-02-15T16:31:46","guid":{"rendered":"http:\/\/www.srmbologna.it\/?page_id=5898"},"modified":"2021-12-27T08:45:15","modified_gmt":"2021-12-27T07:45:15","slug":"determine-a-contrarre-2021","status":"publish","type":"page","link":"https:\/\/srmbologna.it\/?page_id=5898","title":{"rendered":"Determine a contrarre 2021"},"content":{"rendered":"<p><strong>Determine a contrarre:<\/strong><\/p>\n<p><a href=\"https:\/\/srmbologna.it\/wp-content\/uploads\/2021\/02\/M_PQ30-01-01-Assicurazione-notebook.pdf\" target=\"_blank\" rel=\"noopener noreferrer\"><img loading=\"lazy\" decoding=\"async\" class=\"alignnone size-full wp-image-3562\" src=\"https:\/\/srmbologna.it\/wp-content\/uploads\/2019\/02\/pdf.png\" alt=\"\" width=\"30\" height=\"34\" \/> 1. ASSICURAZIONE NOTEBOOK<\/a><\/p>\n<p><a href=\"https:\/\/srmbologna.it\/wp-content\/uploads\/2021\/02\/M_PQ30-01-02-Pubblicazione-GURI-e-giornali-2021-e-supporto-tecnico.pdf\" target=\"_blank\" rel=\"noopener noreferrer\"><img loading=\"lazy\" decoding=\"async\" class=\"alignnone size-full wp-image-3562\" src=\"https:\/\/srmbologna.it\/wp-content\/uploads\/2019\/02\/pdf.png\" alt=\"\" width=\"30\" height=\"34\" \/> 2. PUBBLICAZIONE GURI E GIORNALI 2021 E SUPPORTO TECNICO<\/a><\/p>\n<p><a href=\"https:\/\/srmbologna.it\/wp-content\/uploads\/2021\/02\/M_PQ30-01-03-Canoni-Mexal-Arxivar-e-assistenza-tecnica-2021.pdf\" target=\"_blank\" rel=\"noopener noreferrer\"><img loading=\"lazy\" decoding=\"async\" class=\"alignnone size-full wp-image-3562\" src=\"https:\/\/srmbologna.it\/wp-content\/uploads\/2019\/02\/pdf.png\" alt=\"\" width=\"30\" height=\"34\" \/> 3. CANONI MEXAL &#8211; ARXIVAR E ASSISTENZA TECNICA 2021<\/a><\/p>\n<p><a href=\"https:\/\/srmbologna.it\/wp-content\/uploads\/2021\/02\/M_PQ30-01-04-Manutenzione-software-Arianna-Cart.pdf\" target=\"_blank\" rel=\"noopener noreferrer\"><img loading=\"lazy\" decoding=\"async\" class=\"alignnone size-full wp-image-3562\" src=\"https:\/\/srmbologna.it\/wp-content\/uploads\/2019\/02\/pdf.png\" alt=\"\" width=\"30\" height=\"34\" \/> 4. MANUTENZIONE SOFTWARE ARIANNA (CART)<\/a><\/p>\n<p><a href=\"https:\/\/srmbologna.it\/wp-content\/uploads\/2021\/02\/M_PQ30-01-05-Banca-dati-giuridica-2021-2023.pdf\" target=\"_blank\" rel=\"noopener noreferrer\"><img loading=\"lazy\" decoding=\"async\" class=\"alignnone size-full wp-image-3562\" src=\"https:\/\/srmbologna.it\/wp-content\/uploads\/2019\/02\/pdf.png\" alt=\"\" width=\"30\" height=\"34\" \/> 5. BANCA DATI GIURIDICA 2021-2023<\/a><\/p>\n<p><a href=\"https:\/\/srmbologna.it\/wp-content\/uploads\/2021\/04\/M_PQ30-01-06-Piattaforma-gestione-Colbus-SMACKER-2021.pdf\" target=\"_blank\" rel=\"noopener noreferrer\"><img loading=\"lazy\" decoding=\"async\" class=\"alignnone size-full wp-image-3562\" src=\"https:\/\/srmbologna.it\/wp-content\/uploads\/2019\/02\/pdf.png\" alt=\"\" width=\"30\" height=\"34\" \/> 6. PIATTAFORMA GESTIONE COLBUS SMACKER 2021<\/a><\/p>\n<p><a href=\"https:\/\/srmbologna.it\/wp-content\/uploads\/2021\/03\/M_PQ30-01-07-Acquisto-materiale-informatico-2021-2023.pdf\" target=\"_blank\" rel=\"noopener noreferrer\"><img loading=\"lazy\" decoding=\"async\" class=\"alignnone size-full wp-image-3562\" src=\"https:\/\/srmbologna.it\/wp-content\/uploads\/2019\/02\/pdf.png\" alt=\"\" width=\"30\" height=\"34\" \/> 7. ACQUISTO MATERIALE INFORMATICO 2021-2023<\/a><\/p>\n<p><a href=\"https:\/\/srmbologna.it\/wp-content\/uploads\/2021\/03\/M_PQ30-01-08-Acquisto-cancelleria-2021-2023.pdf\" target=\"_blank\" rel=\"noopener noreferrer\"><img loading=\"lazy\" decoding=\"async\" class=\"alignnone size-full wp-image-3562\" src=\"https:\/\/srmbologna.it\/wp-content\/uploads\/2019\/02\/pdf.png\" alt=\"\" width=\"30\" height=\"34\" \/> 8. ACQUISTO CANCELLERIA 2021-2023<\/a><\/p>\n<p><a href=\"https:\/\/srmbologna.it\/wp-content\/uploads\/2021\/04\/M_PQ30-01-09-Adesione-Bologna-Comuni-Ciclabili-2021-2023.pdf\" target=\"_blank\" rel=\"noopener noreferrer\"><img loading=\"lazy\" decoding=\"async\" class=\"alignnone size-full wp-image-3562\" src=\"https:\/\/srmbologna.it\/wp-content\/uploads\/2019\/02\/pdf.png\" alt=\"\" width=\"30\" height=\"34\" \/> 9. ADESIONE COMUNI CICLABILI 2021-2023<\/a><\/p>\n<p><a href=\"https:\/\/srmbologna.it\/wp-content\/uploads\/2021\/04\/M_PQ30-01-10-Acquisto-buoni-pasto-elettronici-2021.pdf\" target=\"_blank\" rel=\"noopener noreferrer\"><img loading=\"lazy\" decoding=\"async\" class=\"alignnone size-full wp-image-3562\" src=\"https:\/\/srmbologna.it\/wp-content\/uploads\/2019\/02\/pdf.png\" alt=\"\" width=\"30\" height=\"34\" \/> 10. ACQUISTO BUONI PASTO ELETTRONICI 2021<\/a><\/p>\n<p><a href=\"https:\/\/srmbologna.it\/wp-content\/uploads\/2021\/04\/M_PQ30-01-11-Revisione-modello-231-e-integrazione-PTPCT-1.pdf\" target=\"_blank\" rel=\"noopener noreferrer\"><img loading=\"lazy\" decoding=\"async\" class=\"alignnone size-full wp-image-3562\" src=\"https:\/\/srmbologna.it\/wp-content\/uploads\/2019\/02\/pdf.png\" alt=\"\" width=\"30\" height=\"34\" \/> 11. REVISIONE MODELLO 231 E INTEGRAZIONE PTPCT<\/a><\/p>\n<p><a href=\"https:\/\/srmbologna.it\/wp-content\/uploads\/2021\/04\/M_PQ30-01-12-Pubblicazione-quotidiani-avvisi-selezione-personale.pdf\" target=\"_blank\" rel=\"noopener noreferrer\"><img loading=\"lazy\" decoding=\"async\" class=\"alignnone size-full wp-image-3562\" src=\"https:\/\/srmbologna.it\/wp-content\/uploads\/2019\/02\/pdf.png\" alt=\"\" width=\"30\" height=\"34\" \/> 12. PUBBLICAZIONE QUOTIDIANI AVVISI SELEZIONE PERSONALE<\/a><\/p>\n<p><a href=\"https:\/\/srmbologna.it\/wp-content\/uploads\/2021\/05\/M_PQ30-01-13-Materiale-grafico-Colbus-progetto-SMACKER.pdf\" target=\"_blank\" rel=\"noopener noreferrer\"><img loading=\"lazy\" decoding=\"async\" class=\"alignnone size-full wp-image-3562\" src=\"https:\/\/srmbologna.it\/wp-content\/uploads\/2019\/02\/pdf.png\" alt=\"\" width=\"30\" height=\"34\" \/> 13. STAMPA DI MATERIALE PROMOZIONALE PER IL SERVIZIO COLBUS<\/a><\/p>\n<p><a href=\"https:\/\/srmbologna.it\/wp-content\/uploads\/2021\/05\/M_PQ30-01-14-Assistenza-hardware-e-software-e-aggiornamento-Telecontrollo.pdf\" target=\"_blank\" rel=\"noopener noreferrer\"><img loading=\"lazy\" decoding=\"async\" class=\"alignnone size-full wp-image-3562\" src=\"https:\/\/srmbologna.it\/wp-content\/uploads\/2019\/02\/pdf.png\" alt=\"\" width=\"30\" height=\"34\" \/> 14. FORNITURA DI ASSISTENZA E MANUTENZIONE HARDWARE E SOFTWARE E ALLINEAMENTO SOFTWARE IMPORTAZIONE DATI TELECONTROLLO<\/a><\/p>\n<p><a href=\"https:\/\/srmbologna.it\/wp-content\/uploads\/2021\/06\/M_PQ30-01-15-Aggiornamento-Arxivar-e-migrazione-Arxivar-e-Mexal-su-nuovo-server-virtuale.pdf\" target=\"_blank\" rel=\"noopener\"><img loading=\"lazy\" decoding=\"async\" class=\"alignnone size-full wp-image-3562\" src=\"https:\/\/srmbologna.it\/wp-content\/uploads\/2019\/02\/pdf.png\" alt=\"\" width=\"30\" height=\"34\" \/> 15. AGGIORNAMENTO ARXIVAR E MIGRAZIONE ARXIVAR E MEXAL SU NUOVO SERVER VIRTUALE<\/a><\/p>\n<p><a href=\"https:\/\/srmbologna.it\/wp-content\/uploads\/2021\/06\/M_PQ30-01-16-Materiale-grafico-Colbus-AdesiviBus-progetto-SMACKER.pdf\" target=\"_blank\" rel=\"noopener\"><img loading=\"lazy\" decoding=\"async\" class=\"alignnone size-full wp-image-3562\" src=\"https:\/\/srmbologna.it\/wp-content\/uploads\/2019\/02\/pdf.png\" alt=\"\" width=\"30\" height=\"34\" \/> 16. MATERIALE GRAFICO COLBUS &#8211; PROGETTO SMACKER<\/a><\/p>\n<p><a href=\"https:\/\/srmbologna.it\/wp-content\/uploads\/2021\/07\/M_PQ30-01-17-Materiale-grafico-Colbus-progetto-SMACKER_NUOVE_STAMPE.pdf\" target=\"_blank\" rel=\"noopener\"><img loading=\"lazy\" decoding=\"async\" class=\"alignnone size-full wp-image-3562\" src=\"https:\/\/srmbologna.it\/wp-content\/uploads\/2019\/02\/pdf.png\" alt=\"\" width=\"30\" height=\"34\" \/> 17. STAMPA DI MATERIALE PROMOZIONALE PER IL SERVIZIO COLBUS<\/a><\/p>\n<p><a href=\"https:\/\/srmbologna.it\/wp-content\/uploads\/2021\/07\/M_PQ30-01-18-Acquisto-dischi-server.pdf\" target=\"_blank\" rel=\"noopener\"><img loading=\"lazy\" decoding=\"async\" class=\"alignnone size-full wp-image-3562\" src=\"https:\/\/srmbologna.it\/wp-content\/uploads\/2019\/02\/pdf.png\" alt=\"\" width=\"30\" height=\"34\" \/> 18. ACQUISTO DISCHI PER MIGLIORAMENTO PRESTAZIONI SERVER<\/a><\/p>\n<p><a href=\"https:\/\/srmbologna.it\/wp-content\/uploads\/2021\/09\/M_PQ30-01-19-Acquisto-materiale-COVID-2021.pdf\" target=\"_blank\" rel=\"noopener\"><img loading=\"lazy\" decoding=\"async\" class=\"alignnone size-full wp-image-3562\" src=\"https:\/\/srmbologna.it\/wp-content\/uploads\/2019\/02\/pdf.png\" alt=\"\" width=\"30\" height=\"34\" \/> 19. ACQUISTO MATERIALE COVID 2021<\/a><\/p>\n<p><a href=\"https:\/\/srmbologna.it\/wp-content\/uploads\/2021\/09\/M_PQ30-01-20-Acquisto-dominio-secondo-livello-e-certificato-server.pdf\" target=\"_blank\" rel=\"noopener\"><img loading=\"lazy\" decoding=\"async\" class=\"alignnone size-full wp-image-3562\" src=\"https:\/\/srmbologna.it\/wp-content\/uploads\/2019\/02\/pdf.png\" alt=\"\" width=\"30\" height=\"34\" \/> 20. ACQUISTO DOMINIO SECONDO LIVELLO E CERTIFICATO SERVER<\/a><\/p>\n<p><a href=\"https:\/\/srmbologna.it\/wp-content\/uploads\/2021\/09\/M_PQ30-01-21-Rinnovo-indirizzi-PEC.pdf\" target=\"_blank\" rel=\"noopener\"><img loading=\"lazy\" decoding=\"async\" class=\"alignnone size-full wp-image-3562\" src=\"https:\/\/srmbologna.it\/wp-content\/uploads\/2019\/02\/pdf.png\" alt=\"\" width=\"30\" height=\"34\" \/> 21. RINNOVO INDIRIZZI PEC<\/a><\/p>\n<p><a href=\"https:\/\/srmbologna.it\/wp-content\/uploads\/2021\/10\/M_PQ30-01-22-Attivita-grafica-PUMS.pdf\" target=\"_blank\" rel=\"noopener\"><img loading=\"lazy\" decoding=\"async\" class=\"alignnone size-full wp-image-3562\" src=\"https:\/\/srmbologna.it\/wp-content\/uploads\/2019\/02\/pdf.png\" alt=\"\" width=\"30\" height=\"34\" \/> 22. ATTIVIT\u00c0 GRAFICA, IMPAGINAZIONE, REALIZZAZIONI DI INFOGRAFICHE E WEB-DESIGN PER IL MONITORAGGIO DEL PUMS DELLA CITT\u00c0 METROPOLITANA DI BOLOGNA<\/a><\/p>\n<p><a href=\"https:\/\/srmbologna.it\/wp-content\/uploads\/2021\/10\/M_PQ30-01-23-Supporto-al-monitoraggio-PUMS.pdf\" target=\"_blank\" rel=\"noopener\"><img loading=\"lazy\" decoding=\"async\" class=\"alignnone size-full wp-image-3562\" src=\"https:\/\/srmbologna.it\/wp-content\/uploads\/2019\/02\/pdf.png\" alt=\"\" width=\"30\" height=\"34\" \/> 23. ATTIVIT\u00c0 DI SUPPORTO ALLE ATTIVIT\u00c0 DI MONITORAGGIO DEL PUMS DELLA CITT\u00c0 METROPOLITANA DI BOLOGNA, DEFINIZIONE DEGLI INDICATORI, PROCESSO PARTECIPATIVO E REPORT DI MONITORAGGIO<\/a><\/p>\n<p><a href=\"https:\/\/srmbologna.it\/wp-content\/uploads\/2021\/10\/M_PQ30-01-24-Modifiche-Padam.pdf\" target=\"_blank\" rel=\"noopener\"><img loading=\"lazy\" decoding=\"async\" class=\"alignnone size-full wp-image-3562\" src=\"https:\/\/srmbologna.it\/wp-content\/uploads\/2019\/02\/pdf.png\" alt=\"\" width=\"30\" height=\"34\" \/> 24. MODIFICHE E INTEGRAZIONI ALLA PIATTAFORMA INFORMATICA PER IL SERVIZIO A CHIAMATA ColBus NELL\u2019AMBITO DEL PROGETTO EUROPEO SMACKER<\/a><\/p>\n<p><a href=\"https:\/\/srmbologna.it\/wp-content\/uploads\/2021\/11\/M_PQ30-01-25-Bici_elettrica.pdf\" target=\"_blank\" rel=\"noopener\"><img loading=\"lazy\" decoding=\"async\" class=\"alignnone size-full wp-image-3562\" src=\"https:\/\/srmbologna.it\/wp-content\/uploads\/2019\/02\/pdf.png\" alt=\"\" width=\"30\" height=\"34\" \/> 25. ACQUISTO DI BICICLETTA AZIENDALE A PEDALATA ASSISTITA<\/a><\/p>\n<p><a href=\"https:\/\/srmbologna.it\/wp-content\/uploads\/2021\/11\/M_PQ30-01-26-Acquisto-licenze-Tableau-PUMS.pdf\" target=\"_blank\" rel=\"noopener\"><img loading=\"lazy\" decoding=\"async\" class=\"alignnone size-full wp-image-3562\" src=\"https:\/\/srmbologna.it\/wp-content\/uploads\/2019\/02\/pdf.png\" alt=\"\" width=\"30\" height=\"34\" \/> 26. ACQUISTO LICENZE TABLEAU PER CREAZIONE CRUSCOTTO MONITORAGGIO PUMS<\/a><\/p>\n<p><a href=\"https:\/\/srmbologna.it\/wp-content\/uploads\/2021\/11\/M_PQ30-01-27-Supporto-cruscotto-monitoraggio-PUMS.pdf\" target=\"_blank\" rel=\"noopener\"><img loading=\"lazy\" decoding=\"async\" class=\"alignnone size-full wp-image-3562\" src=\"https:\/\/srmbologna.it\/wp-content\/uploads\/2019\/02\/pdf.png\" alt=\"\" width=\"30\" height=\"34\" \/> 27. ATTIVIT\u00c0 DI IMPLEMENTAZIONE DEL CRUSCOTTO DI MONITORAGGIO DEL PUMS DELLA CITT\u00c0 METROPOLITANA DI BOLOGNA<\/a><\/p>\n<p><a href=\"https:\/\/srmbologna.it\/wp-content\/uploads\/2021\/11\/M_PQ30-01-28-Stampa-volantini-ColBus.pdf\" target=\"_blank\" rel=\"noopener\"><img loading=\"lazy\" decoding=\"async\" class=\"alignnone size-full wp-image-3562\" src=\"https:\/\/srmbologna.it\/wp-content\/uploads\/2019\/02\/pdf.png\" alt=\"\" width=\"30\" height=\"34\" \/> 28. STAMPA DI MATERIALE PROMOZIONALE PER IL SERVIZIO COLBUS<\/a><\/p>\n<p><a href=\"https:\/\/srmbologna.it\/wp-content\/uploads\/2021\/12\/M_PQ30-01-29-Pollzza-assicurativa-DO-2022.pdf\" target=\"_blank\" rel=\"noopener\"><img loading=\"lazy\" decoding=\"async\" class=\"alignnone size-full wp-image-3562\" src=\"https:\/\/srmbologna.it\/wp-content\/uploads\/2019\/02\/pdf.png\" alt=\"\" width=\"30\" height=\"34\" \/> 29. FORNITURA DI SERVIZI ASSICURATIVI A FAVORE DELLA SRM POLIZZA D&amp;O RESPONSABILIT\u00c0 CIVILE 2022<\/a><\/p>\n<p><a href=\"https:\/\/srmbologna.it\/wp-content\/uploads\/2021\/12\/M_PQ30-01-30-Stampa-volantini-ColBusCorno.pdf\" target=\"_blank\" rel=\"noopener\"><img loading=\"lazy\" decoding=\"async\" class=\"alignnone size-full wp-image-3562\" src=\"https:\/\/srmbologna.it\/wp-content\/uploads\/2019\/02\/pdf.png\" alt=\"\" width=\"30\" height=\"34\" \/> 30. STAMPA DI MATERIALE PROMOZIONALE PER IL SERVIZIO COLBUS<\/a><\/p>\n<p><a href=\"https:\/\/srmbologna.it\/wp-content\/uploads\/2021\/12\/M_PQ30-01-31-Polizza-assicurativa-Tutela-legale-2022.pdf\" target=\"_blank\" rel=\"noopener\"><img loading=\"lazy\" decoding=\"async\" class=\"alignnone size-full wp-image-3562\" src=\"https:\/\/srmbologna.it\/wp-content\/uploads\/2019\/02\/pdf.png\" alt=\"\" width=\"30\" height=\"34\" \/> 31. FORNITURA DI SERVIZI ASSICURATIVI A FAVORE DELLA SRM POLIZZA TUTELA LEGALE 2022<\/a><\/p>\n<p style=\"text-align: right;\">Data di creazione: 15.02.2021 &#8211; Data ultimo aggiornamento: 27.12.2021<\/p>\n<div class=\"pdfprnt-buttons pdfprnt-buttons-page pdfprnt-bottom-right\"><a href=\"https:\/\/srmbologna.it\/index.php?rest_route=%2Fwp%2Fv2%2Fpages%2F5898&print=pdf\" class=\"pdfprnt-button pdfprnt-button-pdf\" target=\"_blank\" ><img decoding=\"async\" src=\"https:\/\/www.srmbologna.it\/wp-content\/plugins\/pdf-print\/images\/pdf.png\" alt=\"image_pdf\" title=\"Visualizza PDF\" \/><\/a><a href=\"https:\/\/srmbologna.it\/index.php?rest_route=%2Fwp%2Fv2%2Fpages%2F5898&print=print\" class=\"pdfprnt-button pdfprnt-button-print\" target=\"_blank\" ><img decoding=\"async\" src=\"https:\/\/www.srmbologna.it\/wp-content\/plugins\/pdf-print\/images\/print.png\" alt=\"image_print\" title=\"Stampa contenuto\" \/><\/a><\/div>","protected":false},"excerpt":{"rendered":"<p>Determine a contrarre: 1. ASSICURAZIONE NOTEBOOK 2. PUBBLICAZIONE GURI E GIORNALI 2021 E SUPPORTO TECNICO 3. CANONI MEXAL &#8211; ARXIVAR E ASSISTENZA TECNICA 2021 4. MANUTENZIONE SOFTWARE ARIANNA (CART) 5. BANCA DATI GIURIDICA 2021-2023 6. PIATTAFORMA GESTIONE COLBUS SMACKER 2021 7. ACQUISTO MATERIALE INFORMATICO 2021-2023 8. ACQUISTO CANCELLERIA 2021-2023 9. ADESIONE COMUNI CICLABILI 2021-2023 10. [&hellip;]<\/p>\n","protected":false},"author":2,"featured_media":0,"parent":4267,"menu_order":4,"comment_status":"closed","ping_status":"closed","template":"","meta":{"_monsterinsights_skip_tracking":false,"_monsterinsights_sitenote_active":false,"_monsterinsights_sitenote_note":"","_monsterinsights_sitenote_category":0,"footnotes":""},"class_list":["post-5898","page","type-page","status-publish","czr-hentry"],"_links":{"self":[{"href":"https:\/\/srmbologna.it\/index.php?rest_route=\/wp\/v2\/pages\/5898","targetHints":{"allow":["GET"]}}],"collection":[{"href":"https:\/\/srmbologna.it\/index.php?rest_route=\/wp\/v2\/pages"}],"about":[{"href":"https:\/\/srmbologna.it\/index.php?rest_route=\/wp\/v2\/types\/page"}],"author":[{"embeddable":true,"href":"https:\/\/srmbologna.it\/index.php?rest_route=\/wp\/v2\/users\/2"}],"replies":[{"embeddable":true,"href":"https:\/\/srmbologna.it\/index.php?rest_route=%2Fwp%2Fv2%2Fcomments&post=5898"}],"version-history":[{"count":28,"href":"https:\/\/srmbologna.it\/index.php?rest_route=\/wp\/v2\/pages\/5898\/revisions"}],"predecessor-version":[{"id":6576,"href":"https:\/\/srmbologna.it\/index.php?rest_route=\/wp\/v2\/pages\/5898\/revisions\/6576"}],"up":[{"embeddable":true,"href":"https:\/\/srmbologna.it\/index.php?rest_route=\/wp\/v2\/pages\/4267"}],"wp:attachment":[{"href":"https:\/\/srmbologna.it\/index.php?rest_route=%2Fwp%2Fv2%2Fmedia&parent=5898"}],"curies":[{"name":"wp","href":"https:\/\/api.w.org\/{rel}","templated":true}]}}