{"id":5471,"date":"2020-06-17T10:38:46","date_gmt":"2020-06-17T08:38:46","guid":{"rendered":"http:\/\/www.srmbologna.it\/?page_id=5471"},"modified":"2023-01-11T13:08:31","modified_gmt":"2023-01-11T12:08:31","slug":"trips-2","status":"publish","type":"page","link":"https:\/\/srmbologna.it\/?page_id=5471","title":{"rendered":"TRIPS"},"content":{"rendered":"<p><img loading=\"lazy\" decoding=\"async\" class=\"size-full wp-image-5470 alignleft\" src=\"https:\/\/srmbologna.it\/wp-content\/uploads\/2020\/06\/trips.jpg\" alt=\"\" width=\"300\" height=\"150\" \/><br \/>\n<a href=\"https:\/\/trips-project.eu\" target=\"_blank\" rel=\"noopener noreferrer\">https:\/\/trips-project.eu<\/a><\/p>\n<p><strong>TRIPS &#8211; TRansport Innovation for vulnerable-to-exclusion People needs Satisfaction <\/strong><br \/>\n<strong>Soluzioni co-progettate per gli utenti dei trasporti urbani affetti da disabilit\u00e0<\/strong><\/p>\n<p>Le persone disabili fanno indubbiamente parte dei gruppi pi\u00f9 vulnerabili a rischio di esclusione sociale. Uno dei numerosi ostacoli che devono affrontare riguarda l&#8217;impiego dei trasporti pubblici.<\/p>\n<p>Il progetto TRIPS, finanziato dalla Commissione Europea attraverso il programma quadro H2020, mira ad approfondire le barriere che si frappongono all\u2019utilizzo dei trasporti pubblici da parte di queste categorie di persone. Esso si propone di elaborare e proporre soluzioni co-progettate che consentano agli utenti con disabilit\u00e0 di assumere un ruolo da protagonisti nella progettazione dei sistemi di trasporto.<\/p>\n<p>Il progetto viene implementato da un consorzio europeo composto da utenti, organizzazioni del settore dei trasporti, specialisti nel campo delle tecnologie assistive e autorit\u00e0 pubbliche in sette citt\u00e0 pilota: Lisbona, Zagabria, Bologna, Cagliari, Bruxelles, Sofia e Stoccolma.<\/p>\n<p>Partendo da attivit\u00e0 di ricerca sul campo, TRIPS valuter\u00e0 i servizi di mobilit\u00e0 e accessibilit\u00e0 esistenti, approfondir\u00e0 lo studio delle tecnologie assistive e digitali correlate, progetter\u00e0 un indice volto a misurare l&#8217;accessibilit\u00e0 alla mobilit\u00e0 e definir\u00e0 casi di studio che dimostreranno il modo in cui le soluzioni di mobilit\u00e0 progettate dagli utenti con disabilit\u00e0 possano fornire soluzioni di trasporto pubblico inclusivo per tutte le categorie di utenti.<\/p>\n<div><a href=\"https:\/\/www.srmbologna.it\/wp-content\/uploads\/2023\/01\/20230103_Soluzioni%20pilota%20BO_ITA_Finale.pdf\" target=\"_blank\" rel=\"noopener\"><img loading=\"lazy\" decoding=\"async\" class=\"alignnone size-full wp-image-3562\" src=\"https:\/\/srmbologna.it\/wp-content\/uploads\/2019\/02\/pdf.png\" alt=\"\" width=\"30\" height=\"34\" \/> Proposte elaborate dal gruppo di lavoro locale<\/a><\/div>\n<div><a href=\"https:\/\/www.srmbologna.it\/wp-content\/uploads\/2023\/01\/20230103_Soluzioni%20pilota%20BO_ITA_vers.%20ACCESSIBILE_Finale.pdf\" target=\"_blank\" rel=\"noopener\"><img loading=\"lazy\" decoding=\"async\" class=\"alignnone size-full wp-image-3562\" src=\"https:\/\/srmbologna.it\/wp-content\/uploads\/2019\/02\/pdf.png\" alt=\"\" width=\"30\" height=\"34\" \/> Proposte elaborate dal gruppo di lavoro locale &#8211; versione accessibile<\/a><\/div>\n<div class=\"pdfprnt-buttons pdfprnt-buttons-page pdfprnt-bottom-right\"><a href=\"https:\/\/srmbologna.it\/index.php?rest_route=%2Fwp%2Fv2%2Fpages%2F5471&print=pdf\" class=\"pdfprnt-button pdfprnt-button-pdf\" target=\"_blank\" ><img decoding=\"async\" src=\"https:\/\/www.srmbologna.it\/wp-content\/plugins\/pdf-print\/images\/pdf.png\" alt=\"image_pdf\" title=\"Visualizza PDF\" \/><\/a><a href=\"https:\/\/srmbologna.it\/index.php?rest_route=%2Fwp%2Fv2%2Fpages%2F5471&print=print\" class=\"pdfprnt-button pdfprnt-button-print\" target=\"_blank\" ><img decoding=\"async\" src=\"https:\/\/www.srmbologna.it\/wp-content\/plugins\/pdf-print\/images\/print.png\" alt=\"image_print\" title=\"Stampa contenuto\" \/><\/a><\/div>","protected":false},"excerpt":{"rendered":"<p>https:\/\/trips-project.eu TRIPS &#8211; TRansport Innovation for vulnerable-to-exclusion People needs Satisfaction Soluzioni co-progettate per gli utenti dei trasporti urbani affetti da disabilit\u00e0 Le persone disabili fanno indubbiamente parte dei gruppi pi\u00f9 vulnerabili a rischio di esclusione sociale. Uno dei numerosi ostacoli che devono affrontare riguarda l&#8217;impiego dei trasporti pubblici. Il progetto TRIPS, finanziato dalla Commissione Europea [&hellip;]<\/p>\n","protected":false},"author":2,"featured_media":0,"parent":56,"menu_order":0,"comment_status":"closed","ping_status":"closed","template":"","meta":{"_monsterinsights_skip_tracking":false,"_monsterinsights_sitenote_active":false,"_monsterinsights_sitenote_note":"","_monsterinsights_sitenote_category":0,"footnotes":""},"class_list":["post-5471","page","type-page","status-publish","czr-hentry"],"_links":{"self":[{"href":"https:\/\/srmbologna.it\/index.php?rest_route=\/wp\/v2\/pages\/5471","targetHints":{"allow":["GET"]}}],"collection":[{"href":"https:\/\/srmbologna.it\/index.php?rest_route=\/wp\/v2\/pages"}],"about":[{"href":"https:\/\/srmbologna.it\/index.php?rest_route=\/wp\/v2\/types\/page"}],"author":[{"embeddable":true,"href":"https:\/\/srmbologna.it\/index.php?rest_route=\/wp\/v2\/users\/2"}],"replies":[{"embeddable":true,"href":"https:\/\/srmbologna.it\/index.php?rest_route=%2Fwp%2Fv2%2Fcomments&post=5471"}],"version-history":[{"count":4,"href":"https:\/\/srmbologna.it\/index.php?rest_route=\/wp\/v2\/pages\/5471\/revisions"}],"predecessor-version":[{"id":7353,"href":"https:\/\/srmbologna.it\/index.php?rest_route=\/wp\/v2\/pages\/5471\/revisions\/7353"}],"up":[{"embeddable":true,"href":"https:\/\/srmbologna.it\/index.php?rest_route=\/wp\/v2\/pages\/56"}],"wp:attachment":[{"href":"https:\/\/srmbologna.it\/index.php?rest_route=%2Fwp%2Fv2%2Fmedia&parent=5471"}],"curies":[{"name":"wp","href":"https:\/\/api.w.org\/{rel}","templated":true}]}}