{"id":5331,"date":"2020-05-20T12:39:08","date_gmt":"2020-05-20T10:39:08","guid":{"rendered":"http:\/\/www.srmbologna.it\/?page_id=5331"},"modified":"2026-01-22T13:01:44","modified_gmt":"2026-01-22T12:01:44","slug":"indicatore-annuale-di-tempestivita-dei-pagamenti","status":"publish","type":"page","link":"https:\/\/srmbologna.it\/?page_id=5331","title":{"rendered":"Indicatore annuale di tempestivit\u00e0 dei pagamenti"},"content":{"rendered":"<p><a href=\"https:\/\/srmbologna.it\/wp-content\/uploads\/2026\/01\/Indicatore-di-tempestivita-dei-pagamenti-annuale-2025.pdf\" target=\"_blank\" rel=\"noopener\"><img loading=\"lazy\" decoding=\"async\" class=\"alignnone size-full wp-image-3562\" src=\"https:\/\/srmbologna.it\/wp-content\/uploads\/2019\/02\/pdf.png\" alt=\"\" width=\"30\" height=\"34\" \/> Indicatore di tempestivit\u00e0 dei pagamenti annuale 2025<\/a><\/p>\n<p><a href=\"https:\/\/srmbologna.it\/wp-content\/uploads\/2025\/05\/Indicatore-di-tempestivita-dei-pagamenti-annuale-2024.pdf\" target=\"_blank\" rel=\"noopener\"><img loading=\"lazy\" decoding=\"async\" class=\"alignnone size-full wp-image-3562\" src=\"https:\/\/srmbologna.it\/wp-content\/uploads\/2019\/02\/pdf.png\" alt=\"\" width=\"30\" height=\"34\" \/> Indicatore di tempestivit\u00e0 dei pagamenti annuale 2024<\/a><\/p>\n<p><a href=\"https:\/\/www.srmbologna.it\/wp-content\/uploads\/2024\/04\/Indicatore-di-tempestivita-dei-pagamenti-annuale-2024-1.pdf\" target=\"_blank\" rel=\"noopener\"><img loading=\"lazy\" decoding=\"async\" class=\"alignnone size-full wp-image-3562\" src=\"https:\/\/srmbologna.it\/wp-content\/uploads\/2019\/02\/pdf.png\" alt=\"\" width=\"30\" height=\"34\" \/> Indicatore di tempestivit\u00e0 dei pagamenti annuale 2023<\/a><\/p>\n<p><a href=\"https:\/\/srmbologna.it\/wp-content\/uploads\/2023\/01\/Indicatore-di-tempestivita-dei-pagamenti-annuale-2022.pdf\" target=\"_blank\" rel=\"noopener\"><img loading=\"lazy\" decoding=\"async\" class=\"alignnone size-full wp-image-3562\" src=\"https:\/\/srmbologna.it\/wp-content\/uploads\/2019\/02\/pdf.png\" alt=\"\" width=\"30\" height=\"34\" \/> Indicatore di tempestivit\u00e0 dei pagamenti annuale 2022<\/a><\/p>\n<p><a href=\"https:\/\/srmbologna.it\/wp-content\/uploads\/2022\/05\/Indicatore-di-tempestivita-dei-pagamenti-annuale-2021.pdf\" target=\"_blank\" rel=\"noopener\"><img loading=\"lazy\" decoding=\"async\" class=\"alignnone size-full wp-image-3562\" src=\"https:\/\/srmbologna.it\/wp-content\/uploads\/2019\/02\/pdf.png\" alt=\"\" width=\"30\" height=\"34\" \/> Indicatore di tempestivit\u00e0 dei pagamenti annuale 2021<\/a><\/p>\n<p><a href=\"https:\/\/srmbologna.it\/wp-content\/uploads\/2021\/01\/Indicatore-tempestivita-dei-pagamenti-annuale-2020.pdf\" target=\"_blank\" rel=\"noopener noreferrer\"><img loading=\"lazy\" decoding=\"async\" class=\"alignnone size-full wp-image-3562\" src=\"https:\/\/srmbologna.it\/wp-content\/uploads\/2019\/02\/pdf.png\" alt=\"\" width=\"30\" height=\"34\" \/> Indicatore di tempestivit\u00e0 dei pagamenti annuale 2020<\/a><\/p>\n<p><a href=\"https:\/\/srmbologna.it\/wp-content\/uploads\/2020\/05\/Indicatore-di-tempestivit\u00e0-dei-pagamenti-annuale-2019.pdf\" target=\"_blank\" rel=\"noopener noreferrer\"><img loading=\"lazy\" decoding=\"async\" class=\"alignnone size-full wp-image-3562\" src=\"https:\/\/srmbologna.it\/wp-content\/uploads\/2019\/02\/pdf.png\" alt=\"\" width=\"30\" height=\"34\" \/> Indicatore di tempestivit\u00e0 dei pagamenti annuale 2019<\/a><\/p>\n<p>&nbsp;<\/p>\n<p style=\"text-align: right;\">Data ultimo aggiornamento: 22.01.2026<\/p>\n<p style=\"text-align: right;\">Data monitoraggio RT: 30.05.2025<\/p>\n<div class=\"pdfprnt-buttons pdfprnt-buttons-page pdfprnt-bottom-right\"><a href=\"https:\/\/srmbologna.it\/index.php?rest_route=%2Fwp%2Fv2%2Fpages%2F5331&print=pdf\" class=\"pdfprnt-button pdfprnt-button-pdf\" target=\"_blank\" ><img decoding=\"async\" src=\"https:\/\/www.srmbologna.it\/wp-content\/plugins\/pdf-print\/images\/pdf.png\" alt=\"image_pdf\" title=\"Visualizza PDF\" \/><\/a><a href=\"https:\/\/srmbologna.it\/index.php?rest_route=%2Fwp%2Fv2%2Fpages%2F5331&print=print\" class=\"pdfprnt-button pdfprnt-button-print\" target=\"_blank\" ><img decoding=\"async\" src=\"https:\/\/www.srmbologna.it\/wp-content\/plugins\/pdf-print\/images\/print.png\" alt=\"image_print\" title=\"Stampa contenuto\" \/><\/a><\/div>","protected":false},"excerpt":{"rendered":"<p>Indicatore di tempestivit\u00e0 dei pagamenti annuale 2025 Indicatore di tempestivit\u00e0 dei pagamenti annuale 2024 Indicatore di tempestivit\u00e0 dei pagamenti annuale 2023 Indicatore di tempestivit\u00e0 dei pagamenti annuale 2022 Indicatore di tempestivit\u00e0 dei pagamenti annuale 2021 Indicatore di tempestivit\u00e0 dei pagamenti annuale 2020 Indicatore di tempestivit\u00e0 dei pagamenti annuale 2019 &nbsp; Data ultimo aggiornamento: 22.01.2026 Data [&hellip;]<\/p>\n","protected":false},"author":2,"featured_media":0,"parent":3881,"menu_order":1,"comment_status":"closed","ping_status":"closed","template":"","meta":{"_monsterinsights_skip_tracking":false,"_monsterinsights_sitenote_active":false,"_monsterinsights_sitenote_note":"","_monsterinsights_sitenote_category":0,"footnotes":""},"class_list":["post-5331","page","type-page","status-publish","czr-hentry"],"_links":{"self":[{"href":"https:\/\/srmbologna.it\/index.php?rest_route=\/wp\/v2\/pages\/5331","targetHints":{"allow":["GET"]}}],"collection":[{"href":"https:\/\/srmbologna.it\/index.php?rest_route=\/wp\/v2\/pages"}],"about":[{"href":"https:\/\/srmbologna.it\/index.php?rest_route=\/wp\/v2\/types\/page"}],"author":[{"embeddable":true,"href":"https:\/\/srmbologna.it\/index.php?rest_route=\/wp\/v2\/users\/2"}],"replies":[{"embeddable":true,"href":"https:\/\/srmbologna.it\/index.php?rest_route=%2Fwp%2Fv2%2Fcomments&post=5331"}],"version-history":[{"count":13,"href":"https:\/\/srmbologna.it\/index.php?rest_route=\/wp\/v2\/pages\/5331\/revisions"}],"predecessor-version":[{"id":10193,"href":"https:\/\/srmbologna.it\/index.php?rest_route=\/wp\/v2\/pages\/5331\/revisions\/10193"}],"up":[{"embeddable":true,"href":"https:\/\/srmbologna.it\/index.php?rest_route=\/wp\/v2\/pages\/3881"}],"wp:attachment":[{"href":"https:\/\/srmbologna.it\/index.php?rest_route=%2Fwp%2Fv2%2Fmedia&parent=5331"}],"curies":[{"name":"wp","href":"https:\/\/api.w.org\/{rel}","templated":true}]}}