{"id":510,"date":"2014-10-20T12:17:07","date_gmt":"2014-10-20T10:17:07","guid":{"rendered":"http:\/\/www.srmbologna.it\/?page_id=510"},"modified":"2016-01-11T09:40:13","modified_gmt":"2016-01-11T08:40:13","slug":"progetti-e-attivita","status":"publish","type":"page","link":"https:\/\/srmbologna.it\/?page_id=510","title":{"rendered":"Progetti e attivit\u00e0"},"content":{"rendered":"<p><a href=\"http:\/\/srmbologna.it\/?page_id=56\"><img loading=\"lazy\" decoding=\"async\" class=\"alignleft wp-image-520 size-full\" src=\"http:\/\/srmbologna.it\/wp-content\/uploads\/2014\/10\/pagina_progettieuropei.png\" alt=\"pagina_progettieuropei\" width=\"146\" height=\"156\" \/><\/a><\/p>\n<p><a href=\"http:\/\/srmbologna.it\/?page_id=56\"><strong>PROGETTI EUROPEI<\/strong><\/a><\/p>\n<p>La SRM \u00e8 attiva in diversi progetti europei .<\/p>\n<p>&nbsp;<\/p>\n<p>&nbsp;<\/p>\n<p>&nbsp;<\/p>\n<p>&nbsp;<\/p>\n<p>&nbsp;<\/p>\n<p><a href=\"http:\/\/srmbologna.it\/?page_id=508\"><img loading=\"lazy\" decoding=\"async\" class=\"alignleft wp-image-523 size-full\" src=\"http:\/\/srmbologna.it\/wp-content\/uploads\/2014\/10\/pagina_attivita.png\" alt=\"pagina_attivita\" width=\"146\" height=\"156\" \/><\/a><\/p>\n<p><strong><a href=\"http:\/\/srmbologna.it\/?page_id=508\">ATTIVITA<\/a><\/strong>&#8216;<\/p>\n<p>Fra le attivit\u00e0 svolte dalla SRM vi sono:\u00a0Gestione contratto di servizio trasporto pubblico locale di bacino,\u00a0Gestione contratto di affitto di ramo d\u2019azienda dei beni essenziali,\u00a0Gestione contratto di servizio afferente il Piano sosta e servizi\/attivit\u00e0 complementari alla mobilit\u00e0 del Comune di Bologna,\u00a0Gestione progetti finanziati dalla Commissione Europea, Assistenza specifica agli enti locali,\u00a0Gestione del registro provinciale delle imprese NCC-bus,\u00a0Assistenza al Comitato consultivo degli utenti (CCU).<\/p>\n<p>&nbsp;<\/p>\n<p>&nbsp;<\/p>\n<p><a href=\"http:\/\/www.degustibus.bo.it\" target=\"_blank\"><img loading=\"lazy\" decoding=\"async\" class=\"alignleft wp-image-525 size-full\" src=\"http:\/\/srmbologna.it\/wp-content\/uploads\/2014\/10\/pagina_degustibus.png\" alt=\"pagina_degustibus\" width=\"146\" height=\"156\" \/><\/a><strong><a href=\"http:\/\/www.degustibus.bo.it\" target=\"_blank\">DEGUSTIBUS<\/a><\/strong><\/p>\n<p><span style=\"text-decoration: underline;\"><a href=\"http:\/\/www.degustibus.bo.it\" target=\"_blank\">Degustibus <\/a><\/span>\u00e8 una webapp che permette alla SRM di condurre una raccolta continua e diffusa di dati inerenti la qualit\u00e0 percepita del servizio di trasporto pubblico locale (Tpl) bolognese da parte dell\u2019utenza.<\/p>\n<p>La webapp Degustibus \u00e8 strutturata nel rispetto della norma UNI EN 13816\/02.<\/p>\n<p>&nbsp;<\/p>\n<p>&nbsp;<\/p>\n<p>&nbsp;<\/p>\n<p><a href=\"http:\/\/cyclingchallenge.eu\" target=\"_blank\"><strong>E<\/strong><img loading=\"lazy\" decoding=\"async\" class=\"alignleft wp-image-532 size-full\" src=\"http:\/\/srmbologna.it\/wp-content\/uploads\/2014\/10\/pagina_ecc2015.png\" alt=\"pagina_ecc2015\" width=\"146\" height=\"156\" \/><strong>UROPEAN CYCLING CHALLENGE<\/strong><\/a><\/p>\n<p>La <span style=\"text-decoration: underline;\"><a href=\"http:\/\/cyclingchallenge.eu\" target=\"_blank\">European Cycling Challenge<\/a><\/span> &#8211; ECC \u00e8 una competizione a squadre fra ciclisti urbani, che si svolge dal 1 al 31 maggio di ogni anno. \u00c8\u00a0\u00a0una sfida tra le citt\u00e0 europee: la citt\u00e0 che &#8220;pedala&#8221; di pi\u00e0 vince la sfida. La sfida \u00e8 aperta a tutte le persone che vivono o si muovono nelle citt\u00e0 partecipanti per lavoro, studio o per altri motivi.<\/p>\n<div class=\"pdfprnt-buttons pdfprnt-buttons-page pdfprnt-bottom-right\"><a href=\"https:\/\/srmbologna.it\/index.php?rest_route=%2Fwp%2Fv2%2Fpages%2F510&print=pdf\" class=\"pdfprnt-button pdfprnt-button-pdf\" target=\"_blank\" ><img decoding=\"async\" src=\"https:\/\/www.srmbologna.it\/wp-content\/plugins\/pdf-print\/images\/pdf.png\" alt=\"image_pdf\" title=\"Visualizza PDF\" \/><\/a><a href=\"https:\/\/srmbologna.it\/index.php?rest_route=%2Fwp%2Fv2%2Fpages%2F510&print=print\" class=\"pdfprnt-button pdfprnt-button-print\" target=\"_blank\" ><img decoding=\"async\" src=\"https:\/\/www.srmbologna.it\/wp-content\/plugins\/pdf-print\/images\/print.png\" alt=\"image_print\" title=\"Stampa contenuto\" \/><\/a><\/div>","protected":false},"excerpt":{"rendered":"<p>PROGETTI EUROPEI La SRM \u00e8 attiva in diversi progetti europei . &nbsp; &nbsp; &nbsp; &nbsp; &nbsp; ATTIVITA&#8216; Fra le attivit\u00e0 svolte dalla SRM vi sono:\u00a0Gestione contratto di servizio trasporto pubblico locale di bacino,\u00a0Gestione contratto di affitto di ramo d\u2019azienda dei beni essenziali,\u00a0Gestione contratto di servizio afferente il Piano sosta e servizi\/attivit\u00e0 complementari alla mobilit\u00e0 del [&hellip;]<\/p>\n","protected":false},"author":2,"featured_media":587,"parent":0,"menu_order":2,"comment_status":"closed","ping_status":"closed","template":"custom-page.php","meta":{"_monsterinsights_skip_tracking":false,"_monsterinsights_sitenote_active":false,"_monsterinsights_sitenote_note":"","_monsterinsights_sitenote_category":0,"footnotes":""},"class_list":["post-510","page","type-page","status-publish","has-post-thumbnail","czr-hentry"],"_links":{"self":[{"href":"https:\/\/srmbologna.it\/index.php?rest_route=\/wp\/v2\/pages\/510","targetHints":{"allow":["GET"]}}],"collection":[{"href":"https:\/\/srmbologna.it\/index.php?rest_route=\/wp\/v2\/pages"}],"about":[{"href":"https:\/\/srmbologna.it\/index.php?rest_route=\/wp\/v2\/types\/page"}],"author":[{"embeddable":true,"href":"https:\/\/srmbologna.it\/index.php?rest_route=\/wp\/v2\/users\/2"}],"replies":[{"embeddable":true,"href":"https:\/\/srmbologna.it\/index.php?rest_route=%2Fwp%2Fv2%2Fcomments&post=510"}],"version-history":[{"count":21,"href":"https:\/\/srmbologna.it\/index.php?rest_route=\/wp\/v2\/pages\/510\/revisions"}],"predecessor-version":[{"id":1441,"href":"https:\/\/srmbologna.it\/index.php?rest_route=\/wp\/v2\/pages\/510\/revisions\/1441"}],"wp:featuredmedia":[{"embeddable":true,"href":"https:\/\/srmbologna.it\/index.php?rest_route=\/wp\/v2\/media\/587"}],"wp:attachment":[{"href":"https:\/\/srmbologna.it\/index.php?rest_route=%2Fwp%2Fv2%2Fmedia&parent=510"}],"curies":[{"name":"wp","href":"https:\/\/api.w.org\/{rel}","templated":true}]}}