{"id":508,"date":"2014-10-20T12:16:39","date_gmt":"2014-10-20T10:16:39","guid":{"rendered":"http:\/\/www.srmbologna.it\/?page_id=508"},"modified":"2026-02-10T16:48:48","modified_gmt":"2026-02-10T15:48:48","slug":"attivita","status":"publish","type":"page","link":"https:\/\/srmbologna.it\/?page_id=508","title":{"rendered":"Attivit\u00e0"},"content":{"rendered":"<p>1- <span style=\"text-decoration: underline;\">Gestione contratto di servizio trasporto pubblico locale di bacino.<\/span><\/p>\n<p style=\"padding-left: 30px;\">La SRM \u00e8 stata delegata dagli enti locali bolognesi competenti ad affidare mediante procedura concorsuale il servizio di trasporto pubblico metropolitano. Il contratto di servizio \u00e8 stato sottoscritto nel marzo del 2011 ed \u00e8 destinato ad avere una durata di 6+3 anni. La SRM gestisce il contratto di servizio sotto ogni profilo, in particolare verificando il rispetto degli standard qualitativi e liquidando le compensazioni per servizi minimi e aggiuntivi garantite dagli enti locali.<\/p>\n<p>\u00a0 \u00a0 \u00a0 \u00a0 <a href=\"https:\/\/srmbologna.it\/wp-content\/uploads\/2026\/02\/Indicatori-contrattuali-di-qualita-oggetto-di-monitoraggio.pdf\" target=\"_blank\" rel=\"noopener\">\u00a0<img loading=\"lazy\" decoding=\"async\" class=\"alignnone size-full wp-image-7442\" src=\"https:\/\/srmbologna.it\/wp-content\/uploads\/2023\/01\/pdf.png\" alt=\"\" width=\"30\" height=\"34\" \/> Indicatori contrattuali di qualit\u00e0 oggetto di monitoraggio mensile\/annuale.<\/a><\/p>\n<p>2- <span style=\"text-decoration: underline;\">Gestione contratto di affitto di ramo d\u2019azienda dei beni essenziali.<\/span><\/p>\n<p style=\"padding-left: 30px;\">La SRM \u00e8 proprietaria degli immobili e delle tecnologie essenziali per l\u2019erogazione del servizio di trasporto pubblico, la cui gestione \u00e8 garantita mediante il contratto di affitto di ramo d\u2019azienda, collegato al contratto di servizio, sottoscritto col gestore del trasporto pubblico. La SRM concorda il Piano degli investimenti e autorizza gli interventi sul patrimonio.<\/p>\n<p>3- <span style=\"text-decoration: underline;\">Gestione contratto di servizio afferente il Piano sosta e servizi\/attivit\u00e0 complementari alla mobilit\u00e0 del Comune di Bologna.<\/span><\/p>\n<p style=\"padding-left: 30px;\">La SRM ha affidato mediante procedura concorsuale le attivit\u00e0 afferenti il Piano sosta e servizi\/attivit\u00e0 complementari alla mobilit\u00e0 del Comune di Bologna. Il contratto di servizio \u00e8 stato sottoscritto col Comune e con l\u2019affidatario con effetto dal maggio del 2014 ed \u00e8 destinato ad avere una durata di 3 anni. La SRM gestisce il contratto di servizio sotto i profili di competenza, in particolare verificando il rispetto degli standard qualitativi, mentre la liquidazione del canone \u00e8 a favore del Comune di Bologna.<\/p>\n<p>4- <span style=\"text-decoration: underline;\">Gestione progetti finanziati dalla Commissione Europea.<\/span><\/p>\n<p style=\"padding-left: 30px;\">La SRM, nell\u2019ambito delle attivit\u00e0 affidate, \u00e8 attiva nella ricerca di fondi per progetti di ricerca e sviluppo, che la vedono nella figura di coordinatore o di partner di progetto a seconda degli impegni assunti. Le risorse riconosciute dalla Commissione Europea contribuiscono all\u2019equilibrio economico-finanziario della societ\u00e0. Dal 2003 a oggi la SRM ha partecipato a una decina di progetti di ricerca finanziati, tutti strettamente connessi al tema del trasporto e della mobilit\u00e0 sostenibili.<\/p>\n<p>5- <span style=\"text-decoration: underline;\">Assistenza specifica agli enti locali.<\/span><\/p>\n<p style=\"padding-left: 30px;\">La SRM collabora con gli enti locali, prevalentemente con gli enti soci, per fare fronte a esigenze particolari (pianificazione di servizi, redazione di piani e programmi, \u2026), nonch\u00e9 in occasioni precise (manovre tariffarie, revisione di contribuzioni locali, \u2026), mettendo a disposizione competenze e strumenti, con l\u2019obiettivo di garantire efficacia ed efficienza all\u2019utenza dei servizi. La stessa collaborazione \u00e8 resa disponibile anche nei confronti della Regione Emilia-Romagna.<\/p>\n<p>6- <span style=\"text-decoration: underline;\">Gestione del registro provinciale delle imprese NCC-bus.<\/span><\/p>\n<p style=\"padding-left: 30px;\">Alla SRM \u00e8 stata delegata dalla Citt\u00e0 Metropolitana\u00a0di Bologna la gestione del Registro provinciale delle imprese NCC-bus, di cui alla L. 218\/03. La relazione con le imprese \u00e8 curata nel rispetto della normativa nazionale e regionale, in continua relazione con gli uffici della Motorizzazione Civile<\/p>\n<p>7- <span style=\"text-decoration: underline;\">Assistenza al Comitato consultivo degli utenti (CCU).<\/span><\/p>\n<p style=\"padding-left: 30px;\">Nel rispetto dell\u2019art. 17 della LR 30\/98, la SRM ha curato l\u2019istituzione del CCU. Oggi lo assiste nel dare supporto alle istanze dei consumatori e degli utenti tese a incrementare i livelli di sicurezza, qualit\u00e0, informazione, trasparenza ed equit\u00e0 dei servizi di trasporto collettivo.<\/p>\n<p>8- <span style=\"text-decoration: underline;\">Gestione contratti relativi ai servizi di sharing.<\/span><\/p>\n<p style=\"padding-left: 30px;\">La SRM \u00e8 stata delegata dal Comune di Bologna per le attivit\u00e0 di affidamento e di gestione dei contratti di servizio relativi al bike- e al car-sharing di ambito comunale.<\/p>\n<p>&nbsp;<\/p>\n<p style=\"text-align: right;\">Data ultimo aggiornamento: 10.02.2025<\/p>\n<p>&nbsp;<\/p>\n<div class=\"pdfprnt-buttons pdfprnt-buttons-page pdfprnt-bottom-right\"><a href=\"https:\/\/srmbologna.it\/index.php?rest_route=%2Fwp%2Fv2%2Fpages%2F508&print=pdf\" class=\"pdfprnt-button pdfprnt-button-pdf\" target=\"_blank\" ><img decoding=\"async\" src=\"https:\/\/www.srmbologna.it\/wp-content\/plugins\/pdf-print\/images\/pdf.png\" alt=\"image_pdf\" title=\"Visualizza PDF\" \/><\/a><a href=\"https:\/\/srmbologna.it\/index.php?rest_route=%2Fwp%2Fv2%2Fpages%2F508&print=print\" class=\"pdfprnt-button pdfprnt-button-print\" target=\"_blank\" ><img decoding=\"async\" src=\"https:\/\/www.srmbologna.it\/wp-content\/plugins\/pdf-print\/images\/print.png\" alt=\"image_print\" title=\"Stampa contenuto\" \/><\/a><\/div>","protected":false},"excerpt":{"rendered":"<p>1- Gestione contratto di servizio trasporto pubblico locale di bacino. La SRM \u00e8 stata delegata dagli enti locali bolognesi competenti ad affidare mediante procedura concorsuale il servizio di trasporto pubblico metropolitano. Il contratto di servizio \u00e8 stato sottoscritto nel marzo del 2011 ed \u00e8 destinato ad avere una durata di 6+3 anni. La SRM gestisce [&hellip;]<\/p>\n","protected":false},"author":2,"featured_media":0,"parent":510,"menu_order":2,"comment_status":"closed","ping_status":"closed","template":"custom-page.php","meta":{"_monsterinsights_skip_tracking":false,"_monsterinsights_sitenote_active":false,"_monsterinsights_sitenote_note":"","_monsterinsights_sitenote_category":0,"footnotes":""},"class_list":["post-508","page","type-page","status-publish","czr-hentry"],"_links":{"self":[{"href":"https:\/\/srmbologna.it\/index.php?rest_route=\/wp\/v2\/pages\/508","targetHints":{"allow":["GET"]}}],"collection":[{"href":"https:\/\/srmbologna.it\/index.php?rest_route=\/wp\/v2\/pages"}],"about":[{"href":"https:\/\/srmbologna.it\/index.php?rest_route=\/wp\/v2\/types\/page"}],"author":[{"embeddable":true,"href":"https:\/\/srmbologna.it\/index.php?rest_route=\/wp\/v2\/users\/2"}],"replies":[{"embeddable":true,"href":"https:\/\/srmbologna.it\/index.php?rest_route=%2Fwp%2Fv2%2Fcomments&post=508"}],"version-history":[{"count":18,"href":"https:\/\/srmbologna.it\/index.php?rest_route=\/wp\/v2\/pages\/508\/revisions"}],"predecessor-version":[{"id":10228,"href":"https:\/\/srmbologna.it\/index.php?rest_route=\/wp\/v2\/pages\/508\/revisions\/10228"}],"up":[{"embeddable":true,"href":"https:\/\/srmbologna.it\/index.php?rest_route=\/wp\/v2\/pages\/510"}],"wp:attachment":[{"href":"https:\/\/srmbologna.it\/index.php?rest_route=%2Fwp%2Fv2%2Fmedia&parent=508"}],"curies":[{"name":"wp","href":"https:\/\/api.w.org\/{rel}","templated":true}]}}