{"id":4419,"date":"2019-05-03T09:44:43","date_gmt":"2019-05-03T07:44:43","guid":{"rendered":"http:\/\/www.srmbologna.it\/?page_id=4419"},"modified":"2022-06-29T09:08:50","modified_gmt":"2022-06-29T07:08:50","slug":"smacker","status":"publish","type":"page","link":"https:\/\/srmbologna.it\/?page_id=4419","title":{"rendered":"SMACKER"},"content":{"rendered":"<p><img loading=\"lazy\" decoding=\"async\" class=\"size-medium wp-image-4413 alignleft\" src=\"https:\/\/srmbologna.it\/wp-content\/uploads\/2019\/05\/SMACKER_CMYK-300x130.png\" alt=\"\" width=\"300\" height=\"130\" srcset=\"https:\/\/srmbologna.it\/wp-content\/uploads\/2019\/05\/SMACKER_CMYK-300x130.png 300w, https:\/\/srmbologna.it\/wp-content\/uploads\/2019\/05\/SMACKER_CMYK.png 692w\" sizes=\"auto, (max-width: 300px) 100vw, 300px\" \/><\/p>\n<p>Durata: 01\/04\/2019 \u2013 31\/03\/2022<\/p>\n<p>Budget complessivo: \u20ac 2.144.070,50 &#8211; Finanziamento EU FESR: \u20ac 1.765.572,41 Cofinanziamento nazionale \u20ac 378.498,09 &#8211; Budget per SRM: \u20ac 358.400,00<\/p>\n<p><a href=\"https:\/\/www.interreg-central.eu\/Content.Node\/SMACKER.html\" target=\"_blank\" rel=\"noopener noreferrer\">https:\/\/www.interreg-central.eu\/SMACKER<\/a><\/p>\n<p>Le regioni remote dell&#8217;Europa centrale condividono gli stessi rischi e problemi legati al fatto di trovarsi alla periferia delle principali reti di trasporto. Servizi inadeguati e sottoutilizzati, costi eccessivi, mancanza di servizi dell&#8217;ultimo miglio e inadeguata intermodalit\u00e0, scarsa comunicazione e informazione agli utenti e spostamenti eccessivi in auto sono le sfide che molte regioni dell&#8217;Europa centrale devono affrontare.<\/p>\n<p>Il progetto SMACKER (Soft Measures &amp; Actions for behavioural Change and Knowledge to Embrace peripheral and Rural areas) affronta queste disparit\u00e0 per promuovere il trasporto pubblico e i servizi di trasporto a chiamata che collegano i sistemi locali e regionali ai principali corridoi e nodi di trasporto.<\/p>\n<p>Misure soft (ad esempio campagne di cambiamento del comportamento) e progetti pilota di servizi a chiamata saranno utilizzati per identificare e promuovere soluzioni eco-compatibili per il trasporto pubblico nelle aree rurali e periferiche per ottenere situazioni ambientali pi\u00f9 vivibili e sostenibili, una migliore integrazione della popolazione con i corridoi principali e servizi migliori che alimentano i principali trasporti pubblici. SMACKER aiuter\u00e0 le comunit\u00e0 locali a ridisegnare i propri servizi di trasporto in base alle esigenze degli utenti e incoragger\u00e0 le persone a utilizzarli.<\/p>\n<p>SMACKER \u00e8 finanziato dal programma europeo Interreg \u2013 CENTRAL EUROPE, e ha tra gli obiettivi a livello locale l\u2019avviamento di un servizio innovativo di trasporto pubblico a chiamata nell\u2019Appennino bolognese in area Alto Reno a partire dal luglio 2020.<\/p>\n<p>Seguendo il percorso dettato dal Piano Urbano della Mobilit\u00e0 Sostenibile di Bologna Metropolitana (PUMS), SMACKER studier\u00e0 le problematiche di mobilit\u00e0 delle aree periferiche e rurali nell\u2019area dei comuni montani dell\u2019Alto Reno, pianificher\u00e0 e sperimenter\u00e0 un nuovo servizio di trasporto e attuer\u00e0 azioni di promozione della mobilit\u00e0 sostenibile rivolte a residenti, turisti e attivit\u00e0 commerciali, col fine ultimo di garantire servizi incrementati e ottimizzati sia per le giornate feriali che festive.<\/p>\n<p><a href=\"https:\/\/srmbologna.it\/wp-content\/uploads\/2020\/11\/SMACKER-Mid-term-Press-release_IT_Novembre-2020.pdf\" target=\"_blank\" rel=\"noopener noreferrer\">SMACKER Mid-term Press release<\/a><\/p>\n<p><a href=\"https:\/\/srmbologna.it\/wp-content\/uploads\/2022\/06\/SMACKER-Final-Press-release_IT_Giugno-2022.pdf\" target=\"_blank\" rel=\"noopener\">SMACKER Final Press release<\/a><\/p>\n<p>&nbsp;<\/p>\n<div class=\"pdfprnt-buttons pdfprnt-buttons-page pdfprnt-bottom-right\"><a href=\"https:\/\/srmbologna.it\/index.php?rest_route=%2Fwp%2Fv2%2Fpages%2F4419&print=pdf\" class=\"pdfprnt-button pdfprnt-button-pdf\" target=\"_blank\" ><img decoding=\"async\" src=\"https:\/\/www.srmbologna.it\/wp-content\/plugins\/pdf-print\/images\/pdf.png\" alt=\"image_pdf\" title=\"Visualizza PDF\" \/><\/a><a href=\"https:\/\/srmbologna.it\/index.php?rest_route=%2Fwp%2Fv2%2Fpages%2F4419&print=print\" class=\"pdfprnt-button pdfprnt-button-print\" target=\"_blank\" ><img decoding=\"async\" src=\"https:\/\/www.srmbologna.it\/wp-content\/plugins\/pdf-print\/images\/print.png\" alt=\"image_print\" title=\"Stampa contenuto\" \/><\/a><\/div>","protected":false},"excerpt":{"rendered":"<p>Durata: 01\/04\/2019 \u2013 31\/03\/2022 Budget complessivo: \u20ac 2.144.070,50 &#8211; Finanziamento EU FESR: \u20ac 1.765.572,41 Cofinanziamento nazionale \u20ac 378.498,09 &#8211; Budget per SRM: \u20ac 358.400,00 https:\/\/www.interreg-central.eu\/SMACKER Le regioni remote dell&#8217;Europa centrale condividono gli stessi rischi e problemi legati al fatto di trovarsi alla periferia delle principali reti di trasporto. Servizi inadeguati e sottoutilizzati, costi eccessivi, mancanza [&hellip;]<\/p>\n","protected":false},"author":2,"featured_media":0,"parent":56,"menu_order":0,"comment_status":"closed","ping_status":"closed","template":"","meta":{"_monsterinsights_skip_tracking":false,"_monsterinsights_sitenote_active":false,"_monsterinsights_sitenote_note":"","_monsterinsights_sitenote_category":0,"footnotes":""},"class_list":["post-4419","page","type-page","status-publish","czr-hentry"],"_links":{"self":[{"href":"https:\/\/srmbologna.it\/index.php?rest_route=\/wp\/v2\/pages\/4419","targetHints":{"allow":["GET"]}}],"collection":[{"href":"https:\/\/srmbologna.it\/index.php?rest_route=\/wp\/v2\/pages"}],"about":[{"href":"https:\/\/srmbologna.it\/index.php?rest_route=\/wp\/v2\/types\/page"}],"author":[{"embeddable":true,"href":"https:\/\/srmbologna.it\/index.php?rest_route=\/wp\/v2\/users\/2"}],"replies":[{"embeddable":true,"href":"https:\/\/srmbologna.it\/index.php?rest_route=%2Fwp%2Fv2%2Fcomments&post=4419"}],"version-history":[{"count":6,"href":"https:\/\/srmbologna.it\/index.php?rest_route=\/wp\/v2\/pages\/4419\/revisions"}],"predecessor-version":[{"id":7112,"href":"https:\/\/srmbologna.it\/index.php?rest_route=\/wp\/v2\/pages\/4419\/revisions\/7112"}],"up":[{"embeddable":true,"href":"https:\/\/srmbologna.it\/index.php?rest_route=\/wp\/v2\/pages\/56"}],"wp:attachment":[{"href":"https:\/\/srmbologna.it\/index.php?rest_route=%2Fwp%2Fv2%2Fmedia&parent=4419"}],"curies":[{"name":"wp","href":"https:\/\/api.w.org\/{rel}","templated":true}]}}