{"id":3974,"date":"2019-03-26T10:56:36","date_gmt":"2019-03-26T09:56:36","guid":{"rendered":"http:\/\/www.srmbologna.it\/?page_id=3974"},"modified":"2025-09-17T14:42:43","modified_gmt":"2025-09-17T12:42:43","slug":"articolazione-degli-uffici","status":"publish","type":"page","link":"https:\/\/srmbologna.it\/?page_id=3974","title":{"rendered":"Articolazione degli uffici"},"content":{"rendered":"<p><strong>Organi di amministrazione\/gestione<\/strong><\/p>\n<p><em>Art. 13, c. 1, lett. a), b) e d), d. lgs. n. 33\/2013<\/em><\/p>\n<table>\n<tbody>\n<tr>\n<td width=\"170\">Denominazione<\/td>\n<td width=\"472\"><strong>Amministratore Unico <\/strong><\/td>\n<\/tr>\n<tr>\n<td width=\"170\">Competenze<\/td>\n<td width=\"472\">\u00c8 investito dei poteri per la gestione della societ\u00e0, nel rispetto delle competenze dell&#8217;assemblea e degli indirizzi dei soci. Pu\u00f2 compiere tutti gli atti opportuni per il raggiungimento dell&#8217;oggetto sociale, in attuazione degli obiettivi formulati.<\/td>\n<\/tr>\n<tr>\n<td width=\"170\">Recapito telefonico<\/td>\n<td width=\"472\">+39 051 361328<\/td>\n<\/tr>\n<tr>\n<td width=\"170\">Casella di posta elettronica ordinaria<\/td>\n<td width=\"472\">srm@srmbologna.it<\/td>\n<\/tr>\n<tr>\n<td width=\"170\">Casella di posta elettronica certificata<\/td>\n<td width=\"472\">srmbologna@pec.it<\/td>\n<\/tr>\n<\/tbody>\n<\/table>\n<p>&nbsp;<\/p>\n<p><strong>Articolazione degli uffici<\/strong><\/p>\n<p><em>Art. 13, c. 1, lett. b), d.lgs. n. 33\/2013<\/em><\/p>\n<table>\n<tbody>\n<tr>\n<td width=\"170\">Denominazione<\/td>\n<td width=\"472\"><strong>Dirigente \u2013 coordinatore<\/strong><\/td>\n<\/tr>\n<tr>\n<td width=\"170\">Competenze<\/td>\n<td width=\"472\">Il Dirigente-coordinatore dirige la Societ\u00e0 secondo gli indirizzi degli Enti e dell&#8217;AU. Coordina le attivit\u00e0, gestisce le relazioni esterne e propone modelli strategici per risolvere problemi e favorire l&#8217;evoluzione della societ\u00e0.<\/td>\n<\/tr>\n<tr>\n<td width=\"170\">Denominazione<\/td>\n<td width=\"472\"><strong>Legale \u2013 amministrativo<\/strong><\/td>\n<\/tr>\n<tr>\n<td width=\"170\">Competenze<\/td>\n<td width=\"472\">Funzione che agisce in autonomia o su attivazione delle altre aree, si occupa della verifica di conformit\u00e0 amministrativa degli atti, della gestione dei contratti di servizio e di affitto d&#8217;azienda e delle procedure di affidamento.<\/td>\n<\/tr>\n<tr>\n<td width=\"170\">Denominazione<\/td>\n<td width=\"472\"><strong>Affari Generali, amministrazione e finanza<\/strong><\/td>\n<\/tr>\n<tr>\n<td width=\"170\">Competenze<\/td>\n<td width=\"472\">Ha responsabilit\u00e0 e autonomia su finanziamenti, bilancio, adempimenti societari, acquisti e segreteria. Supporta l&#8217;Amministratore Unico e il CCU, coordinando i team interni di amministrazione e finanza, progetti e segreteria generale.<\/p>\n<p>&nbsp;<\/td>\n<\/tr>\n<tr>\n<td width=\"170\">Denominazione<\/td>\n<td width=\"472\"><strong>Area Tecnica \u2013 Funzioni di Agenzia &#8211; Infrastrutture e mezzi<\/strong><\/td>\n<\/tr>\n<tr>\n<td width=\"170\">Competenze<\/td>\n<td width=\"472\">Gestisce in autonomia il monitoraggio e la manutenzione dei beni di propriet\u00e0 (per TPL e accordi regionali), lo sviluppo infrastrutturale, gli adempimenti normativi e le autorizzazioni per il noleggio con conducente (NCC-bus).<\/td>\n<\/tr>\n<tr>\n<td width=\"170\">Denominazione<\/td>\n<td width=\"472\"><strong>Area Tecnica \u2013 Funzioni di Agenzia &#8211; Mobilit\u00e0<\/strong><\/td>\n<\/tr>\n<tr>\n<td width=\"170\">Competenze<\/td>\n<td width=\"472\">Coordina la struttura di Agenzia, gestendo in autonomia la fattibilit\u00e0 di nuove attivit\u00e0, la definizione di progetti e i contratti. Supervisiona le funzioni interne di flessibilit\u00e0, qualit\u00e0 e controllo dei servizi per raggiungere gli obiettivi aziendali.<\/td>\n<\/tr>\n<tr>\n<td width=\"170\">Recapito telefonico<\/td>\n<td width=\"472\">+39 051 361328<\/td>\n<\/tr>\n<tr>\n<td width=\"170\">Casella di posta elettronica ordinaria<\/td>\n<td width=\"472\">srm@srmbologna.it<\/td>\n<\/tr>\n<tr>\n<td width=\"170\">Casella di posta elettronica certificata<\/td>\n<td width=\"472\">srmbologna@pec.it<\/td>\n<\/tr>\n<\/tbody>\n<\/table>\n<p>&nbsp;<\/p>\n<p>&nbsp;<\/p>\n<p style=\"text-align: right;\">Data di creazione: 26.03.2019 &#8211; Data ultimo aggiornamento: 17.09.2025<\/p>\n<div class=\"pdfprnt-buttons pdfprnt-buttons-page pdfprnt-bottom-right\"><a href=\"https:\/\/srmbologna.it\/index.php?rest_route=%2Fwp%2Fv2%2Fpages%2F3974&print=pdf\" class=\"pdfprnt-button pdfprnt-button-pdf\" target=\"_blank\" ><img decoding=\"async\" src=\"https:\/\/www.srmbologna.it\/wp-content\/plugins\/pdf-print\/images\/pdf.png\" alt=\"image_pdf\" title=\"Visualizza PDF\" \/><\/a><a href=\"https:\/\/srmbologna.it\/index.php?rest_route=%2Fwp%2Fv2%2Fpages%2F3974&print=print\" class=\"pdfprnt-button pdfprnt-button-print\" target=\"_blank\" ><img decoding=\"async\" src=\"https:\/\/www.srmbologna.it\/wp-content\/plugins\/pdf-print\/images\/print.png\" alt=\"image_print\" title=\"Stampa contenuto\" \/><\/a><\/div>","protected":false},"excerpt":{"rendered":"<p>Organi di amministrazione\/gestione Art. 13, c. 1, lett. a), b) e d), d. lgs. n. 33\/2013 Denominazione Amministratore Unico Competenze \u00c8 investito dei poteri per la gestione della societ\u00e0, nel rispetto delle competenze dell&#8217;assemblea e degli indirizzi dei soci. Pu\u00f2 compiere tutti gli atti opportuni per il raggiungimento dell&#8217;oggetto sociale, in attuazione degli obiettivi formulati. [&hellip;]<\/p>\n","protected":false},"author":2,"featured_media":0,"parent":3511,"menu_order":10,"comment_status":"closed","ping_status":"closed","template":"","meta":{"_monsterinsights_skip_tracking":false,"_monsterinsights_sitenote_active":false,"_monsterinsights_sitenote_note":"","_monsterinsights_sitenote_category":0,"footnotes":""},"class_list":["post-3974","page","type-page","status-publish","czr-hentry"],"_links":{"self":[{"href":"https:\/\/srmbologna.it\/index.php?rest_route=\/wp\/v2\/pages\/3974","targetHints":{"allow":["GET"]}}],"collection":[{"href":"https:\/\/srmbologna.it\/index.php?rest_route=\/wp\/v2\/pages"}],"about":[{"href":"https:\/\/srmbologna.it\/index.php?rest_route=\/wp\/v2\/types\/page"}],"author":[{"embeddable":true,"href":"https:\/\/srmbologna.it\/index.php?rest_route=\/wp\/v2\/users\/2"}],"replies":[{"embeddable":true,"href":"https:\/\/srmbologna.it\/index.php?rest_route=%2Fwp%2Fv2%2Fcomments&post=3974"}],"version-history":[{"count":8,"href":"https:\/\/srmbologna.it\/index.php?rest_route=\/wp\/v2\/pages\/3974\/revisions"}],"predecessor-version":[{"id":10018,"href":"https:\/\/srmbologna.it\/index.php?rest_route=\/wp\/v2\/pages\/3974\/revisions\/10018"}],"up":[{"embeddable":true,"href":"https:\/\/srmbologna.it\/index.php?rest_route=\/wp\/v2\/pages\/3511"}],"wp:attachment":[{"href":"https:\/\/srmbologna.it\/index.php?rest_route=%2Fwp%2Fv2%2Fmedia&parent=3974"}],"curies":[{"name":"wp","href":"https:\/\/api.w.org\/{rel}","templated":true}]}}