{"id":3970,"date":"2019-03-26T10:48:53","date_gmt":"2019-03-26T09:48:53","guid":{"rendered":"http:\/\/www.srmbologna.it\/?page_id=3970"},"modified":"2024-12-02T17:37:34","modified_gmt":"2024-12-02T16:37:34","slug":"documenti-di-programmazione-strategico-gestionale","status":"publish","type":"page","link":"https:\/\/srmbologna.it\/?page_id=3970","title":{"rendered":"Documenti di programmazione strategico-gestionale"},"content":{"rendered":"<p><em>Art. 12, c. 1, d.lgs. n. 33\/2013<\/em><\/p>\n<p><a href=\"https:\/\/srmbologna.it\/wp-content\/uploads\/2024\/12\/DUP-2024_2026_capitolo-6-Estratto-per-sito.pdf\" target=\"_blank\" rel=\"noopener\"><img loading=\"lazy\" decoding=\"async\" class=\"alignnone size-full wp-image-3562\" src=\"https:\/\/srmbologna.it\/wp-content\/uploads\/2019\/02\/pdf.png\" alt=\"\" width=\"30\" height=\"34\" \/> Estratto del DUP Comune di Bologna 2024-2026<\/a><\/p>\n<p><a href=\"https:\/\/srmbologna.it\/wp-content\/uploads\/2024\/12\/DUP-2024-2026-Sezione-Strategica_estratto-sito.pdf\" target=\"_blank\" rel=\"noopener\"><img loading=\"lazy\" decoding=\"async\" class=\"alignnone size-full wp-image-3562\" src=\"https:\/\/srmbologna.it\/wp-content\/uploads\/2019\/02\/pdf.png\" alt=\"\" width=\"30\" height=\"34\" \/> Estratto del DUP Citt\u00e0 metropolitana di Bologna 2024-2026<\/a><\/p>\n<p><a href=\"https:\/\/srmbologna.it\/wp-content\/uploads\/2023\/05\/Estratto-del-DUP-Comune-di-Bologna-2023-2025.pdf\" target=\"_blank\" rel=\"noopener\"><img loading=\"lazy\" decoding=\"async\" class=\"alignnone size-full wp-image-3562\" src=\"https:\/\/srmbologna.it\/wp-content\/uploads\/2019\/02\/pdf.png\" alt=\"\" width=\"30\" height=\"34\" \/> Estratto del DUP Comune di Bologna 2023-2025<\/a><\/p>\n<p><a href=\"https:\/\/srmbologna.it\/wp-content\/uploads\/2023\/05\/Estratto-del-DUP-Citta-metropolitana-di-Bologna-2023-2025.pdf\" target=\"_blank\" rel=\"noopener\"><img loading=\"lazy\" decoding=\"async\" class=\"alignnone size-full wp-image-3562\" src=\"https:\/\/srmbologna.it\/wp-content\/uploads\/2019\/02\/pdf.png\" alt=\"\" width=\"30\" height=\"34\" \/> Estratto del DUP Citt\u00e0 metropolitana di Bologna 2023-2025<\/a><\/p>\n<p><a href=\"https:\/\/srmbologna.it\/wp-content\/uploads\/2022\/02\/Estratto-del-DUP-del-Comune-di-Bologna-2022-2024.pdf\" target=\"_blank\" rel=\"noopener\"><img loading=\"lazy\" decoding=\"async\" class=\"alignnone size-full wp-image-3562\" src=\"https:\/\/srmbologna.it\/wp-content\/uploads\/2019\/02\/pdf.png\" alt=\"\" width=\"30\" height=\"34\" \/> Estratto del DUP Comune di Bologna 2022-2024<\/a><\/p>\n<p><a href=\"https:\/\/srmbologna.it\/wp-content\/uploads\/2022\/02\/Estratto-del-DUP-Citta-Metropolitana-di-Bologna-2022-2024.pdf\" target=\"_blank\" rel=\"noopener\"><img loading=\"lazy\" decoding=\"async\" class=\"alignnone size-full wp-image-3562\" src=\"https:\/\/srmbologna.it\/wp-content\/uploads\/2019\/02\/pdf.png\" alt=\"\" width=\"30\" height=\"34\" \/> Estratto del DUP Citt\u00e0 metropolitana di Bologna 2022-2024<\/a><\/p>\n<p><a href=\"https:\/\/srmbologna.it\/wp-content\/uploads\/2021\/02\/fs935729_DUP-2021-2023_Emendato_Obiettivi-annuali-pluriennali-societa-partecipate_sito.pdf\" target=\"_blank\" rel=\"noopener noreferrer\"><img loading=\"lazy\" decoding=\"async\" class=\"alignnone size-full wp-image-3562\" src=\"https:\/\/srmbologna.it\/wp-content\/uploads\/2019\/02\/pdf.png\" alt=\"\" width=\"30\" height=\"34\" \/> Estratto del DUP Comune di Bologna 2021-2023 &#8211; Indirizzi generali<\/a><\/p>\n<p><a href=\"https:\/\/srmbologna.it\/wp-content\/uploads\/2021\/02\/DUP_2021-2023_Sezione_Strategica_emendato_sito.pdf\" target=\"_blank\" rel=\"noopener noreferrer\"><img loading=\"lazy\" decoding=\"async\" class=\"alignnone size-full wp-image-3562\" src=\"https:\/\/srmbologna.it\/wp-content\/uploads\/2019\/02\/pdf.png\" alt=\"\" width=\"30\" height=\"34\" \/> Estratto del DUP Citt\u00e0 metropolitana di Bologna 2021-2023<\/a><\/p>\n<p><a href=\"https:\/\/srmbologna.it\/wp-content\/uploads\/2020\/01\/dup_2020_2022_capitolo_7-Comune-di-Bologna_estrattoSRM.pdf\" target=\"_blank\" rel=\"noopener noreferrer\"><img loading=\"lazy\" decoding=\"async\" class=\"alignnone size-full wp-image-3562\" src=\"https:\/\/srmbologna.it\/wp-content\/uploads\/2019\/02\/pdf.png\" alt=\"\" width=\"30\" height=\"34\" \/> Estratto del DUP Comune di Bologna 2020-2022<\/a><\/p>\n<p><a href=\"https:\/\/srmbologna.it\/wp-content\/uploads\/2020\/01\/DUP-CMBO-Sezione_Strategica_estrattoSRM.pdf\" target=\"_blank\" rel=\"noopener noreferrer\"><img loading=\"lazy\" decoding=\"async\" class=\"alignnone size-full wp-image-3562\" src=\"https:\/\/srmbologna.it\/wp-content\/uploads\/2019\/02\/pdf.png\" alt=\"\" width=\"30\" height=\"34\" \/> Estratto del DUP Citt\u00e0 metropolitana di Bologna 2019-2021<\/a><\/p>\n<p style=\"text-align: right;\">Data ultimo aggiornamento: 02.12.2024<\/p>\n<p style=\"text-align: right;\">Data monitoraggio RT: 30.06.2023<\/p>\n<div class=\"pdfprnt-buttons pdfprnt-buttons-page pdfprnt-bottom-right\"><a href=\"https:\/\/srmbologna.it\/index.php?rest_route=%2Fwp%2Fv2%2Fpages%2F3970&print=pdf\" class=\"pdfprnt-button pdfprnt-button-pdf\" target=\"_blank\" ><img decoding=\"async\" src=\"https:\/\/www.srmbologna.it\/wp-content\/plugins\/pdf-print\/images\/pdf.png\" alt=\"image_pdf\" title=\"Visualizza PDF\" \/><\/a><a href=\"https:\/\/srmbologna.it\/index.php?rest_route=%2Fwp%2Fv2%2Fpages%2F3970&print=print\" class=\"pdfprnt-button pdfprnt-button-print\" target=\"_blank\" ><img decoding=\"async\" src=\"https:\/\/www.srmbologna.it\/wp-content\/plugins\/pdf-print\/images\/print.png\" alt=\"image_print\" title=\"Stampa contenuto\" \/><\/a><\/div>","protected":false},"excerpt":{"rendered":"<p>Art. 12, c. 1, d.lgs. n. 33\/2013 Estratto del DUP Comune di Bologna 2024-2026 Estratto del DUP Citt\u00e0 metropolitana di Bologna 2024-2026 Estratto del DUP Comune di Bologna 2023-2025 Estratto del DUP Citt\u00e0 metropolitana di Bologna 2023-2025 Estratto del DUP Comune di Bologna 2022-2024 Estratto del DUP Citt\u00e0 metropolitana di Bologna 2022-2024 Estratto del DUP [&hellip;]<\/p>\n","protected":false},"author":2,"featured_media":0,"parent":3511,"menu_order":4,"comment_status":"closed","ping_status":"closed","template":"","meta":{"_monsterinsights_skip_tracking":false,"_monsterinsights_sitenote_active":false,"_monsterinsights_sitenote_note":"","_monsterinsights_sitenote_category":0,"footnotes":""},"class_list":["post-3970","page","type-page","status-publish","czr-hentry"],"_links":{"self":[{"href":"https:\/\/srmbologna.it\/index.php?rest_route=\/wp\/v2\/pages\/3970","targetHints":{"allow":["GET"]}}],"collection":[{"href":"https:\/\/srmbologna.it\/index.php?rest_route=\/wp\/v2\/pages"}],"about":[{"href":"https:\/\/srmbologna.it\/index.php?rest_route=\/wp\/v2\/types\/page"}],"author":[{"embeddable":true,"href":"https:\/\/srmbologna.it\/index.php?rest_route=\/wp\/v2\/users\/2"}],"replies":[{"embeddable":true,"href":"https:\/\/srmbologna.it\/index.php?rest_route=%2Fwp%2Fv2%2Fcomments&post=3970"}],"version-history":[{"count":17,"href":"https:\/\/srmbologna.it\/index.php?rest_route=\/wp\/v2\/pages\/3970\/revisions"}],"predecessor-version":[{"id":9318,"href":"https:\/\/srmbologna.it\/index.php?rest_route=\/wp\/v2\/pages\/3970\/revisions\/9318"}],"up":[{"embeddable":true,"href":"https:\/\/srmbologna.it\/index.php?rest_route=\/wp\/v2\/pages\/3511"}],"wp:attachment":[{"href":"https:\/\/srmbologna.it\/index.php?rest_route=%2Fwp%2Fv2%2Fmedia&parent=3970"}],"curies":[{"name":"wp","href":"https:\/\/api.w.org\/{rel}","templated":true}]}}