{"id":3958,"date":"2019-03-20T17:26:53","date_gmt":"2019-03-20T16:26:53","guid":{"rendered":"http:\/\/www.srmbologna.it\/?page_id=3958"},"modified":"2024-09-04T09:28:21","modified_gmt":"2024-09-04T07:28:21","slug":"tipologie-di-procedimento","status":"publish","type":"page","link":"https:\/\/srmbologna.it\/?page_id=3958","title":{"rendered":"Tipologie di procedimento"},"content":{"rendered":"<p><em>Art. 35, c. 1, lett. a), b), c), d), e), f), g), h), i), l), m) d.lgs. n. 33\/2013<\/em><\/p>\n<p><strong>Elenco delle attivit\u00e0 e procedimenti<\/strong><\/p>\n<table style=\"width: 696px;\">\n<tbody>\n<tr>\n<td style=\"width: 239px;\">\n<h4>Attivit\u00e0 e Procedimenti<\/h4>\n<\/td>\n<td style=\"width: 153px;\">\n<h4>Riferimento<\/h4>\n<\/td>\n<td style=\"width: 282px;\">\n<h4>Istruzioni e Modelli<\/h4>\n<\/td>\n<\/tr>\n<tr>\n<td style=\"width: 239px;\">Affidamento servizi TPL e servizi mobilit\u00e0<\/td>\n<td style=\"width: 153px;\">Mobilit\u00e0<\/p>\n<p>Tel. 051\/361328<\/p>\n<p>Mail: srm@srmbologna.it<\/td>\n<td style=\"width: 282px;\"><\/td>\n<\/tr>\n<tr>\n<td style=\"width: 239px;\">Sicurezza delle fermate<\/td>\n<td style=\"width: 153px;\">Mobilit\u00e0<\/p>\n<p>Tel. 051\/361328<\/p>\n<p>Mail: srm@srmbologna.it<\/td>\n<td style=\"width: 282px;\"><\/td>\n<\/tr>\n<\/tbody>\n<\/table>\n<p>&nbsp;<\/p>\n<p><strong>Elenco delle attivit\u00e0 e procedimenti a istanza di parte<\/strong><\/p>\n<table style=\"width: 681px;\">\n<tbody>\n<tr>\n<td style=\"width: 234px;\">\n<h4>Attivit\u00e0 e Procedimenti<\/h4>\n<\/td>\n<td style=\"width: 159px;\">\n<h4>Riferimento<\/h4>\n<\/td>\n<td style=\"width: 266px;\">\n<h4>Istruzioni e Modelli<\/h4>\n<\/td>\n<\/tr>\n<tr>\n<td style=\"width: 234px;\">Autorizzazioni NCC-bus<\/td>\n<td style=\"width: 159px;\">Infrastrutture e Mezzi<\/p>\n<p>Tel. 051\/361328<\/p>\n<p>Mail: srm@srmbologna.it<\/p>\n<p>&nbsp;<\/td>\n<td style=\"width: 266px;\"><a href=\"https:\/\/srmbologna.it\/?page_id=2672\">https:\/\/srmbologna.it\/?page_id=2672<\/a><\/td>\n<\/tr>\n<tr>\n<td style=\"width: 234px;\">Affidamento linee specializzate e gran turismo<\/td>\n<td style=\"width: 159px;\">Mobilit\u00e0<\/p>\n<p>Tel. 051\/361328<\/p>\n<p>Mail: srm@srmbologna.it<\/p>\n<p>&nbsp;<\/td>\n<td style=\"width: 266px;\"><a href=\"https:\/\/www.srmbologna.it\/?page_id=8751\"><span style=\"font-family: inherit; font-size: inherit;\"> https:\/\/www.srmbologna.it\/?page_id=8751<\/span><\/a><\/td>\n<\/tr>\n<\/tbody>\n<\/table>\n<p style=\"text-align: right;\">Data ultimo aggiornamento: 04.09.2024<\/p>\n<p style=\"text-align: right;\">Data monitoraggio RT: 04.09.2024<\/p>\n<p>&nbsp;<\/p>\n<div class=\"pdfprnt-buttons pdfprnt-buttons-page pdfprnt-bottom-right\"><a href=\"https:\/\/srmbologna.it\/index.php?rest_route=%2Fwp%2Fv2%2Fpages%2F3958&print=pdf\" class=\"pdfprnt-button pdfprnt-button-pdf\" target=\"_blank\" ><img decoding=\"async\" src=\"https:\/\/www.srmbologna.it\/wp-content\/plugins\/pdf-print\/images\/pdf.png\" alt=\"image_pdf\" title=\"Visualizza PDF\" \/><\/a><a href=\"https:\/\/srmbologna.it\/index.php?rest_route=%2Fwp%2Fv2%2Fpages%2F3958&print=print\" class=\"pdfprnt-button pdfprnt-button-print\" target=\"_blank\" ><img decoding=\"async\" src=\"https:\/\/www.srmbologna.it\/wp-content\/plugins\/pdf-print\/images\/print.png\" alt=\"image_print\" title=\"Stampa contenuto\" \/><\/a><\/div>","protected":false},"excerpt":{"rendered":"<p>Art. 35, c. 1, lett. a), b), c), d), e), f), g), h), i), l), m) d.lgs. n. 33\/2013 Elenco delle attivit\u00e0 e procedimenti Attivit\u00e0 e Procedimenti Riferimento Istruzioni e Modelli Affidamento servizi TPL e servizi mobilit\u00e0 Mobilit\u00e0 Tel. 051\/361328 Mail: srm@srmbologna.it Sicurezza delle fermate Mobilit\u00e0 Tel. 051\/361328 Mail: srm@srmbologna.it &nbsp; Elenco delle attivit\u00e0 e [&hellip;]<\/p>\n","protected":false},"author":2,"featured_media":0,"parent":3511,"menu_order":33,"comment_status":"closed","ping_status":"closed","template":"","meta":{"_monsterinsights_skip_tracking":false,"_monsterinsights_sitenote_active":false,"_monsterinsights_sitenote_note":"","_monsterinsights_sitenote_category":0,"footnotes":""},"class_list":["post-3958","page","type-page","status-publish","czr-hentry"],"_links":{"self":[{"href":"https:\/\/srmbologna.it\/index.php?rest_route=\/wp\/v2\/pages\/3958","targetHints":{"allow":["GET"]}}],"collection":[{"href":"https:\/\/srmbologna.it\/index.php?rest_route=\/wp\/v2\/pages"}],"about":[{"href":"https:\/\/srmbologna.it\/index.php?rest_route=\/wp\/v2\/types\/page"}],"author":[{"embeddable":true,"href":"https:\/\/srmbologna.it\/index.php?rest_route=\/wp\/v2\/users\/2"}],"replies":[{"embeddable":true,"href":"https:\/\/srmbologna.it\/index.php?rest_route=%2Fwp%2Fv2%2Fcomments&post=3958"}],"version-history":[{"count":12,"href":"https:\/\/srmbologna.it\/index.php?rest_route=\/wp\/v2\/pages\/3958\/revisions"}],"predecessor-version":[{"id":9173,"href":"https:\/\/srmbologna.it\/index.php?rest_route=\/wp\/v2\/pages\/3958\/revisions\/9173"}],"up":[{"embeddable":true,"href":"https:\/\/srmbologna.it\/index.php?rest_route=\/wp\/v2\/pages\/3511"}],"wp:attachment":[{"href":"https:\/\/srmbologna.it\/index.php?rest_route=%2Fwp%2Fv2%2Fmedia&parent=3958"}],"curies":[{"name":"wp","href":"https:\/\/api.w.org\/{rel}","templated":true}]}}