{"id":3908,"date":"2019-03-20T15:21:30","date_gmt":"2019-03-20T14:21:30","guid":{"rendered":"http:\/\/www.srmbologna.it\/?page_id=3908"},"modified":"2025-05-30T10:49:00","modified_gmt":"2025-05-30T08:49:00","slug":"altri-contenuti-privacy","status":"publish","type":"page","link":"https:\/\/srmbologna.it\/?page_id=3908","title":{"rendered":"Altri contenuti: privacy"},"content":{"rendered":"<p><strong>Titolare del trattamento dei dati<\/strong><\/p>\n<p>Il titolare del trattamento dei dati \u00e8 la SRM Societ\u00e0 Reti e Mobilit\u00e0 s.r.l. Via Calzoni 1\/3 \u2013 Bologna.<\/p>\n<p>\u00c8\u00a0possibile richiedere\u00a0 al\u00a0 Titolare\u00a0 l&#8217;accesso\u00a0 ai\u00a0 tuoi\u00a0 dati\u00a0 personali e\u00a0 la\u00a0 rettifica o la\u00a0 cancellazione\u00a0 degli\u00a0 stessi\u00a0 o\u00a0 la\u00a0 limitazione\u00a0 del\u00a0 trattamento\u00a0 e\u00a0 di\u00a0 opporti\u00a0 al\u00a0 loro\u00a0 trattamento (ad\u00a0 eccezione\u00a0 del\u00a0 caso\u00a0 in\u00a0 cui\u00a0 il\u00a0 trattamento\u00a0 sia\u00a0 per\u00a0 fini\u00a0 civilistici\u00a0 o\u00a0 per\u00a0 adempiere\u00a0 ad\u00a0 obblighi\u00a0 di\u00a0 legge),\u00a0 oltre\u00a0 al\u00a0 diritto\u00a0 alla\u00a0 portabilit\u00e0\u00a0 dei\u00a0 dati.<\/p>\n<p>Per\u00a0 esercitare\u00a0 tali\u00a0 diritti\u00a0 \u00e8 necessario\u00a0 scrivere\u00a0 al\u00a0 Titolare:<br \/>\n&#8211;\u00a0 a\u00a0 mezzo\u00a0 posta\u00a0 elettronica srm [@]\u00a0srmbologna.it<br \/>\n&#8211;\u00a0 a\u00a0 mezzo\u00a0 posta\u00a0 ordinaria presso SRM\u00a0 Societ\u00e0\u00a0 Reti\u00a0 e\u00a0 Mobilit\u00e0\u00a0 s.r.l.\u00a0\u00a0Via\u00a0 Calzoni\u00a0 1\/3\u00a0 \u2013Bologna;<br \/>\n&#8211; a mezzo PEC srmbologna [@]\u00a0pec.it.<\/p>\n<p><strong>Responsabile della Protezione dei Dati (RPD)<\/strong><\/p>\n<p>Il Responsabile della Protezione dei Dati per la SRM &#8211; Reti e Mobilit\u00e0 Srl \u00e8 l&#8217;ing. Tommaso Bonino, nominato in data 24 maggio 2018.<\/p>\n<p>\u00c8 possibile reperire il RPD:<\/p>\n<p>&#8211; a\u00a0 mezzo\u00a0 posta\u00a0 elettronica srm [@] srmbologna.it<br \/>\n&#8211; a\u00a0 mezzo\u00a0 posta\u00a0 ordinaria presso SRM\u00a0 Societ\u00e0\u00a0 Reti\u00a0 e\u00a0 Mobilit\u00e0\u00a0 s.r.l.\u00a0\u00a0Via\u00a0 Calzoni\u00a0 1\/3\u00a0 \u2013Bologna;<br \/>\n&#8211; a mezzo PEC srmbologna [@] pec.it.<\/p>\n<p>&nbsp;<\/p>\n<p style=\"text-align: right;\">Data creazione: 20.03.2019 &#8211; Data ultimo aggiornamento: 30.05.2025<\/p>\n<p style=\"text-align: right;\">Data monitoraggio RT: 30.05.2025<\/p>\n<div class=\"pdfprnt-buttons pdfprnt-buttons-page pdfprnt-bottom-right\"><a href=\"https:\/\/srmbologna.it\/index.php?rest_route=%2Fwp%2Fv2%2Fpages%2F3908&print=pdf\" class=\"pdfprnt-button pdfprnt-button-pdf\" target=\"_blank\" ><img decoding=\"async\" src=\"https:\/\/www.srmbologna.it\/wp-content\/plugins\/pdf-print\/images\/pdf.png\" alt=\"image_pdf\" title=\"Visualizza PDF\" \/><\/a><a href=\"https:\/\/srmbologna.it\/index.php?rest_route=%2Fwp%2Fv2%2Fpages%2F3908&print=print\" class=\"pdfprnt-button pdfprnt-button-print\" target=\"_blank\" ><img decoding=\"async\" src=\"https:\/\/www.srmbologna.it\/wp-content\/plugins\/pdf-print\/images\/print.png\" alt=\"image_print\" title=\"Stampa contenuto\" \/><\/a><\/div>","protected":false},"excerpt":{"rendered":"<p>Titolare del trattamento dei dati Il titolare del trattamento dei dati \u00e8 la SRM Societ\u00e0 Reti e Mobilit\u00e0 s.r.l. Via Calzoni 1\/3 \u2013 Bologna. \u00c8\u00a0possibile richiedere\u00a0 al\u00a0 Titolare\u00a0 l&#8217;accesso\u00a0 ai\u00a0 tuoi\u00a0 dati\u00a0 personali e\u00a0 la\u00a0 rettifica o la\u00a0 cancellazione\u00a0 degli\u00a0 stessi\u00a0 o\u00a0 la\u00a0 limitazione\u00a0 del\u00a0 trattamento\u00a0 e\u00a0 di\u00a0 opporti\u00a0 al\u00a0 loro\u00a0 trattamento (ad\u00a0 eccezione\u00a0 del\u00a0 [&hellip;]<\/p>\n","protected":false},"author":2,"featured_media":0,"parent":3511,"menu_order":83,"comment_status":"closed","ping_status":"closed","template":"","meta":{"_monsterinsights_skip_tracking":false,"_monsterinsights_sitenote_active":false,"_monsterinsights_sitenote_note":"","_monsterinsights_sitenote_category":0,"footnotes":""},"class_list":["post-3908","page","type-page","status-publish","czr-hentry"],"_links":{"self":[{"href":"https:\/\/srmbologna.it\/index.php?rest_route=\/wp\/v2\/pages\/3908","targetHints":{"allow":["GET"]}}],"collection":[{"href":"https:\/\/srmbologna.it\/index.php?rest_route=\/wp\/v2\/pages"}],"about":[{"href":"https:\/\/srmbologna.it\/index.php?rest_route=\/wp\/v2\/types\/page"}],"author":[{"embeddable":true,"href":"https:\/\/srmbologna.it\/index.php?rest_route=\/wp\/v2\/users\/2"}],"replies":[{"embeddable":true,"href":"https:\/\/srmbologna.it\/index.php?rest_route=%2Fwp%2Fv2%2Fcomments&post=3908"}],"version-history":[{"count":9,"href":"https:\/\/srmbologna.it\/index.php?rest_route=\/wp\/v2\/pages\/3908\/revisions"}],"predecessor-version":[{"id":9860,"href":"https:\/\/srmbologna.it\/index.php?rest_route=\/wp\/v2\/pages\/3908\/revisions\/9860"}],"up":[{"embeddable":true,"href":"https:\/\/srmbologna.it\/index.php?rest_route=\/wp\/v2\/pages\/3511"}],"wp:attachment":[{"href":"https:\/\/srmbologna.it\/index.php?rest_route=%2Fwp%2Fv2%2Fmedia&parent=3908"}],"curies":[{"name":"wp","href":"https:\/\/api.w.org\/{rel}","templated":true}]}}