{"id":38,"date":"2013-12-07T00:45:01","date_gmt":"2013-12-06T23:45:01","guid":{"rendered":"http:\/\/www.srmbologna.it\/?page_id=38"},"modified":"2025-06-27T08:09:46","modified_gmt":"2025-06-27T06:09:46","slug":"chi-siamo","status":"publish","type":"page","link":"https:\/\/srmbologna.it\/?page_id=38","title":{"rendered":"Staff"},"content":{"rendered":"<p><span style=\"text-decoration: underline;\">Marco AMADORI<\/span><\/p>\n<p>Cura la verifica di sicurezza di percorsi e fermate del trasporto pubblico locale, nonch\u00e9 iniziative puntuali di sviluppo tecnologico e progetti finanziati.<\/p>\n<p><span style=\"text-decoration: underline;\">Cristina BACCILIERI<\/span><\/p>\n<p>Gestisce i contratti che regolano i servizi di sosta e di sharing e cura i rapporti con i soggetti erogatori e con gli Enti Locali.<\/p>\n<p><span style=\"text-decoration: underline;\">Tommaso BONINO<\/span><\/p>\n<p>\u00c8 il dirigente tecnico coordinatore della societ\u00e0 e sovrintende il regolare funzionamento di tutte le operazioni in capo alla societ\u00e0. Relaziona all\u2019Amministratore Unico.<\/p>\n<p><span style=\"text-decoration: underline;\">Neva DIVANI<\/span><\/p>\n<p>Gestisce le attivit\u00e0 di segreteria, incluse le relazioni con gli interlocutori istituzionali della SRM. Si occupa del protocollo, della contabilit\u00e0 e del personale nell\u2019ambito degli Affari generali.<\/p>\n<p><span style=\"text-decoration: underline;\">Giorgio FIORILLO<\/span><\/p>\n<p>\u00c8 impegnato nella gestione tecnica dei contratti di servizio, cura le relazioni con gli enti locali e produce studi e approfondimenti inerenti i contratti medesimi.<\/p>\n<p><span style=\"text-decoration: underline;\">Chiara LEPORI<\/span><\/p>\n<p>Supporta la gestione degli aspetti economico-trasportistici degli affidamenti in corso e l&#8217;amministrazione dei finanziamenti riconosciuti alla SRM &#8211; anche da fonti Europee &#8211; per il coordinamento e l&#8217;implementazione di progetti puntuali.<\/p>\n<p><span style=\"text-decoration: underline;\">Giuseppe LIGUORI<\/span><\/p>\n<p>\u00c8 responsabile della gestione degli Affari generali, cura le relazioni con gli enti soci e con i partner dei gruppi di lavoro creati nell\u2019ambito dei progetti finanziati dalla Commissione Europea.<\/p>\n<p><span style=\"text-decoration: underline;\">Eugenio MARGELLI.<\/span><\/p>\n<p>Gestisce le banche-dati di interesse della societ\u00e0 e degli enti locali, generate soprattutto dalle reportistiche previste dai contratti di servizio sottoscritti.<\/p>\n<p><span style=\"text-decoration: underline;\">Giuseppe MELELEO<\/span><\/p>\n<p>Segue il contratto di affitto di ramo d\u2019azienda inerente gli immobili e le tecnologie di propriet\u00e0 della SRM, essenziali per l\u2019esercizio del trasporto pubblico. \u00c8 incaricato di relazionarsi con le imprese NCC-bus.<\/p>\n<p><span style=\"text-decoration: underline;\">Raffaella RUGGIERO<\/span><\/p>\n<p>Fornisce supporto nello svolgimento delle procedure di gara e nelle fasi successive per l\u2019affidamento dei contratti di servizio di cui sovrintende gli aspetti giuridici e amministrativi, nonch\u00e9 gli obblighi informativi correlati.<\/p>\n<p><span style=\"text-decoration: underline;\">Paola VALMASSOI<\/span><\/p>\n<p>Svolge attivit\u00e0 amministrativa con funzioni di segreteria e gestione documentale sotto la diretta supervisione del Responsabile Affari Generali della SRM.<\/p>\n<p>&nbsp;<\/p>\n<p>L\u2019intero gruppo di lavoro \u00e8 coordinato per evidenziare e valorizzare condivisione e sinergie. Diverse attivit\u00e0, fra queste il controllo sui servizi erogati, sono condotte da tutto il personale con impegno variabile, con l\u2019obiettivo di ottimizzare le risorse a disposizione e lo spirito di collaborazione.<\/p>\n<p>&nbsp;<\/p>\n<div class=\"pdfprnt-buttons pdfprnt-buttons-page pdfprnt-bottom-right\"><a href=\"https:\/\/srmbologna.it\/index.php?rest_route=%2Fwp%2Fv2%2Fpages%2F38&print=pdf\" class=\"pdfprnt-button pdfprnt-button-pdf\" target=\"_blank\" ><img decoding=\"async\" src=\"https:\/\/www.srmbologna.it\/wp-content\/plugins\/pdf-print\/images\/pdf.png\" alt=\"image_pdf\" title=\"Visualizza PDF\" \/><\/a><a href=\"https:\/\/srmbologna.it\/index.php?rest_route=%2Fwp%2Fv2%2Fpages%2F38&print=print\" class=\"pdfprnt-button pdfprnt-button-print\" target=\"_blank\" ><img decoding=\"async\" src=\"https:\/\/www.srmbologna.it\/wp-content\/plugins\/pdf-print\/images\/print.png\" alt=\"image_print\" title=\"Stampa contenuto\" \/><\/a><\/div>","protected":false},"excerpt":{"rendered":"<p>Marco AMADORI Cura la verifica di sicurezza di percorsi e fermate del trasporto pubblico locale, nonch\u00e9 iniziative puntuali di sviluppo tecnologico e progetti finanziati. Cristina BACCILIERI Gestisce i contratti che regolano i servizi di sosta e di sharing e cura i rapporti con i soggetti erogatori e con gli Enti Locali. Tommaso BONINO \u00c8 il [&hellip;]<\/p>\n","protected":false},"author":2,"featured_media":0,"parent":24,"menu_order":2,"comment_status":"closed","ping_status":"closed","template":"custom-page.php","meta":{"_monsterinsights_skip_tracking":false,"_monsterinsights_sitenote_active":false,"_monsterinsights_sitenote_note":"","_monsterinsights_sitenote_category":0,"footnotes":""},"class_list":["post-38","page","type-page","status-publish","czr-hentry"],"_links":{"self":[{"href":"https:\/\/srmbologna.it\/index.php?rest_route=\/wp\/v2\/pages\/38","targetHints":{"allow":["GET"]}}],"collection":[{"href":"https:\/\/srmbologna.it\/index.php?rest_route=\/wp\/v2\/pages"}],"about":[{"href":"https:\/\/srmbologna.it\/index.php?rest_route=\/wp\/v2\/types\/page"}],"author":[{"embeddable":true,"href":"https:\/\/srmbologna.it\/index.php?rest_route=\/wp\/v2\/users\/2"}],"replies":[{"embeddable":true,"href":"https:\/\/srmbologna.it\/index.php?rest_route=%2Fwp%2Fv2%2Fcomments&post=38"}],"version-history":[{"count":24,"href":"https:\/\/srmbologna.it\/index.php?rest_route=\/wp\/v2\/pages\/38\/revisions"}],"predecessor-version":[{"id":9914,"href":"https:\/\/srmbologna.it\/index.php?rest_route=\/wp\/v2\/pages\/38\/revisions\/9914"}],"up":[{"embeddable":true,"href":"https:\/\/srmbologna.it\/index.php?rest_route=\/wp\/v2\/pages\/24"}],"wp:attachment":[{"href":"https:\/\/srmbologna.it\/index.php?rest_route=%2Fwp%2Fv2%2Fmedia&parent=38"}],"curies":[{"name":"wp","href":"https:\/\/api.w.org\/{rel}","templated":true}]}}