{"id":3632,"date":"2019-02-11T10:22:48","date_gmt":"2019-02-11T09:22:48","guid":{"rendered":"http:\/\/www.srmbologna.it\/?page_id=3632"},"modified":"2020-01-13T12:55:14","modified_gmt":"2020-01-13T11:55:14","slug":"organi-di-indirizzo-politico-e-di-amministrazione-e-gestione-2","status":"publish","type":"page","link":"https:\/\/srmbologna.it\/?page_id=3632","title":{"rendered":"Organi di indirizzo politico e di amministrazione e gestione"},"content":{"rendered":"<p><em>Art. 13, c. 1, lett. a), d.lgs. n. 33\/2013<\/em><\/p>\n<p><strong>Assemblea dei Soci<\/strong><\/p>\n<p>L&#8217;organo di indirizzo politico viene individuato nell&#8217;Assemblea dei Soci. Non vengono pubblicati i relativi dati in quanto si tratta di Amministrazioni Pubbliche.<\/p>\n<p>Elenco dei Soci:<\/p>\n<p>&#8211; Comune di Bologna &#8211; 61,625%<\/p>\n<p>&#8211; Citt\u00e0 Metropolitana di Bologna &#8211; 38,375%<\/p>\n<p>&nbsp;<\/p>\n<p>Link a siti istituzionali<\/p>\n<p><a href=\"http:\/\/www.comune.bologna.it\/\" target=\"_blank\" rel=\"noopener noreferrer\"><img loading=\"lazy\" decoding=\"async\" class=\"alignnone size-full wp-image-1053\" src=\"https:\/\/srmbologna.it\/wp-content\/uploads\/2014\/10\/logo_cobo.png\" alt=\"logo_cobo\" width=\"114\" height=\"90\" \/><img loading=\"lazy\" decoding=\"async\" class=\"alignnone size-full wp-image-1052\" src=\"https:\/\/srmbologna.it\/wp-content\/uploads\/2014\/10\/logo_cm.png\" alt=\"logo_cm\" width=\"200\" height=\"90\" \/><\/a><\/p>\n<p>&nbsp;<\/p>\n<p><a href=\"https:\/\/srmbologna.it\/wp-content\/uploads\/2015\/12\/SRM-Verbale-ASS-28.04.2014_v3_estratto-per-sito-1.pdf\" target=\"_blank\" rel=\"noopener noreferrer\"><img loading=\"lazy\" decoding=\"async\" class=\"alignnone size-full wp-image-3562\" src=\"https:\/\/srmbologna.it\/wp-content\/uploads\/2019\/02\/pdf.png\" alt=\"\" width=\"30\" height=\"34\" \/>Estratto dell&#8217;Assemblea in cui l&#8217;Organo \u00e8 stato individuato<\/a><\/p>\n<p>&nbsp;<\/p>\n<p><strong>Comitato di Coordinamento<\/strong><\/p>\n<p>Il Comitato di Coordinamento \u00e8 stabilito dall\u2019art. 25 dello Statuto ed \u00e8 inteso quale sede di confronto, consultazione e controllo analogo congiunto tra gli enti soci in merito alle attivit\u00e0 della Societ\u00e0.<\/p>\n<p>Il Comitato di Coordinamento \u00e8 composto dai rappresentanti legali degli enti soci o loro delegati.<\/p>\n<p style=\"text-align: right;\">Data ultimo aggiornamento: 29.03.2019<\/p>\n<div class=\"pdfprnt-buttons pdfprnt-buttons-page pdfprnt-bottom-right\"><a href=\"https:\/\/srmbologna.it\/index.php?rest_route=%2Fwp%2Fv2%2Fpages%2F3632&print=pdf\" class=\"pdfprnt-button pdfprnt-button-pdf\" target=\"_blank\" ><img decoding=\"async\" src=\"https:\/\/www.srmbologna.it\/wp-content\/plugins\/pdf-print\/images\/pdf.png\" alt=\"image_pdf\" title=\"Visualizza PDF\" \/><\/a><a href=\"https:\/\/srmbologna.it\/index.php?rest_route=%2Fwp%2Fv2%2Fpages%2F3632&print=print\" class=\"pdfprnt-button pdfprnt-button-print\" target=\"_blank\" ><img decoding=\"async\" src=\"https:\/\/www.srmbologna.it\/wp-content\/plugins\/pdf-print\/images\/print.png\" alt=\"image_print\" title=\"Stampa contenuto\" \/><\/a><\/div>","protected":false},"excerpt":{"rendered":"<p>Art. 13, c. 1, lett. a), d.lgs. n. 33\/2013 Assemblea dei Soci L&#8217;organo di indirizzo politico viene individuato nell&#8217;Assemblea dei Soci. Non vengono pubblicati i relativi dati in quanto si tratta di Amministrazioni Pubbliche. Elenco dei Soci: &#8211; Comune di Bologna &#8211; 61,625% &#8211; Citt\u00e0 Metropolitana di Bologna &#8211; 38,375% &nbsp; Link a siti istituzionali [&hellip;]<\/p>\n","protected":false},"author":2,"featured_media":0,"parent":3511,"menu_order":6,"comment_status":"closed","ping_status":"closed","template":"","meta":{"_monsterinsights_skip_tracking":false,"_monsterinsights_sitenote_active":false,"_monsterinsights_sitenote_note":"","_monsterinsights_sitenote_category":0,"footnotes":""},"class_list":["post-3632","page","type-page","status-publish","czr-hentry"],"_links":{"self":[{"href":"https:\/\/srmbologna.it\/index.php?rest_route=\/wp\/v2\/pages\/3632","targetHints":{"allow":["GET"]}}],"collection":[{"href":"https:\/\/srmbologna.it\/index.php?rest_route=\/wp\/v2\/pages"}],"about":[{"href":"https:\/\/srmbologna.it\/index.php?rest_route=\/wp\/v2\/types\/page"}],"author":[{"embeddable":true,"href":"https:\/\/srmbologna.it\/index.php?rest_route=\/wp\/v2\/users\/2"}],"replies":[{"embeddable":true,"href":"https:\/\/srmbologna.it\/index.php?rest_route=%2Fwp%2Fv2%2Fcomments&post=3632"}],"version-history":[{"count":7,"href":"https:\/\/srmbologna.it\/index.php?rest_route=\/wp\/v2\/pages\/3632\/revisions"}],"predecessor-version":[{"id":5018,"href":"https:\/\/srmbologna.it\/index.php?rest_route=\/wp\/v2\/pages\/3632\/revisions\/5018"}],"up":[{"embeddable":true,"href":"https:\/\/srmbologna.it\/index.php?rest_route=\/wp\/v2\/pages\/3511"}],"wp:attachment":[{"href":"https:\/\/srmbologna.it\/index.php?rest_route=%2Fwp%2Fv2%2Fmedia&parent=3632"}],"curies":[{"name":"wp","href":"https:\/\/api.w.org\/{rel}","templated":true}]}}