{"id":3560,"date":"2019-02-07T16:57:10","date_gmt":"2019-02-07T15:57:10","guid":{"rendered":"http:\/\/www.srmbologna.it\/?page_id=3560"},"modified":"2025-09-04T15:44:11","modified_gmt":"2025-09-04T13:44:11","slug":"atti-amministrativi-generali","status":"publish","type":"page","link":"https:\/\/srmbologna.it\/?page_id=3560","title":{"rendered":"Atti amministrativi generali"},"content":{"rendered":"\r\n<p><em>Art. 12, c. 1, d.lgs. n. 33\/2013<\/em><\/p>\r\n\r\n\r\n\r\n<p style=\"text-align: left;\"><img loading=\"lazy\" decoding=\"async\" width=\"30\" height=\"34\" class=\"wp-image-3562\" style=\"width: 30px;\" src=\"https:\/\/srmbologna.it\/wp-content\/uploads\/2019\/02\/pdf.png\" alt=\"\" \/> <a href=\"https:\/\/srmbologna.it\/wp-content\/uploads\/2025\/09\/Statuto-2017.pdf\" target=\"_blank\" rel=\"noreferrer noopener\" aria-label=\"Regolamento per il conferimento degli incarichi professionali  (si apre in una nuova scheda)\">Statuto<\/a><\/p>\r\n\r\n\r\n\r\n<p><a href=\"https:\/\/srmbologna.it\/wp-content\/uploads\/2025\/09\/02379841204-VISUORD-20250903.pdf\" target=\"_blank\" rel=\"noopener\"><img loading=\"lazy\" decoding=\"async\" width=\"30\" height=\"34\" class=\"wp-image-3562\" style=\"width: 30px;\" src=\"https:\/\/srmbologna.it\/wp-content\/uploads\/2019\/02\/pdf.png\" alt=\"\" \/> Visura camerale<\/a><\/p>\r\n<p><a href=\"http:\/\/comune.bologna.it\/partecipazionisocietarie\/servizi\/129:22445\/7881\/\" target=\"_blank\" rel=\"noopener noreferrer\">Comune di Bologna &#8211; Societ\u00e0 Partecipate<\/a><\/p>\r\n<p><a href=\"https:\/\/www.cittametropolitana.bo.it\/portale\/Amministrazione_trasparente_indice\/Societa_partecipate\" target=\"_blank\" rel=\"noopener noreferrer\">Citt\u00e0 metropolitana di Bologna &#8211; Societ\u00e0 Partecipate<\/a><\/p>\r\n<p>&nbsp;<\/p>\r\n<p><strong>CONVENZIONI<\/strong><\/p>\r\n<p><a href=\"https:\/\/srmbologna.it\/wp-content\/uploads\/2019\/03\/Convenizione-attribuzione-di-funzioni-5.10.2015.pdf\" target=\"_blank\" rel=\"noopener noreferrer\"><img loading=\"lazy\" decoding=\"async\" width=\"30\" height=\"34\" class=\"wp-image-3562\" style=\"width: 30px;\" src=\"https:\/\/srmbologna.it\/wp-content\/uploads\/2019\/02\/pdf.png\" alt=\"\" \/> Convenzione tra soci per affidamento funzioni di cui all&#8217;art. 19 LR 30\/98 alla SRM (23.04.2014)<\/a><\/p>\r\n<p><a href=\"https:\/\/srmbologna.it\/wp-content\/uploads\/2021\/11\/Convenzione_monitoraggio_PUMS.pdf\" target=\"_blank\" rel=\"noopener\"><img loading=\"lazy\" decoding=\"async\" class=\"alignnone size-full wp-image-3562\" src=\"https:\/\/srmbologna.it\/wp-content\/uploads\/2019\/02\/pdf.png\" alt=\"\" width=\"30\" height=\"34\" \/> Convenzione tra la Citt\u00e0 metropolitana di Bologna e SRM &#8211; Reti e Mobilit\u00e0 Srl per lo svolgimento delle attivit\u00e0 legate al monitoraggio del PUMS della Citt\u00e0 metropolitana di Bologna (prot. SRM U440\/2021 del 29.06.2021)<\/a><\/p>\r\n<p><a href=\"https:\/\/srmbologna.it\/wp-content\/uploads\/2023\/05\/U22_461-Estensione-Convenzione-Cm-SRM-Monitoraggio-PUMS_COMPLETA-DI-FIRME.pdf\" target=\"_blank\" rel=\"noopener\"><img loading=\"lazy\" decoding=\"async\" class=\"alignnone size-full wp-image-3562\" src=\"https:\/\/srmbologna.it\/wp-content\/uploads\/2019\/02\/pdf.png\" alt=\"\" width=\"30\" height=\"34\" \/> Estensione Convenzione 2023-2024 tra la Citt\u00e0 metropolitana di Bologna e SRM &#8211; Reti e Mobilit\u00e0 Srl per lo svolgimento delle attivit\u00e0 legate al monitoraggio del PUMS della Citt\u00e0 metropolitana di Bologna (prot. SRM U461\/2022 del 30.08.2022)<\/a><\/p>\r\n<p><a href=\"https:\/\/www.srmbologna.it\/wp-content\/uploads\/2024\/06\/Convenzione-2024-SOSTA-SRM-COMUNE.pdf\" target=\"_blank\" rel=\"noopener\"><img loading=\"lazy\" decoding=\"async\" class=\"alignnone size-full wp-image-7442\" src=\"https:\/\/srmbologna.it\/wp-content\/uploads\/2023\/01\/pdf.png\" alt=\"\" width=\"30\" height=\"34\" \/> Convenzione tra il Comune di Bologna e la SRM avente per oggetto le attivit\u00e0 connesse all\u2019affidamento della gestione del piano sosta e dei servizi\/attivit\u00e0 complementari alla mobilit\u00e0 (prot. SRM \/1140\/2024 del 19.06.2024)<\/a><\/p>\r\n<p><a href=\"https:\/\/srmbologna.it\/wp-content\/uploads\/2025\/05\/fs5170710_Convenzione-COBO_SRM-vigilanza_controllo-P-1.pdf\" target=\"_blank\" rel=\"noopener\"><img loading=\"lazy\" decoding=\"async\" class=\"alignnone size-full wp-image-7442\" src=\"https:\/\/srmbologna.it\/wp-content\/uploads\/2023\/01\/pdf.png\" alt=\"\" width=\"30\" height=\"34\" \/> Convenzione tra il Comune di Bologna e la SRM avente per oggetto l&#8217;attribuzione delle funzioni ex art. 19 delle L.30\/98 all&#8217;Agenzia della Mobilit\u00e0 SRM Srl connesse alla Concessione di progettazione, costruzione e gestione di un\u2019infrastruttura di trasporto rapido di massa per il collegamento tipo \u201cPeople-Mover\u201d (prot. SRM U152\/2025 del 05.03.2025)<\/a><\/p>\r\n<p><a href=\"https:\/\/srmbologna.it\/wp-content\/uploads\/2025\/05\/2018_510_CASALECCHIO.pdf\" target=\"_blank\" rel=\"noopener\"><img loading=\"lazy\" decoding=\"async\" class=\"alignnone size-full wp-image-7442\" src=\"https:\/\/srmbologna.it\/wp-content\/uploads\/2023\/01\/pdf.png\" alt=\"\" width=\"30\" height=\"34\" \/> Convenzione avente ad oggetto l&#8217;affidamento delle funzioni di cui all&#8217;art. 28, comma 7, della LR 30\/98 relative alla sicurezza dei servizi di trasporto pubblico locale del Bacino di Bologna &#8211; Casalecchio di Reno (prot. SRM U510\/2018 del 27.09.2018)<\/a><\/p>\r\n<p><a href=\"https:\/\/srmbologna.it\/wp-content\/uploads\/2025\/05\/2018_527_SAN_GIORGIO_DI_PIANO.pdf\" target=\"_blank\" rel=\"noopener\"><img loading=\"lazy\" decoding=\"async\" class=\"alignnone size-full wp-image-7442\" src=\"https:\/\/srmbologna.it\/wp-content\/uploads\/2023\/01\/pdf.png\" alt=\"\" width=\"30\" height=\"34\" \/> Convenzione avente ad oggetto l&#8217;affidamento delle funzioni di cui all&#8217;art. 28, comma 7, della LR 30\/98 relative alla sicurezza dei servizi di trasporto pubblico locale del Bacino di Bologna &#8211; Comune di San Giorgio di Piano (prot. SRM U527\/2018 del 03.10.2018)<\/a><\/p>\r\n<p><a href=\"https:\/\/srmbologna.it\/wp-content\/uploads\/2025\/05\/2018_572_SAN_LAZZARO.pdf\" target=\"_blank\" rel=\"noopener\"><img loading=\"lazy\" decoding=\"async\" class=\"alignnone size-full wp-image-7442\" src=\"https:\/\/srmbologna.it\/wp-content\/uploads\/2023\/01\/pdf.png\" alt=\"\" width=\"30\" height=\"34\" \/> Convenzione avente ad oggetto l&#8217;affidamento delle funzioni di cui all&#8217;art. 28, comma 7, della LR 30\/98 relative alla sicurezza dei servizi di trasporto pubblico locale del Bacino di Bologna &#8211; Comune di San Lazzaro di Savena (prot. SRM U572\/2018 del 17.10.2018)<\/a><\/p>\r\n<p><a href=\"https:\/\/srmbologna.it\/wp-content\/uploads\/2025\/05\/2018_537_CASTEL_MAGGIORE.pdf\" target=\"_blank\" rel=\"noopener\"><img loading=\"lazy\" decoding=\"async\" class=\"alignnone size-full wp-image-7442\" src=\"https:\/\/srmbologna.it\/wp-content\/uploads\/2023\/01\/pdf.png\" alt=\"\" width=\"30\" height=\"34\" \/> Convenzione avente ad oggetto l&#8217;affidamento delle funzioni di cui all&#8217;art. 28, comma 7, della LR 30\/98 relative alla sicurezza dei servizi di trasporto pubblico locale del Bacino di Bologna &#8211; Comune di Castel Maggiore (prot. SRM U573\/2018 del 18.10.2018)<\/a><\/p>\r\n<p><a href=\"https:\/\/srmbologna.it\/wp-content\/uploads\/2025\/05\/2018_581_CASTEL_SAN_PIETRO.pdf\" target=\"_blank\" rel=\"noopener\"><img loading=\"lazy\" decoding=\"async\" class=\"alignnone size-full wp-image-7442\" src=\"https:\/\/srmbologna.it\/wp-content\/uploads\/2023\/01\/pdf.png\" alt=\"\" width=\"30\" height=\"34\" \/> Convenzione avente ad oggetto l&#8217;affidamento delle funzioni di cui all&#8217;art. 28, comma 7, della LR 30\/98 relative alla sicurezza dei servizi di trasporto pubblico locale del Bacino di Bologna &#8211; Comune di Castel San Pietro Terme (prot. SRM U581\/2018 del 22.10.2018)<\/a><\/p>\r\n<p><a href=\"https:\/\/srmbologna.it\/wp-content\/uploads\/2025\/05\/2018_615_LIZZANO_IN_BELVEDERE.pdf\" target=\"_blank\" rel=\"noopener\"><img loading=\"lazy\" decoding=\"async\" class=\"alignnone size-full wp-image-7442\" src=\"https:\/\/srmbologna.it\/wp-content\/uploads\/2023\/01\/pdf.png\" alt=\"\" width=\"30\" height=\"34\" \/> Convenzione avente ad oggetto l&#8217;affidamento delle funzioni di cui all&#8217;art. 28, comma 7, della LR 30\/98 relative alla sicurezza dei servizi di trasporto pubblico locale del Bacino di Bologna &#8211; Comune di Lizzano in Belvedere (prot. SRM U615\/2018 del 16.11.2018)<\/a><\/p>\r\n<p><a href=\"https:\/\/srmbologna.it\/wp-content\/uploads\/2025\/05\/2018_616_OZZANO_DELL_EMILIA.pdf\" target=\"_blank\" rel=\"noopener\"><img loading=\"lazy\" decoding=\"async\" class=\"alignnone size-full wp-image-7442\" src=\"https:\/\/srmbologna.it\/wp-content\/uploads\/2023\/01\/pdf.png\" alt=\"\" width=\"30\" height=\"34\" \/> Convenzione avente ad oggetto l&#8217;affidamento delle funzioni di cui all&#8217;art. 28, comma 7, della LR 30\/98 relative alla sicurezza dei servizi di trasporto pubblico locale del Bacino di Bologna &#8211; Comune di Ozzano dell&#8217;Emilia (prot. SRM U616\/2018 del 16.11.2018)<\/a><\/p>\r\n<p><a href=\"https:\/\/srmbologna.it\/wp-content\/uploads\/2025\/05\/2018_669_ALTO_RENO.pdf\" target=\"_blank\" rel=\"noopener\"><img loading=\"lazy\" decoding=\"async\" class=\"alignnone size-full wp-image-7442\" src=\"https:\/\/srmbologna.it\/wp-content\/uploads\/2023\/01\/pdf.png\" alt=\"\" width=\"30\" height=\"34\" \/> Convenzione avente ad oggetto l&#8217;affidamento delle funzioni di cui all&#8217;art. 28, comma 7, della LR 30\/98 relative alla sicurezza dei servizi di trasporto pubblico locale del Bacino di Bologna &#8211; Comune di Alto Reno Terme (prot. SRM U669\/2018 del 05.12.2018)<\/a><\/p>\r\n<p><a href=\"https:\/\/srmbologna.it\/wp-content\/uploads\/2025\/05\/2019_23_ZOLA_PREDOSA.pdf\" target=\"_blank\" rel=\"noopener\"><img loading=\"lazy\" decoding=\"async\" class=\"alignnone size-full wp-image-7442\" src=\"https:\/\/srmbologna.it\/wp-content\/uploads\/2023\/01\/pdf.png\" alt=\"\" width=\"30\" height=\"34\" \/> Convenzione avente ad oggetto l&#8217;affidamento delle funzioni di cui all&#8217;art. 28, comma 7, della LR 30\/98 relative alla sicurezza dei servizi di trasporto pubblico locale del Bacino di Bologna &#8211; Comune di Zola Predosa (prot. SRM U23\/2019 del 14.01.2019)<\/a><\/p>\r\n<p><a href=\"https:\/\/srmbologna.it\/wp-content\/uploads\/2025\/05\/2019_196_MONTES_SAN_PIETRO.pdf\" target=\"_blank\" rel=\"noopener\"><img loading=\"lazy\" decoding=\"async\" class=\"alignnone size-full wp-image-7442\" src=\"https:\/\/srmbologna.it\/wp-content\/uploads\/2023\/01\/pdf.png\" alt=\"\" width=\"30\" height=\"34\" \/> Convenzione avente ad oggetto l&#8217;affidamento delle funzioni di cui all&#8217;art. 28, comma 7, della LR 30\/98 relative alla sicurezza dei servizi di trasporto pubblico locale del Bacino di Bologna &#8211; Comune di Monte San Pietro (prot. SRM U196\/2019 del 25.03.2019)<\/a><\/p>\r\n<p>&nbsp;<\/p>\r\n<p><b>SISTEMA INTEGRATO ANTICORRUZIONE, TRASPARENZA E MOG231 (SIAT231)<\/b><\/p>\r\n<p><a href=\"https:\/\/srmbologna.it\/wp-content\/uploads\/2022\/04\/20220411_SIAT231- sezione MOG231.pdf\" target=\"_blank\" rel=\"noopener\"><img loading=\"lazy\" decoding=\"async\" class=\"alignnone size-full wp-image-3562\" src=\"https:\/\/srmbologna.it\/wp-content\/uploads\/2019\/02\/pdf.png\" alt=\"\" width=\"30\" height=\"34\" \/> SIAT231 &#8211; Sezione MOG231 (anno 2022)<\/a><\/p>\r\n<p><a href=\"https:\/\/www.srmbologna.it\/wp-content\/uploads\/2023\/03\/20230125-TAV-1-RISK-ANALYSIS-GENERALE-REATI-ESCLUSI-E-COMPRESI.xlsx\"><img loading=\"lazy\" decoding=\"async\" class=\"alignnone size-full wp-image-3563\" src=\"https:\/\/srmbologna.it\/wp-content\/uploads\/2019\/02\/xls.png\" alt=\"\" width=\"30\" height=\"34\" \/> TAV 1 RISK ANALYSIS GENERALE REATI ESCLUSI E COMPRESI (anno 2023)<\/a><\/p>\r\n<p><a href=\"https:\/\/www.srmbologna.it\/wp-content\/uploads\/2023\/03\/20230125-TAV-2-RISK-ANALYSIS-REATI-COMPRESI.xlsx\"><img loading=\"lazy\" decoding=\"async\" class=\"alignnone size-full wp-image-3563\" src=\"https:\/\/srmbologna.it\/wp-content\/uploads\/2019\/02\/xls.png\" alt=\"\" width=\"30\" height=\"34\" \/> TAV 2 RISK ANALYSIS REATI COMPRESI (anno 2023)<\/a><\/p>\r\n<p><a href=\"https:\/\/www.srmbologna.it\/wp-content\/uploads\/2023\/03\/20230125-TAV-3-RISK-ANALYSIS-REATI-DETTAGLIATO-COMPRESI-INCROCIO-CON-I-PROCESSI-AZIENDALIv2.xlsx\"><img loading=\"lazy\" decoding=\"async\" class=\"alignnone size-full wp-image-3563\" src=\"https:\/\/srmbologna.it\/wp-content\/uploads\/2019\/02\/xls.png\" alt=\"\" width=\"30\" height=\"34\" \/> TAV 3 RISK ANALYSIS REATI DETTAGLIATO COMPRESI INCROCIO CON I PROCESSI AZIENDALI (anno 2023)<\/a><\/p>\r\n<p><a href=\"https:\/\/www.srmbologna.it\/wp-content\/uploads\/2023\/03\/20230125-TAV-4-RISK-ANALYSIS-REATI-SINTETICI-INCROCIO-CON-I-PROCESSI-AZIENDALIv2.xlsx\"><img loading=\"lazy\" decoding=\"async\" class=\"alignnone size-full wp-image-3563\" src=\"https:\/\/srmbologna.it\/wp-content\/uploads\/2019\/02\/xls.png\" alt=\"\" width=\"30\" height=\"34\" \/> TAV 4 RISK ANALYSIS REATI SINTETICI INCROCIO CON I PROCESSI AZIENDALI (anno 2023)<\/a><\/p>\r\n<p><a href=\"https:\/\/www.srmbologna.it\/wp-content\/uploads\/2023\/03\/20230331-Allegato-1-MAPPATURA-2023.xlsx\"> <img loading=\"lazy\" decoding=\"async\" class=\"alignnone size-full wp-image-3563\" src=\"https:\/\/srmbologna.it\/wp-content\/uploads\/2019\/02\/xls.png\" alt=\"\" width=\"30\" height=\"34\" \/> Allegato 1 \u2013 Mappatura 2023<\/a><\/p>\r\n<p><a href=\"https:\/\/www.srmbologna.it\/wp-content\/uploads\/2024\/02\/Sistema-Disciplinare-e-Sanzionatorio-SRM_.pdf\" target=\"_blank\" rel=\"noopener\"><img loading=\"lazy\" decoding=\"async\" class=\"alignnone size-full wp-image-3562\" src=\"https:\/\/srmbologna.it\/wp-content\/uploads\/2019\/02\/pdf.png\" alt=\"\" width=\"30\" height=\"34\" \/> Sistema disciplinare e sanzionatorio (anno 2023)<\/a><\/p>\r\n<p><a style=\"color: #3b3b3b;\" href=\"https:\/\/www.srmbologna.it\/?page_id=3650\">Codice etico (anno 2023)<\/a><\/p>\r\n<p>&nbsp;<\/p>\r\n<p><strong>REGOLAMENTI A RILEVANZA ESTERNA ADOTTATI DALLA SRM <\/strong><\/p>\r\n<p><a href=\"https:\/\/srmbologna.it\/wp-content\/uploads\/2018\/10\/Regolamento-per-il-conferimento-degli-incarichi-professionali-def-16.10.2018.pdf\" target=\"_blank\" rel=\"noopener noreferrer\"><img loading=\"lazy\" decoding=\"async\" class=\"alignnone size-full wp-image-3562\" src=\"https:\/\/srmbologna.it\/wp-content\/uploads\/2019\/02\/pdf.png\" alt=\"\" width=\"30\" height=\"34\" \/> Regolamento per il conferimento degli incarichi professionali<\/a><\/p>\r\n<p><a href=\"https:\/\/www.srmbologna.it\/?page_id=3849\" rel=\"noopener\">Regolamento per il reclutamento del personale<\/a><\/p>\r\n<p><a href=\"https:\/\/srmbologna.it\/wp-content\/uploads\/2020\/06\/200630-Regolamento-in-materia-di-accesso-civico-generalizzato-e-documentale-SRM-_DEF.pdf\" target=\"_blank\" rel=\"noopener noreferrer\"><img loading=\"lazy\" decoding=\"async\" class=\"alignnone size-full wp-image-3562\" src=\"https:\/\/srmbologna.it\/wp-content\/uploads\/2019\/02\/pdf.png\" alt=\"\" width=\"30\" height=\"34\" \/> Regolamento disciplinante i procedimenti relativi all&#8217;accesso civico, all&#8217;accesso generalizzato e all&#8217;accesso documentale<\/a><\/p>\r\n<p><a href=\"https:\/\/www.srmbologna.it\/?page_id=4973\">Regolamento whistleblowing<\/a><\/p>\r\n<p>&nbsp;<\/p>\r\n<p><strong>SISTEMA ANTIRICICLAGGIO DELLA SRM<\/strong><\/p>\r\n<p><a href=\"https:\/\/srmbologna.it\/wp-content\/uploads\/2022\/12\/31-2022-Adozione-Sistema-Antiriciclaggio_web.pdf\" target=\"_blank\" rel=\"noopener\"><img loading=\"lazy\" decoding=\"async\" class=\"alignnone size-full wp-image-3562\" src=\"https:\/\/srmbologna.it\/wp-content\/uploads\/2019\/02\/pdf.png\" alt=\"\" width=\"30\" height=\"34\" \/> Adozione sistema antiriciclaggio della SRM Srl (Decisione 31\/2022)<\/a><\/p>\r\n<p><a href=\"https:\/\/www.srmbologna.it\/wp-content\/uploads\/2022\/12\/Check-list-ambito-1-autorizzazioni_web.docx\"><img loading=\"lazy\" decoding=\"async\" class=\"alignnone size-full wp-image-3561\" src=\"https:\/\/srmbologna.it\/wp-content\/uploads\/2019\/02\/doc.png\" alt=\"\" width=\"30\" height=\"34\" \/>\u00a0Check list ambito 1 autorizzazioni<\/a><\/p>\r\n<div><a href=\"https:\/\/www.srmbologna.it\/wp-content\/uploads\/2022\/12\/Check-list-ambiti-2-e-2bis-appalti-e-contratti-concessioni-esclusi_web.docx\"><img loading=\"lazy\" decoding=\"async\" class=\"alignnone size-full wp-image-3561\" src=\"https:\/\/srmbologna.it\/wp-content\/uploads\/2019\/02\/doc.png\" alt=\"\" width=\"30\" height=\"34\" \/>\u00a0Check list ambiti 2 e 2bis appalti e contratti-concessioni esclusi dal codice dei contratti pubblici<\/a><\/div>\r\n\r\n\r\n\r\n<p style=\"text-align: right;\">Data creazione: 07.02.2025 &#8211; Data ultimo aggiornamento:\u00a0 04.09.2025<\/p>\r\n<p style=\"text-align: right;\">Data monitoraggio RT: 04.09.2025<\/p>\r\n<div class=\"pdfprnt-buttons pdfprnt-buttons-page pdfprnt-bottom-right\"><a href=\"https:\/\/srmbologna.it\/index.php?rest_route=%2Fwp%2Fv2%2Fpages%2F3560&print=pdf\" class=\"pdfprnt-button pdfprnt-button-pdf\" target=\"_blank\" ><img decoding=\"async\" src=\"https:\/\/www.srmbologna.it\/wp-content\/plugins\/pdf-print\/images\/pdf.png\" alt=\"image_pdf\" title=\"Visualizza PDF\" \/><\/a><a href=\"https:\/\/srmbologna.it\/index.php?rest_route=%2Fwp%2Fv2%2Fpages%2F3560&print=print\" class=\"pdfprnt-button pdfprnt-button-print\" target=\"_blank\" ><img decoding=\"async\" src=\"https:\/\/www.srmbologna.it\/wp-content\/plugins\/pdf-print\/images\/print.png\" alt=\"image_print\" title=\"Stampa contenuto\" \/><\/a><\/div>","protected":false},"excerpt":{"rendered":"<p>Art. 12, c. 1, d.lgs. n. 33\/2013 Visura camerale Comune di Bologna &#8211; Societ\u00e0 Partecipate Citt\u00e0 metropolitana di Bologna &#8211; Societ\u00e0 Partecipate &nbsp; CONVENZIONI Convenzione tra soci per affidamento funzioni di cui all&#8217;art. 19 LR 30\/98 alla SRM (23.04.2014) Convenzione tra la Citt\u00e0 metropolitana di Bologna e SRM &#8211; Reti e Mobilit\u00e0 Srl per lo [&hellip;]<\/p>\n","protected":false},"author":2,"featured_media":0,"parent":3511,"menu_order":3,"comment_status":"closed","ping_status":"closed","template":"","meta":{"_monsterinsights_skip_tracking":false,"_monsterinsights_sitenote_active":false,"_monsterinsights_sitenote_note":"","_monsterinsights_sitenote_category":0,"footnotes":""},"class_list":["post-3560","page","type-page","status-publish","czr-hentry"],"_links":{"self":[{"href":"https:\/\/srmbologna.it\/index.php?rest_route=\/wp\/v2\/pages\/3560","targetHints":{"allow":["GET"]}}],"collection":[{"href":"https:\/\/srmbologna.it\/index.php?rest_route=\/wp\/v2\/pages"}],"about":[{"href":"https:\/\/srmbologna.it\/index.php?rest_route=\/wp\/v2\/types\/page"}],"author":[{"embeddable":true,"href":"https:\/\/srmbologna.it\/index.php?rest_route=\/wp\/v2\/users\/2"}],"replies":[{"embeddable":true,"href":"https:\/\/srmbologna.it\/index.php?rest_route=%2Fwp%2Fv2%2Fcomments&post=3560"}],"version-history":[{"count":70,"href":"https:\/\/srmbologna.it\/index.php?rest_route=\/wp\/v2\/pages\/3560\/revisions"}],"predecessor-version":[{"id":9990,"href":"https:\/\/srmbologna.it\/index.php?rest_route=\/wp\/v2\/pages\/3560\/revisions\/9990"}],"up":[{"embeddable":true,"href":"https:\/\/srmbologna.it\/index.php?rest_route=\/wp\/v2\/pages\/3511"}],"wp:attachment":[{"href":"https:\/\/srmbologna.it\/index.php?rest_route=%2Fwp%2Fv2%2Fmedia&parent=3560"}],"curies":[{"name":"wp","href":"https:\/\/api.w.org\/{rel}","templated":true}]}}