{"id":305,"date":"2014-08-21T14:56:31","date_gmt":"2014-08-21T12:56:31","guid":{"rendered":"http:\/\/www.srmbologna.it\/?page_id=305"},"modified":"2015-09-09T11:07:35","modified_gmt":"2015-09-09T09:07:35","slug":"flipper-2","status":"publish","type":"page","link":"https:\/\/srmbologna.it\/?page_id=305","title":{"rendered":"FLIPPER"},"content":{"rendered":"<p><img loading=\"lazy\" decoding=\"async\" class=\"size-full wp-image-306 alignleft\" style=\"margin: 5px;\" src=\"http:\/\/srmbologna.it\/wp-content\/uploads\/2014\/08\/EU_logo_flipper_basso.jpg\" alt=\"EU_logo_flipper_basso\" width=\"300\" height=\"82\" \/><span style=\"text-decoration: underline; color: #000000;\"><strong><a href=\"http:\/\/www.interreg4cflipper.eu\/\" target=\"_blank\"><span style=\"color: #000000; text-decoration: underline;\">http:\/\/www.interreg4cflipper.eu<\/span><\/a><\/strong><\/span><\/p>\n<p>In Europa la sfida a fornire un sistema integrato redditizio di trasporto pubblico \u00e8 vista come requisito preliminare essenziale a ridurre l&#8217;inquinamento e la congestione; aiuta inoltre \u00a0lo sviluppo sostenibile.<\/p>\n<p>I servizi di trasporto tradizionali, a percorso fisso, sono ideali per le zone ad elevata densit\u00e0 di popolazione ma il cambiamento nelle abitudini abitative e la natura delle attivit\u00e0 lavorative di oggi hanno prodotto nuove esigenze di mobilit\u00e0, che hanno reso, pin questi casi , l\u2019uso del trasporto cd convenzionale non adatto e antieconomico.<\/p>\n<p>Negli ultimi anni i Sistemi di Trasporto Flessibile (FTS) hanno fornito soluzioni vantaggiose, declinabili in varie forme e sempre complementari al trasporto pubblico convenzionale.<\/p>\n<p>Data la loro flessibilit\u00e0, i servizi flessibili si sono rivelati vincenti nel soddisfare richieste di nicchia o di particolari gruppi di utenti (diversamente abili e anziani, studenti, turisti, etc).<\/p>\n<p>La proposta FLIPPER ha come principale obiettivo lo sviluppo eco-sostenibile e competitivo cos\u00ec come la coesione sociale.<\/p>\n<p>Attraverso la raccolta di dati, lo scambio di esperienze, il trasferimento di buone pratiche e le azioni sinergiche tra aree urbane, rurali e piccole citt\u00e0 si propone di capitalizzare i risultati delle diverse sperimentazioni sul campo, realizzando una rete aperta di diffusione e trasferimento della conoscenza in materia di trasporti flessibili, che coinvolga diverse aree europee e i diversi attori del settore del trasporto pubblico (i pianificatori, le agenzie, gli operatori, etc) e le universit\u00e0.<\/p>\n<p>Il consorzio del progetto FLIPPER \u00e8 composto da 11 partner di 9 paesi.<\/p>\n<ol>\n<li>SRM \u2013 Reti e Mobilit\u00e0 Bologna &#8211;\u00a0Italia<\/li>\n<li>ATAF \u2013 Firenze &#8211;\u00a0Italia<\/li>\n<li>AUTh \u2013 Universit\u00e0 di Salonicco &#8211;\u00a0Grecia<\/li>\n<li>BOKU &#8211; University &#8211;\u00a0Austria<\/li>\n<li>Municipalit\u00e0 di Purbach &#8211;\u00a0Austria<\/li>\n<li>UNIABDN \u2013 Universit\u00e0 di Aberdeen &#8211;\u00a0UK<\/li>\n<li>Municipalit\u00e0 di Volos &#8211;\u00a0Grecia<\/li>\n<li>ATL- Livorno Public Transport Company &#8211;\u00a0Italia (Memex)<\/li>\n<li>S.F.M. Serveis Ferroviaris de Mallorca \u00a0&#8211;\u00a0Spain<\/li>\n<li>Municplait\u00e0 di Almada &#8211;\u00a0Portogallo<\/li>\n<li>RAL \u2013 Ring a Link &#8211;\u00a0Irlanda<\/li>\n<\/ol>\n<div class=\"pdfprnt-buttons pdfprnt-buttons-page pdfprnt-bottom-right\"><a href=\"https:\/\/srmbologna.it\/index.php?rest_route=%2Fwp%2Fv2%2Fpages%2F305&print=pdf\" class=\"pdfprnt-button pdfprnt-button-pdf\" target=\"_blank\" ><img decoding=\"async\" src=\"https:\/\/www.srmbologna.it\/wp-content\/plugins\/pdf-print\/images\/pdf.png\" alt=\"image_pdf\" title=\"Visualizza PDF\" \/><\/a><a href=\"https:\/\/srmbologna.it\/index.php?rest_route=%2Fwp%2Fv2%2Fpages%2F305&print=print\" class=\"pdfprnt-button pdfprnt-button-print\" target=\"_blank\" ><img decoding=\"async\" src=\"https:\/\/www.srmbologna.it\/wp-content\/plugins\/pdf-print\/images\/print.png\" alt=\"image_print\" title=\"Stampa contenuto\" \/><\/a><\/div>","protected":false},"excerpt":{"rendered":"<p>http:\/\/www.interreg4cflipper.eu In Europa la sfida a fornire un sistema integrato redditizio di trasporto pubblico \u00e8 vista come requisito preliminare essenziale a ridurre l&#8217;inquinamento e la congestione; aiuta inoltre \u00a0lo sviluppo sostenibile. I servizi di trasporto tradizionali, a percorso fisso, sono ideali per le zone ad elevata densit\u00e0 di popolazione ma il cambiamento nelle abitudini abitative [&hellip;]<\/p>\n","protected":false},"author":2,"featured_media":0,"parent":56,"menu_order":0,"comment_status":"closed","ping_status":"closed","template":"","meta":{"_monsterinsights_skip_tracking":false,"_monsterinsights_sitenote_active":false,"_monsterinsights_sitenote_note":"","_monsterinsights_sitenote_category":0,"footnotes":""},"class_list":["post-305","page","type-page","status-publish","czr-hentry"],"_links":{"self":[{"href":"https:\/\/srmbologna.it\/index.php?rest_route=\/wp\/v2\/pages\/305","targetHints":{"allow":["GET"]}}],"collection":[{"href":"https:\/\/srmbologna.it\/index.php?rest_route=\/wp\/v2\/pages"}],"about":[{"href":"https:\/\/srmbologna.it\/index.php?rest_route=\/wp\/v2\/types\/page"}],"author":[{"embeddable":true,"href":"https:\/\/srmbologna.it\/index.php?rest_route=\/wp\/v2\/users\/2"}],"replies":[{"embeddable":true,"href":"https:\/\/srmbologna.it\/index.php?rest_route=%2Fwp%2Fv2%2Fcomments&post=305"}],"version-history":[{"count":2,"href":"https:\/\/srmbologna.it\/index.php?rest_route=\/wp\/v2\/pages\/305\/revisions"}],"predecessor-version":[{"id":826,"href":"https:\/\/srmbologna.it\/index.php?rest_route=\/wp\/v2\/pages\/305\/revisions\/826"}],"up":[{"embeddable":true,"href":"https:\/\/srmbologna.it\/index.php?rest_route=\/wp\/v2\/pages\/56"}],"wp:attachment":[{"href":"https:\/\/srmbologna.it\/index.php?rest_route=%2Fwp%2Fv2%2Fmedia&parent=305"}],"curies":[{"name":"wp","href":"https:\/\/api.w.org\/{rel}","templated":true}]}}