{"id":2672,"date":"2018-06-18T16:05:14","date_gmt":"2018-06-18T14:05:14","guid":{"rendered":"http:\/\/www.srmbologna.it\/?page_id=2672"},"modified":"2023-05-10T15:36:10","modified_gmt":"2023-05-10T13:36:10","slug":"ncc-bus-2","status":"publish","type":"page","link":"https:\/\/srmbologna.it\/?page_id=2672","title":{"rendered":"NCC Bus"},"content":{"rendered":"<table style=\"height: 31px;\" border=\"0\" width=\"725\" cellspacing=\"0\" cellpadding=\"0\">\n<tbody>\n<tr>\n<td style=\"width: 348px; text-align: center;\">\n<h3><img loading=\"lazy\" decoding=\"async\" class=\"alignnone wp-image-2739\" src=\"https:\/\/srmbologna.it\/wp-content\/uploads\/2018\/06\/cliccaqui2.png\" alt=\"\" width=\"28\" height=\"30\" \/>\u00a0<a href=\"https:\/\/srmbologna.it\/?page_id=2717\">Domanda di NUOVA AUTORIZZAZIONE <\/a><\/h3>\n<p>&nbsp;<\/td>\n<td style=\"width: 361px; text-align: center;\">\n<h3><img loading=\"lazy\" decoding=\"async\" class=\"alignnone wp-image-2739\" src=\"https:\/\/srmbologna.it\/wp-content\/uploads\/2018\/06\/cliccaqui2.png\" alt=\"\" width=\"28\" height=\"30\" \/>\u00a0<a href=\"https:\/\/srmbologna.it\/?page_id=2721\">Domanda di RINNOVO dell&#8217;autorizzazione\u00a0<\/a><\/h3>\n<p>&nbsp;<\/td>\n<\/tr>\n<tr>\n<td style=\"width: 348px; text-align: center;\">\n<h3><\/h3>\n<h3><img loading=\"lazy\" decoding=\"async\" class=\"alignnone wp-image-2739\" src=\"https:\/\/srmbologna.it\/wp-content\/uploads\/2018\/06\/cliccaqui2.png\" alt=\"\" width=\"28\" height=\"30\" \/>\u00a0<a href=\"https:\/\/srmbologna.it\/?page_id=2724\">Domanda di AGGIORNAMENTO DELL&#8217;AUTORIZZAZIONE<\/a><\/h3>\n<\/td>\n<td style=\"width: 361px; text-align: center;\">\n<h3><\/h3>\n<h3><img loading=\"lazy\" decoding=\"async\" class=\"alignnone wp-image-2739\" src=\"https:\/\/srmbologna.it\/wp-content\/uploads\/2018\/06\/cliccaqui2.png\" alt=\"\" width=\"28\" height=\"30\" \/>\u00a0<a href=\"https:\/\/srmbologna.it\/?page_id=2728\">Dichiarazione di imprese autorizzate in altra regione<\/a><\/h3>\n<\/td>\n<\/tr>\n<\/tbody>\n<\/table>\n<p>La Regione Emilia-Romagna, con la LR 29 del 21-12-2007 di modifica della LR 30\/98, e con il Regolamento n\u00b0 3 del 28-12-2009 ha disciplinato i vari profili caratteristici dei servizi di NCC bus e attribuito alle Province, anche tramite le Agenzie per la Mobilit\u00e0, le funzioni relative al rilascio delle nuove autorizzazioni e alla tenuta del registro provinciale delle imprese ad essa demandate dalla Legge 218 del 11 agosto 2003 di disciplina delle attivit\u00e0 di trasporto viaggiatori mediante noleggio autobus con conducente.<\/p>\n<p>L\u2019Agenzia SRM \u2013 Reti e Mobilit\u00e0 \u00e8 subentrata alla Provincia di Bologna, ora Citt\u00e0 metropolitana di Bologna, nello svolgimento delle funzioni relative ai servizi di NCC-bus in seguito all\u2019approvazione <strong>del Regolamento regionale n. 3 del 28 dicembre 2009 per l\u2019esercizio dell\u2019attivit\u00e0 di noleggio di autobus con conducente (art. 26 quater lettera D della LR. 30\/98)<\/strong>, secondo le previsioni del \u201cSecondo Accordo attuativo per l\u2019assunzione da parte della SRM \u2013 Reti e Mobilit\u00e0 delle funzioni di cui alla Convenzione sottoscritta dalla Provincia di Bologna, dai Comuni di Bologna e di Imola e dalla SRM in data 16\/12\/2003 e alla Convenzione sottoscritta tra le parti (approvata con Delibera del Consiglio provinciale del 17.03.2014 n. 17 &#8211; IP 6672\/2013).<\/p>\n<p>Con il nuovo Regolamento regionale n.2 del 30.10.2015, di cui al Decreto del Presidente della Giunta regionale n. 199 del 29.10.2015, si \u00e8 modificato il Regolamento regionale n. 3 del 28 dicembre 2009<\/p>\n<h4><a href=\"https:\/\/srmbologna.it\/wp-content\/uploads\/2015\/12\/RR_2009_3_v3.pdf\" target=\"_blank\" rel=\"noopener\"><img loading=\"lazy\" decoding=\"async\" class=\"alignnone size-full wp-image-354\" src=\"https:\/\/srmbologna.it\/wp-content\/uploads\/2014\/10\/icona-pdf.gif\" alt=\"icona-pdf\" width=\"41\" height=\"41\" \/>Regolamento Regionale NCC-bus.<u> (Testo coordinato con le modifiche apportate da:\u00a0<\/u><u>R.R. 30 ottobre 2015 n. 2)<\/u><\/a><\/h4>\n<p>La SRM provveder\u00e0 al rilascio del titolo legale di autorizzazione per l\u2019accesso al mercato dell\u2019attivit\u00e0 di noleggio di autobus con conducente (necessario all\u2019immatricolazione dei veicoli ai sensi degli articoli 93 e 94 del Codice della strada) previa presentazione di apposita domanda alle imprese iscritte al <strong>REN \u2013 Registro Elettronico Nazionale delle imprese<\/strong> che sono autorizzate all\u2019esercizio della professione di trasportatore di persone su strada.<\/p>\n<p>L\u2019iscrizione dell\u2019impresa nel (REN), e la relativa autorizzazione per l\u2019esercizio della professione di trasportatore su strada di persone viene rilasciata dall\u2019Ufficio provinciale della Direzione Generale MCTC della Provincia in cui ha sede legale l\u2019impresa da autorizzare, previo accertamento della sussistenza in capo ad essa dei requisiti previsti dal Regolamento CE n. 1071\/2009, dimostrati nelle modalit\u00e0 declinate nella circolare 2\/11 della Direzione generale per il trasporto stradale.<\/p>\n<p>La SRM ha redatto un documento riportante i \u201cCriteri e modalit\u00e0 operative per lo svolgimento delle funzioni in materia di noleggio di autobus con conducente (NCC-bus) nella Citt\u00e0 Metropolitana di Bologna\u201d che la Citt\u00e0 Metropolitana di Bologna ha approvato nel suo ultimo aggiornamento con Determina Dirigenziale n. 254 del 2018 PG. 16179 \u00a0\u2013 IP\/ANNO 654\/2018 del 21.03.2018 del Servizio Trasporto Pubblico della Citt\u00e0 Metropolitana.<\/p>\n<h4><a href=\"https:\/\/srmbologna.it\/wp-content\/uploads\/2018\/06\/criteri-.pdf\" target=\"_blank\" rel=\"noopener\"><u><img loading=\"lazy\" decoding=\"async\" class=\"alignnone size-full wp-image-354\" src=\"https:\/\/srmbologna.it\/wp-content\/uploads\/2014\/10\/icona-pdf.gif\" alt=\"icona-pdf\" width=\"41\" height=\"41\" \/>\u00a0CRITERI E MODALITA\u2019 OPERATIVE (nella Citt\u00e0 Metropolitana di Bologna)<\/u><\/a><\/h4>\n<p>&nbsp;<\/p>\n<hr \/>\n<p>&nbsp;<\/p>\n<p>Per ogni informazione inerente l\u2019esercizio dell\u2019attivit\u00e0 di NCC-bus, in particolare per il procedimento di rilascio delle autorizzazioni rivolgersi al seguente nr. telefonico: 051.361328 \u2013 int. 19 (ing. Giuseppe. Meleleo), fax 051.361260, e-mail: giuseppe.meleleo[@]srmbologna.it, via A. Calzoni n. 1\/3 \u2013 40128 Bologna.<\/p>\n<p>&nbsp;<\/p>\n<p>UNICAMENTE per le attivit\u00e0 correlate ai servizi NCC-bus \u00e8 possibile effettuare il pagamento anche tramite PagoPA<strong><span style=\"color: #ffffff;\"><a style=\"color: #ffffff;\" href=\"https:\/\/pagamento.lepida.it\/crea-bollettino-pagopa\"><span style=\"margin: 10px; padding: 10px; background: #0062cc;\">ACCEDI a PAGOPA<\/span><\/a><\/span><\/strong><\/p>\n<div class=\"pdfprnt-buttons pdfprnt-buttons-page pdfprnt-bottom-right\"><a href=\"https:\/\/srmbologna.it\/index.php?rest_route=%2Fwp%2Fv2%2Fpages%2F2672&print=pdf\" class=\"pdfprnt-button pdfprnt-button-pdf\" target=\"_blank\" ><img decoding=\"async\" src=\"https:\/\/www.srmbologna.it\/wp-content\/plugins\/pdf-print\/images\/pdf.png\" alt=\"image_pdf\" title=\"Visualizza PDF\" \/><\/a><a href=\"https:\/\/srmbologna.it\/index.php?rest_route=%2Fwp%2Fv2%2Fpages%2F2672&print=print\" class=\"pdfprnt-button pdfprnt-button-print\" target=\"_blank\" ><img decoding=\"async\" src=\"https:\/\/www.srmbologna.it\/wp-content\/plugins\/pdf-print\/images\/print.png\" alt=\"image_print\" title=\"Stampa contenuto\" \/><\/a><\/div>","protected":false},"excerpt":{"rendered":"<p>\u00a0Domanda di NUOVA AUTORIZZAZIONE &nbsp; \u00a0Domanda di RINNOVO dell&#8217;autorizzazione\u00a0 &nbsp; \u00a0Domanda di AGGIORNAMENTO DELL&#8217;AUTORIZZAZIONE \u00a0Dichiarazione di imprese autorizzate in altra regione La Regione Emilia-Romagna, con la LR 29 del 21-12-2007 di modifica della LR 30\/98, e con il Regolamento n\u00b0 3 del 28-12-2009 ha disciplinato i vari profili caratteristici dei servizi di NCC bus e [&hellip;]<\/p>\n","protected":false},"author":2,"featured_media":0,"parent":0,"menu_order":3,"comment_status":"closed","ping_status":"closed","template":"","meta":{"_monsterinsights_skip_tracking":false,"_monsterinsights_sitenote_active":false,"_monsterinsights_sitenote_note":"","_monsterinsights_sitenote_category":0,"footnotes":""},"class_list":["post-2672","page","type-page","status-publish","czr-hentry"],"_links":{"self":[{"href":"https:\/\/srmbologna.it\/index.php?rest_route=\/wp\/v2\/pages\/2672","targetHints":{"allow":["GET"]}}],"collection":[{"href":"https:\/\/srmbologna.it\/index.php?rest_route=\/wp\/v2\/pages"}],"about":[{"href":"https:\/\/srmbologna.it\/index.php?rest_route=\/wp\/v2\/types\/page"}],"author":[{"embeddable":true,"href":"https:\/\/srmbologna.it\/index.php?rest_route=\/wp\/v2\/users\/2"}],"replies":[{"embeddable":true,"href":"https:\/\/srmbologna.it\/index.php?rest_route=%2Fwp%2Fv2%2Fcomments&post=2672"}],"version-history":[{"count":42,"href":"https:\/\/srmbologna.it\/index.php?rest_route=\/wp\/v2\/pages\/2672\/revisions"}],"predecessor-version":[{"id":7672,"href":"https:\/\/srmbologna.it\/index.php?rest_route=\/wp\/v2\/pages\/2672\/revisions\/7672"}],"wp:attachment":[{"href":"https:\/\/srmbologna.it\/index.php?rest_route=%2Fwp%2Fv2%2Fmedia&parent=2672"}],"curies":[{"name":"wp","href":"https:\/\/api.w.org\/{rel}","templated":true}]}}