{"id":24,"date":"2013-12-07T00:37:10","date_gmt":"2013-12-06T23:37:10","guid":{"rendered":"http:\/\/www.srmbologna.it\/?page_id=24"},"modified":"2023-07-03T09:29:20","modified_gmt":"2023-07-03T07:29:20","slug":"lagenzia","status":"publish","type":"page","link":"https:\/\/srmbologna.it\/?page_id=24","title":{"rendered":"L&#8217;Agenzia"},"content":{"rendered":"<p><a href=\"http:\/\/srmbologna.it\/?page_id=9\"><img loading=\"lazy\" decoding=\"async\" class=\"alignnone wp-image-489\" src=\"http:\/\/srmbologna.it\/wp-content\/uploads\/2013\/12\/pagina_mission.png\" alt=\"pagina_mission\" width=\"140\" height=\"150\" \/><\/a><a href=\"http:\/\/srmbologna.it\/?page_id=38\"><img loading=\"lazy\" decoding=\"async\" class=\"alignnone wp-image-492\" src=\"http:\/\/srmbologna.it\/wp-content\/uploads\/2013\/12\/pagina_staff.png\" alt=\"pagina_staff\" width=\"140\" height=\"150\" \/><\/a><a href=\"http:\/\/srmbologna.it\/?page_id=21\"><img loading=\"lazy\" decoding=\"async\" class=\"alignnone wp-image-502\" src=\"http:\/\/srmbologna.it\/wp-content\/uploads\/2013\/12\/pagina_contatti.png\" alt=\"pagina_contatti\" width=\"140\" height=\"150\" \/><\/a><a href=\"http:\/\/srmbologna.it\/?page_id=495\"><img loading=\"lazy\" decoding=\"async\" class=\"alignnone wp-image-494\" src=\"http:\/\/srmbologna.it\/wp-content\/uploads\/2013\/12\/pagina_beniimmobili.png\" alt=\"pagina_beniimmobili\" width=\"140\" height=\"150\" \/><\/a><a href=\"https:\/\/srmbologna.it\/?page_id=3511\"><img loading=\"lazy\" decoding=\"async\" class=\"alignnone size-full wp-image-5356\" src=\"https:\/\/srmbologna.it\/wp-content\/uploads\/2020\/05\/soctrasp.png\" alt=\"\" width=\"146\" height=\"156\" \/><\/a><\/p>\n<p>La SRM &#8211; Societ\u00e0 Reti e Mobilit\u00e0 S.r.l. \u00e8 l&#8217;Agenzia per la mobilit\u00e0 ed il trasporto pubblico locale del Comune di Bologna e della Citt\u00e0 metropolitana di Bologna, secondo quanto disposto dall&#8217;art. 19 della LR Emilia Romagna 2.10.98, n. 30.<br \/>\nLa societ\u00e0 \u00e8 stata costituita il 4 agosto 2003 mediante scissione dell&#8217;ATC SpA, azienda di trasporto pubblico di Bologna, per conferimento di tutte le reti, gli impianti e le dotazioni patrimoniali.<\/p>\n<p>La sede sociale si trova in via A. Calzoni 1\/3 a Bologna.<\/p>\n<p>Compito dell&#8217;Agenzia, secondo la LR 30\/98, \u00e8 l'&#8221;attuazione delle decisioni degli enti locali e delle previsioni dei loro strumenti di programmazione di settore&#8221;.<\/p>\n<p>La societ\u00e0 \u00e8 stata costituita per svolgere le seguenti attivit\u00e0:<\/p>\n<p style=\"padding-left: 30px;\">a) gestione e sviluppo del patrimonio mobiliare, immobiliare e infrastrutturale di propriet\u00e0, funzionale all&#8217;esercizio del trasporto pubblico locale, in ogni forma e con ogni mezzo idoneo;<\/p>\n<p style=\"padding-left: 30px;\">b) pianificazione e reperimento delle risorse finanziarie per investimenti infrastrutturali.<\/p>\n<p>Inoltre, previa convenzione con gli enti locali, svolge le seguenti attivit\u00e0:<\/p>\n<p style=\"padding-left: 30px;\">(a.2) la progettazione, organizzazione e promozione dei servizi pubblici di trasporto integrati tra loro e con la mobilit\u00e0 privata;<br \/>\n(b.2) la progettazione e organizzazione dei servizi complementari per la mobilit\u00e0, con particolare riguardo alla sosta, ai parcheggi, all&#8217;accesso ai centri urbani, ai relativi sistemi e tecnologie di informazioni e controllo;<br \/>\n(c.2) la gestione delle procedure concorsuali per l\u2019affidamento dei servizi di trasporto pubblico locale, dall&#8217;individuazione e predisposizione del capitolato, dell\u2019avviso di gara, dello schema di contratto di servizio e della procedura di gara fino alla nomina della commissione giudicatrice e alla stipulazione del contratto di servizio;<br \/>\n(d.2) il controllo dell\u2019attuazione dei contratti di servizio relativi al trasporto pubblico locale;<br \/>\n(e.2) la promozione di iniziative per ampliare la diffusione e valorizzazione del trasporto pubblico nonch\u00e9 lo svolgimento di attivit\u00e0 di informazione e marketing nei confronti dell&#8217;utenza;<br \/>\n(f.2) lo svolgimento di funzioni in materia di autoservizi di noleggio di autobus con conducente e in particolare la gestione delle sezioni del Registro Regionale delle imprese esercenti tali attivit\u00e0 di trasporto e il rilascio delle autorizzazioni per l&#8217;esercizio delle stesse attivit\u00e0, come definiti dalla L. 11 agosto 2003, n. 218 e successivi provvedimenti regionali e provinciali;<br \/>\n(g2) ogni altra attivit\u00e0 inerente il servizio di trasporto pubblico locale con esclusione della programmazione e gestione dei servizi autofilotranviari e della gestione diretta di sosta e parcheggi.<\/p>\n<p>Dal 2007, il Comune e la Provincia di Bologna (ora Citt\u00e0 metropolitana di Bologna), insieme col Comune di Imola, hanno stabilito di dare progressiva attuazione alla convenzione di affidamento delle funzioni, affidando alla SRM:<\/p>\n<ul>\n<li>la funzione di affidante i servizi e di firmatario dei relativi contratti di servizio, nonch\u00e9 la revisione dei contratti di servizio vigenti;<\/li>\n<li>i compiti di progettazione, organizzazione e promozione dei servizi pubblici di trasporto, secondo proposte da sottoporre agli enti locali;<\/li>\n<li>le funzioni autorizzative correlate allo svolgimento dei servizi di TPL e alle relative variazioni, riguardanti in particolare le modifiche dei servizi e le attestazioni di sicurezza di percorsi e fermate;<\/li>\n<li>l&#8217;incarico di costituzione del Comitato Consultivo degli Utenti, di cui all&#8217;art. 17, comma 1 bis, della LR 30\/98;<\/li>\n<li>lo svolgimento di funzioni di competenza della Citt\u00e0 metropolitana relative ai servizi di noleggio autobus con conducente (NCC bus).<\/li>\n<\/ul>\n<p>&nbsp;<\/p>\n<div class=\"pdfprnt-buttons pdfprnt-buttons-page pdfprnt-bottom-right\"><a href=\"https:\/\/srmbologna.it\/index.php?rest_route=%2Fwp%2Fv2%2Fpages%2F24&print=pdf\" class=\"pdfprnt-button pdfprnt-button-pdf\" target=\"_blank\" ><img decoding=\"async\" src=\"https:\/\/www.srmbologna.it\/wp-content\/plugins\/pdf-print\/images\/pdf.png\" alt=\"image_pdf\" title=\"Visualizza PDF\" \/><\/a><a href=\"https:\/\/srmbologna.it\/index.php?rest_route=%2Fwp%2Fv2%2Fpages%2F24&print=print\" class=\"pdfprnt-button pdfprnt-button-print\" target=\"_blank\" ><img decoding=\"async\" src=\"https:\/\/www.srmbologna.it\/wp-content\/plugins\/pdf-print\/images\/print.png\" alt=\"image_print\" title=\"Stampa contenuto\" \/><\/a><\/div>","protected":false},"excerpt":{"rendered":"<p>La SRM &#8211; Societ\u00e0 Reti e Mobilit\u00e0 S.r.l. \u00e8 l&#8217;Agenzia per la mobilit\u00e0 ed il trasporto pubblico locale del Comune di Bologna e della Citt\u00e0 metropolitana di Bologna, secondo quanto disposto dall&#8217;art. 19 della LR Emilia Romagna 2.10.98, n. 30. La societ\u00e0 \u00e8 stata costituita il 4 agosto 2003 mediante scissione dell&#8217;ATC SpA, azienda di [&hellip;]<\/p>\n","protected":false},"author":2,"featured_media":591,"parent":0,"menu_order":1,"comment_status":"closed","ping_status":"closed","template":"custom-page.php","meta":{"_monsterinsights_skip_tracking":false,"_monsterinsights_sitenote_active":false,"_monsterinsights_sitenote_note":"","_monsterinsights_sitenote_category":0,"footnotes":""},"class_list":["post-24","page","type-page","status-publish","has-post-thumbnail","czr-hentry"],"_links":{"self":[{"href":"https:\/\/srmbologna.it\/index.php?rest_route=\/wp\/v2\/pages\/24","targetHints":{"allow":["GET"]}}],"collection":[{"href":"https:\/\/srmbologna.it\/index.php?rest_route=\/wp\/v2\/pages"}],"about":[{"href":"https:\/\/srmbologna.it\/index.php?rest_route=\/wp\/v2\/types\/page"}],"author":[{"embeddable":true,"href":"https:\/\/srmbologna.it\/index.php?rest_route=\/wp\/v2\/users\/2"}],"replies":[{"embeddable":true,"href":"https:\/\/srmbologna.it\/index.php?rest_route=%2Fwp%2Fv2%2Fcomments&post=24"}],"version-history":[{"count":38,"href":"https:\/\/srmbologna.it\/index.php?rest_route=\/wp\/v2\/pages\/24\/revisions"}],"predecessor-version":[{"id":7917,"href":"https:\/\/srmbologna.it\/index.php?rest_route=\/wp\/v2\/pages\/24\/revisions\/7917"}],"wp:featuredmedia":[{"embeddable":true,"href":"https:\/\/srmbologna.it\/index.php?rest_route=\/wp\/v2\/media\/591"}],"wp:attachment":[{"href":"https:\/\/srmbologna.it\/index.php?rest_route=%2Fwp%2Fv2%2Fmedia&parent=24"}],"curies":[{"name":"wp","href":"https:\/\/api.w.org\/{rel}","templated":true}]}}