{"id":131,"date":"2013-12-09T09:57:05","date_gmt":"2013-12-09T08:57:05","guid":{"rendered":"http:\/\/www.srmbologna.it\/?page_id=131"},"modified":"2015-09-09T11:06:57","modified_gmt":"2015-09-09T09:06:57","slug":"simpli-city-2","status":"publish","type":"page","link":"https:\/\/srmbologna.it\/?page_id=131","title":{"rendered":"SIMPLI-CITY"},"content":{"rendered":"<p><a href=\"https:\/\/srmbologna.it\/wp-content\/uploads\/2013\/12\/EU_logo_simplicity.jpg\"><img loading=\"lazy\" decoding=\"async\" class=\" size-full wp-image-702 alignleft\" src=\"https:\/\/srmbologna.it\/wp-content\/uploads\/2013\/12\/EU_logo_simplicity.jpg\" alt=\"EU_logo_simplicity\" width=\"300\" height=\"150\" \/><\/a><strong><a href=\"http:\/\/simpli-city.eu\/\" target=\"_blank\">http:\/\/simpli-city.eu\/<\/a><\/strong><\/p>\n<p>Il progetto SIMPLI-CITY \u00e8 finanziato dall&#8217;Unione Europea nell&#8217;ambito del 7\u00b0 Programma Quadro per la ricerca e lo sviluppo tecnologico (ICT-2011.6.7).<br \/>\nAl fine di promuovere un pi\u00f9 ampio utilizzo di nuovi servizi e applicazioni mobili per gli utenti della strada, il progetto SIMPLI-CITY mira a fornire un quadro olistico che struttura e integra servizi potenziali in grado di elaborare dati provenienti da diverse fonti ed elaborarli sotto forma di informazione agli utenti della strada. SIMPLI-CITY mira a raggiungere due principali risultati di ricerca e sviluppo tecnologico:<br \/>\n1. Una piattaforma a livello europeo di servizi di nuova generazione che permette la progettazione di servizi relativi alla mobilit\u00e0, nonch\u00e9 la creazione di applicazioni mobili correlate al tema della mobilit\u00e0. Ci\u00f2 consente agli sviluppatori, anche terzi, di generare una vasta gamma di servizi e applicazioni dal notevole valore aggiunto per i guidatori e per gli altri utenti della strada.<br \/>\n2. Un assistente personale di mobilit\u00e0 che consenta agli utenti della strada di impiegare informazioni fornite dalle applicazioni e interagire con loro in modo semplice e senza distrazioni in quanto basato su un approccio di riconoscimento vocale.Il progetto ha un budget complessivo di circa 5 milioni di euro e una durata di 36 mesi da ottobre 2012 a settembre 2015. Il consorzio \u00e8 costituito dai seguenti partner:<\/p>\n<ul>\n<li>Vienna University of Technology, Austria (Lead Partner);<\/li>\n<li>Ascora GmbH, Germania;TIE Nederlands B.V., Paesi Bassi;<\/li>\n<li>Technische Universitaet Darmstadt, Germania;<\/li>\n<li>IBM Ireland Limited, Irlanda;<\/li>\n<li>Forschungsgesellschaft Mobilit\u00e4t &#8211; Austrian Mobility Research, Austria;<\/li>\n<li>Talkamatic AB, Svezia;<\/li>\n<li>WORLDLINE, Spagna;<\/li>\n<li>Centro Ricerche Fiat, Italia;<\/li>\n<li>SRM &#8211; Reti e Mobilit\u00e0, Italia.<\/li>\n<\/ul>\n<p>Durata: 01\/10\/12 \u2013 30\/09\/15<br \/>\nIl costo complessivo del progetto \u00e8 pari a circa \u20ac 4.908.000, finanziati per \u20ac 3.592.000.<br \/>\nSRM ha previsto attivit\u00e0 per circa \u20ac 178.000 finanziati al 53%.<\/p>\n<div class=\"pdfprnt-buttons pdfprnt-buttons-page pdfprnt-bottom-right\"><a href=\"https:\/\/srmbologna.it\/index.php?rest_route=%2Fwp%2Fv2%2Fpages%2F131&print=pdf\" class=\"pdfprnt-button pdfprnt-button-pdf\" target=\"_blank\" ><img decoding=\"async\" src=\"https:\/\/www.srmbologna.it\/wp-content\/plugins\/pdf-print\/images\/pdf.png\" alt=\"image_pdf\" title=\"Visualizza PDF\" \/><\/a><a href=\"https:\/\/srmbologna.it\/index.php?rest_route=%2Fwp%2Fv2%2Fpages%2F131&print=print\" class=\"pdfprnt-button pdfprnt-button-print\" target=\"_blank\" ><img decoding=\"async\" src=\"https:\/\/www.srmbologna.it\/wp-content\/plugins\/pdf-print\/images\/print.png\" alt=\"image_print\" title=\"Stampa contenuto\" \/><\/a><\/div>","protected":false},"excerpt":{"rendered":"<p>http:\/\/simpli-city.eu\/ Il progetto SIMPLI-CITY \u00e8 finanziato dall&#8217;Unione Europea nell&#8217;ambito del 7\u00b0 Programma Quadro per la ricerca e lo sviluppo tecnologico (ICT-2011.6.7). Al fine di promuovere un pi\u00f9 ampio utilizzo di nuovi servizi e applicazioni mobili per gli utenti della strada, il progetto SIMPLI-CITY mira a fornire un quadro olistico che struttura e integra servizi potenziali [&hellip;]<\/p>\n","protected":false},"author":2,"featured_media":0,"parent":56,"menu_order":2,"comment_status":"closed","ping_status":"closed","template":"","meta":{"_monsterinsights_skip_tracking":false,"_monsterinsights_sitenote_active":false,"_monsterinsights_sitenote_note":"","_monsterinsights_sitenote_category":0,"footnotes":""},"class_list":["post-131","page","type-page","status-publish","czr-hentry"],"_links":{"self":[{"href":"https:\/\/srmbologna.it\/index.php?rest_route=\/wp\/v2\/pages\/131","targetHints":{"allow":["GET"]}}],"collection":[{"href":"https:\/\/srmbologna.it\/index.php?rest_route=\/wp\/v2\/pages"}],"about":[{"href":"https:\/\/srmbologna.it\/index.php?rest_route=\/wp\/v2\/types\/page"}],"author":[{"embeddable":true,"href":"https:\/\/srmbologna.it\/index.php?rest_route=\/wp\/v2\/users\/2"}],"replies":[{"embeddable":true,"href":"https:\/\/srmbologna.it\/index.php?rest_route=%2Fwp%2Fv2%2Fcomments&post=131"}],"version-history":[{"count":9,"href":"https:\/\/srmbologna.it\/index.php?rest_route=\/wp\/v2\/pages\/131\/revisions"}],"predecessor-version":[{"id":811,"href":"https:\/\/srmbologna.it\/index.php?rest_route=\/wp\/v2\/pages\/131\/revisions\/811"}],"up":[{"embeddable":true,"href":"https:\/\/srmbologna.it\/index.php?rest_route=\/wp\/v2\/pages\/56"}],"wp:attachment":[{"href":"https:\/\/srmbologna.it\/index.php?rest_route=%2Fwp%2Fv2%2Fmedia&parent=131"}],"curies":[{"name":"wp","href":"https:\/\/api.w.org\/{rel}","templated":true}]}}